{"id":277,"date":"2022-04-25T14:09:02","date_gmt":"2022-04-25T13:09:02","guid":{"rendered":"http:\/\/www.ultimaster.com\/index.php\/ultimaster-deutsch\/"},"modified":"2022-07-06T12:40:53","modified_gmt":"2022-07-06T11:40:53","slug":"ultimaster-de","status":"publish","type":"page","link":"https:\/\/www.ultimaster.com\/index.php\/de\/ultimaster-de\/","title":{"rendered":"ULTIMASTER"},"content":{"rendered":"\n<h3 class=\"wp-block-heading\" id=\"a-specialist-in-welding-preparation-for-thin-wall-thickness-tubes\"><strong><em><strong><em>Spezialisten f\u00fcr die Schwei\u00dfnahtvorbereitung von Rohren mit d\u00fcnnen Wandst\u00e4rken<\/em><\/strong><\/em><\/strong><\/h3>\n\n\n\n<div style=\"height:25px\" aria-hidden=\"true\" class=\"wp-block-spacer\"><\/div>\n\n\n\n<p>ULTIMASTER ist eine Marke der PROTEM-Gruppe, einer internationalen Gruppe, die sich aus den beiden Unternehmen <a href=\"http:\/\/www.protem-gmbh.de\" data-type=\"URL\" data-id=\"www.protem-gmbh.de\">PROTEM <\/a>und <a href=\"http:\/\/www.serco-tools.de\">SERCO <\/a>zusammensetzt, die f\u00fchrend in der Entwicklung und Herstellung von Werkzeugmaschinen f\u00fcr die hochwertige Schwei\u00dfnahtvorbereitung von Rohren sind.<\/p>\n\n\n\n<p>ULTIMASTER wurde entwickelt, um der Industrie in allen T\u00e4tigkeitsbereichen eine vollst\u00e4ndige Palette von Rohrs\u00e4gen und Plandrehmaschinen f\u00fcr d\u00fcnnwandige Rohre anzubieten. Die ULTIMASTER-Maschinen verf\u00fcgen \u00fcber Eigenschaften, die perfekt an diese Anwendung angepasst sind: Sie sind tragbar, kompakt, leicht, einfach zu bedienen und werden nach denselben hohen Anforderungen an Qualit\u00e4t, Effizienz und Zuverl\u00e4ssigkeit gebaut wie alle unter den Marken PROTEM und SERCO verkauften Maschinen.<\/p>\n\n\n\n<div style=\"height:25px\" aria-hidden=\"true\" class=\"wp-block-spacer\"><\/div>\n\n\n\n<h3 class=\"wp-block-heading\" id=\"why-ultimaster-is-a-quality-brand\"><strong><strong>Warum ULTIMASTER eine Qualit\u00e4tsmarke ist:<\/strong><\/strong><\/h3>\n\n\n\n<ul class=\"wp-block-list\"><li>Weil unsere Ingenieure und Techniker jahrzehntelange Erfahrung in der Entwicklung f\u00fcr Baustellen und Fabriken haben<\/li><li>Weil sie so feststellen konnten, mit welchen Schwierigkeiten der Anwender konfrontiert ist<\/li><li>Weil wir stets Hand in Hand mit Kunden und Partnern zusammenarbeiten und auf deren spezielle Bed\u00fcrfnisse und Anregungen eingehen<\/li><li>Weil wir t\u00e4glich unsere Flexibilit\u00e4t beweisen<\/li><li>Weil Qualit\u00e4t f\u00fcr uns ein wesentlicher Aspekt ist<\/li><li>Weil nachhaltige Entwicklung bei Ultimaster nicht nur ein Statement, sondern t\u00e4gliche Praxis ist<\/li><li>Weil wir unser Umfeld beobachten um den internationalen Anforderungen besser gerecht zu werden<\/li><li>Weil die Zuverl\u00e4ssigkeit unserer Produkte weltweit einen exzellenten Ruf genie\u00dft<\/li><li>Weil wir unser Knowhow an die jungen Generationen weitergeben, indem wir aktiv Ausbilden<\/li><\/ul>\n\n\n\n<div style=\"height:25px\" aria-hidden=\"true\" class=\"wp-block-spacer\"><\/div>\n\n\n\n<p class=\"has-medium-font-size\"><strong>Wir sammeln t\u00e4glich neue Erfahrungen und stellen sie in den Dienst unserer Kunden und Partner. Wir begleiten Ihre industriellen Projekte von Beginn an professionell und kompetent. An Ihrer Seite entwickeln wir stetig unser Equipment, damit sie immer auf dem neuesten, technischen Stand sind und Ihre Erwartungen \u00fcbertreffen.<\/strong><\/p>\n","protected":false},"excerpt":{"rendered":"<p>Spezialisten f\u00fcr die Schwei\u00dfnahtvorbereitung von Rohren mit d\u00fcnnen Wandst\u00e4rken ULTIMASTER ist eine Marke der PROTEM-Gruppe, einer internationalen Gruppe, die sich aus den beiden Unternehmen PROTEM und SERCO zusammensetzt, die f\u00fchrend in der Entwicklung und Herstellung von Werkzeugmaschinen f\u00fcr die hochwertige Schwei\u00dfnahtvorbereitung von Rohren sind. ULTIMASTER wurde entwickelt, um der Industrie in allen T\u00e4tigkeitsbereichen eine vollst\u00e4ndige &hellip; <\/p>\n<p class=\"link-more\"><a href=\"https:\/\/www.ultimaster.com\/index.php\/de\/ultimaster-de\/\" class=\"more-link\">Read more<span class=\"screen-reader-text\"> &#8220;ULTIMASTER&#8221;<\/span><\/a><\/p>\n","protected":false},"author":2,"featured_media":0,"parent":0,"menu_order":0,"comment_status":"closed","ping_status":"closed","template":"","meta":{"footnotes":""},"class_list":["post-277","page","type-page","status-publish","hentry"],"_links":{"self":[{"href":"https:\/\/www.ultimaster.com\/index.php\/wp-json\/wp\/v2\/pages\/277","targetHints":{"allow":["GET"]}}],"collection":[{"href":"https:\/\/www.ultimaster.com\/index.php\/wp-json\/wp\/v2\/pages"}],"about":[{"href":"https:\/\/www.ultimaster.com\/index.php\/wp-json\/wp\/v2\/types\/page"}],"author":[{"embeddable":true,"href":"https:\/\/www.ultimaster.com\/index.php\/wp-json\/wp\/v2\/users\/2"}],"replies":[{"embeddable":true,"href":"https:\/\/www.ultimaster.com\/index.php\/wp-json\/wp\/v2\/comments?post=277"}],"version-history":[{"count":4,"href":"https:\/\/www.ultimaster.com\/index.php\/wp-json\/wp\/v2\/pages\/277\/revisions"}],"predecessor-version":[{"id":441,"href":"https:\/\/www.ultimaster.com\/index.php\/wp-json\/wp\/v2\/pages\/277\/revisions\/441"}],"wp:attachment":[{"href":"https:\/\/www.ultimaster.com\/index.php\/wp-json\/wp\/v2\/media?parent=277"}],"curies":[{"name":"wp","href":"https:\/\/api.w.org\/{rel}","templated":true}]}}