{"id":278,"date":"2022-04-25T14:09:03","date_gmt":"2022-04-25T13:09:03","guid":{"rendered":"http:\/\/www.ultimaster.com\/index.php\/ultimaster-francais\/"},"modified":"2022-07-06T12:41:12","modified_gmt":"2022-07-06T11:41:12","slug":"ultimaster-fr","status":"publish","type":"page","link":"https:\/\/www.ultimaster.com\/index.php\/fr\/ultimaster-fr\/","title":{"rendered":"ULTIMASTER"},"content":{"rendered":"\n<h3 class=\"wp-block-heading\" id=\"a-specialist-in-welding-preparation-for-thin-wall-thickness-tubes\"><strong><em><strong><em><em>Un sp\u00e9cialiste de la pr\u00e9paration au soudage des tubes de fines \u00e9paisseurs<\/em><\/em><\/strong><\/em><\/strong><\/h3>\n\n\n\n<div style=\"height:25px\" aria-hidden=\"true\" class=\"wp-block-spacer\"><\/div>\n\n\n\n<p>ULTIMASTER est une marque du Groupe\u00a0<a rel=\"noreferrer noopener\" href=\"http:\/\/www.protem.fr\/\" target=\"_blank\">PROTEM<\/a>, groupe international constitu\u00e9 de deux entreprises fran\u00e7aises, PROTEM et\u00a0<a rel=\"noreferrer noopener\" href=\"http:\/\/www.serco-tools.com\/\" target=\"_blank\">SERCO<\/a>, leaders dans la conception et la r\u00e9alisation de machines-outils de pr\u00e9paration des composants tubulaires \u00e0 une soudure de haute qualit\u00e9.<\/p>\n\n\n\n<p>ULTIMASTER a \u00e9t\u00e9 cr\u00e9\u00e9e dans le but de proposer aux industriels de tous les secteurs d\u2019activit\u00e9 des gammes compl\u00e8tes de machines de coupe orbitale de tubes d\u00e9di\u00e9es aux travaux portant sur des tubes de fines \u00e9paisseurs. Les machines ULTIMASTER s\u2019av\u00e8rent \u00e0 ce titre parfaitement adapt\u00e9es \u00e0 cette application du fait de leurs caract\u00e9ristiques intrins\u00e8ques\u00a0: portables, compactes, l\u00e9g\u00e8res et tr\u00e8s faciles d\u2019utilisation, elles r\u00e9pondent \u00e9galement aux m\u00eames exigences d\u2019efficacit\u00e9 et de fiabilit\u00e9 que leurs homologues vendues sous les marques PROTEM et SERCO.<\/p>\n\n\n\n<div style=\"height:25px\" aria-hidden=\"true\" class=\"wp-block-spacer\"><\/div>\n\n\n\n<h3 class=\"wp-block-heading\" id=\"why-ultimaster-is-a-quality-brand\"><strong><strong><strong>Ultimaster &#8211; Une marque de qualit\u00e9. Pourquoi <\/strong><\/strong><\/strong>:<\/h3>\n\n\n\n<ul class=\"wp-block-list\"><li>Parce que nos ing\u00e9nieurs et techniciens \u00e9voluent depuis de nombreuses ann\u00e9es sur des chantiers, dans des ateliers<\/li><li>Parce qu&#8217;ils ont ainsi pu constater \u00e0 quelles difficult\u00e9s peuvent \u00eatre confront\u00e9s les op\u00e9rateurs<\/li><li>Parce que nous avons toujours su \u00eatre \u00e0 l&#8217;\u00e9coute de nos clients et partenaires<\/li><li>Parce que nous affirmons notre flexibilit\u00e9 chaque jour<\/li><li>Parce que le mot Qualit\u00e9 est pour nous un mot essentiel<\/li><li>Parce que le d\u00e9veloppement durable est non pas une vue d&#8217;esprit chez Ultimaster mais une pratique quotidienne<\/li><li>Parce que nous observons ce qui se passe hors de nos fronti\u00e8res pour mieux r\u00e9pondre aux exigences internationales<\/li><li>Parce que la fiabilit\u00e9 de nos produits leur vaut de b\u00e9n\u00e9ficier d&#8217;une excellente r\u00e9putation dans le monde entier<\/li><li>Parce que nous transmettons notre savoir-faire aux jeunes g\u00e9n\u00e9rations en leur offrant des contrats d&#8217;apprentissage<\/li><\/ul>\n\n\n\n<div style=\"height:25px\" aria-hidden=\"true\" class=\"wp-block-spacer\"><\/div>\n\n\n\n<p class=\"has-medium-font-size\"><strong>Les machines ULTIMASTER b\u00e9n\u00e9ficient d&#8217;un retour d&#8217;exp\u00e9rience quotidien qui est mis au service des clients et des partenaires. Nous continuerons \u00e0 accompagner vos projets industriels avec professionnalisme et comp\u00e9tence. \u00c0 vos c\u00f4t\u00e9s, nous continuerons \u00e0 d\u00e9velopper nos \u00e9quipements afin que toujours ils soient le reflet des derni\u00e8res \u00e9volutions techniques et r\u00e9pondent \u00e0 vos attentes.<\/strong><\/p>\n","protected":false},"excerpt":{"rendered":"<p>Un sp\u00e9cialiste de la pr\u00e9paration au soudage des tubes de fines \u00e9paisseurs ULTIMASTER est une marque du Groupe\u00a0PROTEM, groupe international constitu\u00e9 de deux entreprises fran\u00e7aises, PROTEM et\u00a0SERCO, leaders dans la conception et la r\u00e9alisation de machines-outils de pr\u00e9paration des composants tubulaires \u00e0 une soudure de haute qualit\u00e9. ULTIMASTER a \u00e9t\u00e9 cr\u00e9\u00e9e dans le but de &hellip; <\/p>\n<p class=\"link-more\"><a href=\"https:\/\/www.ultimaster.com\/index.php\/fr\/ultimaster-fr\/\" class=\"more-link\">Read more<span class=\"screen-reader-text\"> &#8220;ULTIMASTER&#8221;<\/span><\/a><\/p>\n","protected":false},"author":2,"featured_media":0,"parent":0,"menu_order":0,"comment_status":"closed","ping_status":"closed","template":"","meta":{"footnotes":""},"class_list":["post-278","page","type-page","status-publish","hentry"],"_links":{"self":[{"href":"https:\/\/www.ultimaster.com\/index.php\/wp-json\/wp\/v2\/pages\/278","targetHints":{"allow":["GET"]}}],"collection":[{"href":"https:\/\/www.ultimaster.com\/index.php\/wp-json\/wp\/v2\/pages"}],"about":[{"href":"https:\/\/www.ultimaster.com\/index.php\/wp-json\/wp\/v2\/types\/page"}],"author":[{"embeddable":true,"href":"https:\/\/www.ultimaster.com\/index.php\/wp-json\/wp\/v2\/users\/2"}],"replies":[{"embeddable":true,"href":"https:\/\/www.ultimaster.com\/index.php\/wp-json\/wp\/v2\/comments?post=278"}],"version-history":[{"count":4,"href":"https:\/\/www.ultimaster.com\/index.php\/wp-json\/wp\/v2\/pages\/278\/revisions"}],"predecessor-version":[{"id":442,"href":"https:\/\/www.ultimaster.com\/index.php\/wp-json\/wp\/v2\/pages\/278\/revisions\/442"}],"wp:attachment":[{"href":"https:\/\/www.ultimaster.com\/index.php\/wp-json\/wp\/v2\/media?parent=278"}],"curies":[{"name":"wp","href":"https:\/\/api.w.org\/{rel}","templated":true}]}}