{"id":284,"date":"2022-04-25T14:20:54","date_gmt":"2022-04-25T13:20:54","guid":{"rendered":"http:\/\/www.ultimaster.com\/?page_id=284"},"modified":"2022-05-20T09:58:38","modified_gmt":"2022-05-20T08:58:38","slug":"distributeurs","status":"publish","type":"page","link":"https:\/\/www.ultimaster.com\/index.php\/fr\/ultimaster-fr\/distributeurs\/","title":{"rendered":"Distributeurs"},"content":{"rendered":"\n<h3 class=\"wp-block-heading\"><strong>OPPORTUNIT\u00c9S POUR NOUS REPR\u00c9SENTER DANS VOTRE R\u00c9GION<\/strong><\/h3>\n\n\n\n<figure class=\"wp-block-image size-large\"><img loading=\"lazy\" decoding=\"async\" width=\"1024\" height=\"680\" src=\"http:\/\/www.ultimaster.com\/wp-content\/uploads\/2022\/02\/INDUSTRY-people-1-1024x680.jpg\" alt=\"\" class=\"wp-image-95\" srcset=\"https:\/\/www.ultimaster.com\/wp-content\/uploads\/2022\/02\/INDUSTRY-people-1-1024x680.jpg 1024w, https:\/\/www.ultimaster.com\/wp-content\/uploads\/2022\/02\/INDUSTRY-people-1-300x199.jpg 300w, https:\/\/www.ultimaster.com\/wp-content\/uploads\/2022\/02\/INDUSTRY-people-1-768x510.jpg 768w, https:\/\/www.ultimaster.com\/wp-content\/uploads\/2022\/02\/INDUSTRY-people-1-1536x1020.jpg 1536w, https:\/\/www.ultimaster.com\/wp-content\/uploads\/2022\/02\/INDUSTRY-people-1.jpg 1700w\" sizes=\"auto, (max-width: 1024px) 100vw, 1024px\" \/><\/figure>\n\n\n\n<p>Votre soci\u00e9t\u00e9 commercialise des machines de soudage ou associ\u00e9es au domaine du soudage et\/ou des produits de haute technologie qui, pour certains projets, incluent des machines d&#8217;usinage portables ou fixes, et vous souhaitez compl\u00e9ter la gamme de produits que vous proposez \u00e0 vos clients avec des machines de coupe orbitale, des dresseuses de tubes, des machines portatives d&#8217;usinage ?\u00a0<\/p>\n\n\n\n<p>Votre soci\u00e9t\u00e9 propose des prestations de service pour lesquelles des produits compl\u00e9mentaires tels que des machines de coupe orbitale sont \u00e9galement n\u00e9cessaires et vous souhaitez proposer la vente de ces machines \u00e0 vos clients, vous intervenez aupr\u00e8s de clients dans les domaines de la construction et\/ou la maintenance d\u00b4installations tubulaires de toute sorte, construction de chantiers navals, du semi-conducteur, de l&#8217;industrie alimentaire&#8230; pour les interventions sur des composants tubulaires.<br><\/p>\n\n\n\n<p>Vous disposez d\u00b4une structure technique (techniciens capables d&#8217;effectuer des d\u00e9monstrations de nos \u00e9quipement aupr\u00e8s de vos clients, sur site et en atelier, capables de cerner les besoins, de conseiller, d&#8217;\u00eatre l&#8217;interface technique entre votre client et <strong>ULTIMASTER<\/strong>, de proposer des formations sur site ou en atelier) et commerciale (vous \u00eates pr\u00e9sent sur les salons sp\u00e9cialis\u00e9s) vous permettant de nous repr\u00e9senter dans votre pays ou votre r\u00e9gion.<\/p>\n","protected":false},"excerpt":{"rendered":"<p>OPPORTUNIT\u00c9S POUR NOUS REPR\u00c9SENTER DANS VOTRE R\u00c9GION Votre soci\u00e9t\u00e9 commercialise des machines de soudage ou associ\u00e9es au domaine du soudage et\/ou des produits de haute technologie qui, pour certains projets, incluent des machines d&#8217;usinage portables ou fixes, et vous souhaitez compl\u00e9ter la gamme de produits que vous proposez \u00e0 vos clients avec des machines de &hellip; <\/p>\n<p class=\"link-more\"><a href=\"https:\/\/www.ultimaster.com\/index.php\/fr\/ultimaster-fr\/distributeurs\/\" class=\"more-link\">Read more<span class=\"screen-reader-text\"> &#8220;Distributeurs&#8221;<\/span><\/a><\/p>\n","protected":false},"author":2,"featured_media":0,"parent":278,"menu_order":0,"comment_status":"closed","ping_status":"closed","template":"","meta":{"footnotes":""},"class_list":["post-284","page","type-page","status-publish","hentry"],"_links":{"self":[{"href":"https:\/\/www.ultimaster.com\/index.php\/wp-json\/wp\/v2\/pages\/284","targetHints":{"allow":["GET"]}}],"collection":[{"href":"https:\/\/www.ultimaster.com\/index.php\/wp-json\/wp\/v2\/pages"}],"about":[{"href":"https:\/\/www.ultimaster.com\/index.php\/wp-json\/wp\/v2\/types\/page"}],"author":[{"embeddable":true,"href":"https:\/\/www.ultimaster.com\/index.php\/wp-json\/wp\/v2\/users\/2"}],"replies":[{"embeddable":true,"href":"https:\/\/www.ultimaster.com\/index.php\/wp-json\/wp\/v2\/comments?post=284"}],"version-history":[{"count":2,"href":"https:\/\/www.ultimaster.com\/index.php\/wp-json\/wp\/v2\/pages\/284\/revisions"}],"predecessor-version":[{"id":410,"href":"https:\/\/www.ultimaster.com\/index.php\/wp-json\/wp\/v2\/pages\/284\/revisions\/410"}],"up":[{"embeddable":true,"href":"https:\/\/www.ultimaster.com\/index.php\/wp-json\/wp\/v2\/pages\/278"}],"wp:attachment":[{"href":"https:\/\/www.ultimaster.com\/index.php\/wp-json\/wp\/v2\/media?parent=284"}],"curies":[{"name":"wp","href":"https:\/\/api.w.org\/{rel}","templated":true}]}}