{"id":286,"date":"2022-04-26T09:59:22","date_gmt":"2022-04-26T08:59:22","guid":{"rendered":"http:\/\/www.ultimaster.com\/?page_id=286"},"modified":"2022-04-26T10:14:04","modified_gmt":"2022-04-26T09:14:04","slug":"charte-qualite","status":"publish","type":"page","link":"https:\/\/www.ultimaster.com\/index.php\/fr\/ultimaster-fr\/charte-qualite\/","title":{"rendered":"Charte Qualit\u00e9"},"content":{"rendered":"\n<p>Nous accordons une importance toute particuli\u00e8re au mot <strong>Qualit\u00e9<\/strong>.<\/p>\n\n\n\n<p>Nos \u00e9quipements sont con\u00e7us dans le respect des normes et r\u00e9glementations. Ultimaster consacre une part importante de son chiffre d&#8217;affaire \u00e0 la recherche et au d\u00e9veloppement. Ultimaster opte pour des \u00e9coprocessus de fabrication qui pr\u00e9servent l&#8217;environnement. Nous nous assurons que nos partenaires respectent les Droits de l&#8217;Homme et le droit du travail.<\/p>\n\n\n\n<figure class=\"wp-block-image size-large is-resized\"><img loading=\"lazy\" decoding=\"async\" src=\"http:\/\/www.ultimaster.com\/wp-content\/uploads\/2022\/02\/INDUSTRY-high-purity-cleanroom-pharma-1024x628.jpg\" alt=\"\" class=\"wp-image-92\" width=\"1257\" height=\"771\" srcset=\"https:\/\/www.ultimaster.com\/wp-content\/uploads\/2022\/02\/INDUSTRY-high-purity-cleanroom-pharma-1024x628.jpg 1024w, https:\/\/www.ultimaster.com\/wp-content\/uploads\/2022\/02\/INDUSTRY-high-purity-cleanroom-pharma-300x184.jpg 300w, https:\/\/www.ultimaster.com\/wp-content\/uploads\/2022\/02\/INDUSTRY-high-purity-cleanroom-pharma-768x471.jpg 768w, https:\/\/www.ultimaster.com\/wp-content\/uploads\/2022\/02\/INDUSTRY-high-purity-cleanroom-pharma-1536x942.jpg 1536w, https:\/\/www.ultimaster.com\/wp-content\/uploads\/2022\/02\/INDUSTRY-high-purity-cleanroom-pharma-2048x1256.jpg 2048w\" sizes=\"auto, (max-width: 1257px) 100vw, 1257px\" \/><\/figure>\n","protected":false},"excerpt":{"rendered":"<p>Nous accordons une importance toute particuli\u00e8re au mot Qualit\u00e9. Nos \u00e9quipements sont con\u00e7us dans le respect des normes et r\u00e9glementations. Ultimaster consacre une part importante de son chiffre d&#8217;affaire \u00e0 la recherche et au d\u00e9veloppement. Ultimaster opte pour des \u00e9coprocessus de fabrication qui pr\u00e9servent l&#8217;environnement. Nous nous assurons que nos partenaires respectent les Droits de &hellip; <\/p>\n<p class=\"link-more\"><a href=\"https:\/\/www.ultimaster.com\/index.php\/fr\/ultimaster-fr\/charte-qualite\/\" class=\"more-link\">Read more<span class=\"screen-reader-text\"> &#8220;Charte Qualit\u00e9&#8221;<\/span><\/a><\/p>\n","protected":false},"author":2,"featured_media":0,"parent":278,"menu_order":0,"comment_status":"closed","ping_status":"closed","template":"","meta":{"footnotes":""},"class_list":["post-286","page","type-page","status-publish","hentry"],"_links":{"self":[{"href":"https:\/\/www.ultimaster.com\/index.php\/wp-json\/wp\/v2\/pages\/286","targetHints":{"allow":["GET"]}}],"collection":[{"href":"https:\/\/www.ultimaster.com\/index.php\/wp-json\/wp\/v2\/pages"}],"about":[{"href":"https:\/\/www.ultimaster.com\/index.php\/wp-json\/wp\/v2\/types\/page"}],"author":[{"embeddable":true,"href":"https:\/\/www.ultimaster.com\/index.php\/wp-json\/wp\/v2\/users\/2"}],"replies":[{"embeddable":true,"href":"https:\/\/www.ultimaster.com\/index.php\/wp-json\/wp\/v2\/comments?post=286"}],"version-history":[{"count":2,"href":"https:\/\/www.ultimaster.com\/index.php\/wp-json\/wp\/v2\/pages\/286\/revisions"}],"predecessor-version":[{"id":290,"href":"https:\/\/www.ultimaster.com\/index.php\/wp-json\/wp\/v2\/pages\/286\/revisions\/290"}],"up":[{"embeddable":true,"href":"https:\/\/www.ultimaster.com\/index.php\/wp-json\/wp\/v2\/pages\/278"}],"wp:attachment":[{"href":"https:\/\/www.ultimaster.com\/index.php\/wp-json\/wp\/v2\/media?parent=286"}],"curies":[{"name":"wp","href":"https:\/\/api.w.org\/{rel}","templated":true}]}}