{"id":291,"date":"2022-04-26T10:23:17","date_gmt":"2022-04-26T09:23:17","guid":{"rendered":"http:\/\/www.ultimaster.com\/?page_id=291"},"modified":"2022-04-26T10:23:18","modified_gmt":"2022-04-26T09:23:18","slug":"umweltschutz","status":"publish","type":"page","link":"https:\/\/www.ultimaster.com\/index.php\/de\/ultimaster-de\/umweltschutz\/","title":{"rendered":"Umweltschutz"},"content":{"rendered":"\n<figure class=\"wp-block-image size-large\"><img loading=\"lazy\" decoding=\"async\" width=\"1024\" height=\"683\" src=\"http:\/\/www.ultimaster.com\/wp-content\/uploads\/2022\/03\/INDUSTRY-green-energies-15-1024x683.jpg\" alt=\"\" class=\"wp-image-240\" srcset=\"https:\/\/www.ultimaster.com\/wp-content\/uploads\/2022\/03\/INDUSTRY-green-energies-15-1024x683.jpg 1024w, https:\/\/www.ultimaster.com\/wp-content\/uploads\/2022\/03\/INDUSTRY-green-energies-15-300x200.jpg 300w, https:\/\/www.ultimaster.com\/wp-content\/uploads\/2022\/03\/INDUSTRY-green-energies-15-768x512.jpg 768w, https:\/\/www.ultimaster.com\/wp-content\/uploads\/2022\/03\/INDUSTRY-green-energies-15-1536x1024.jpg 1536w, https:\/\/www.ultimaster.com\/wp-content\/uploads\/2022\/03\/INDUSTRY-green-energies-15-2048x1365.jpg 2048w, https:\/\/www.ultimaster.com\/wp-content\/uploads\/2022\/03\/INDUSTRY-green-energies-15-2000x1333.jpg 2000w\" sizes=\"auto, (max-width: 1024px) 100vw, 1024px\" \/><\/figure>\n\n\n\n<p style=\"font-size:clamp(18.959px, 1.185rem + ((1vw - 3.2px) * 1.15), 30px);\"><strong>Wir engagieren uns jeden Tag f\u00fcr den Schutz unserer Umwelt<\/strong><\/p>\n\n\n\n<div style=\"height:15px\" aria-hidden=\"true\" class=\"wp-block-spacer\"><\/div>\n\n\n\n<ul class=\"wp-block-list\"><li>Unsere Ger\u00e4te haben eine hohe Lebenserwartung<\/li><li>Die Produktion steht unter der Pr\u00e4misse Umwelteinfl\u00fcsse auszuschlie\u00dfen.<\/li><li>Die Herkunft der Produktrohstoffe unterliegt strengsten Kontrollen.<\/li><li>Wir liefern Schneidwerkzeuge, die von unseren Kunden oder unserem Service nachgeschliffen werden k\u00f6nnen.<\/li><\/ul>\n\n\n\n<div style=\"height:15px\" aria-hidden=\"true\" class=\"wp-block-spacer\"><\/div>\n\n\n\n<p style=\"font-size:clamp(18.959px, 1.185rem + ((1vw - 3.2px) * 1.15), 30px);\"><strong>ULTIMASTER BEF\u00dcRWORTET EINE POLITIK DER NACHHALTIGEN ENTWICKLUNG.<\/strong><\/p>\n","protected":false},"excerpt":{"rendered":"<p>Wir engagieren uns jeden Tag f\u00fcr den Schutz unserer Umwelt Unsere Ger\u00e4te haben eine hohe Lebenserwartung Die Produktion steht unter der Pr\u00e4misse Umwelteinfl\u00fcsse auszuschlie\u00dfen. Die Herkunft der Produktrohstoffe unterliegt strengsten Kontrollen. Wir liefern Schneidwerkzeuge, die von unseren Kunden oder unserem Service nachgeschliffen werden k\u00f6nnen. ULTIMASTER BEF\u00dcRWORTET EINE POLITIK DER NACHHALTIGEN ENTWICKLUNG.<\/p>\n","protected":false},"author":2,"featured_media":0,"parent":277,"menu_order":0,"comment_status":"closed","ping_status":"closed","template":"","meta":{"footnotes":""},"class_list":["post-291","page","type-page","status-publish","hentry"],"_links":{"self":[{"href":"https:\/\/www.ultimaster.com\/index.php\/wp-json\/wp\/v2\/pages\/291","targetHints":{"allow":["GET"]}}],"collection":[{"href":"https:\/\/www.ultimaster.com\/index.php\/wp-json\/wp\/v2\/pages"}],"about":[{"href":"https:\/\/www.ultimaster.com\/index.php\/wp-json\/wp\/v2\/types\/page"}],"author":[{"embeddable":true,"href":"https:\/\/www.ultimaster.com\/index.php\/wp-json\/wp\/v2\/users\/2"}],"replies":[{"embeddable":true,"href":"https:\/\/www.ultimaster.com\/index.php\/wp-json\/wp\/v2\/comments?post=291"}],"version-history":[{"count":1,"href":"https:\/\/www.ultimaster.com\/index.php\/wp-json\/wp\/v2\/pages\/291\/revisions"}],"predecessor-version":[{"id":292,"href":"https:\/\/www.ultimaster.com\/index.php\/wp-json\/wp\/v2\/pages\/291\/revisions\/292"}],"up":[{"embeddable":true,"href":"https:\/\/www.ultimaster.com\/index.php\/wp-json\/wp\/v2\/pages\/277"}],"wp:attachment":[{"href":"https:\/\/www.ultimaster.com\/index.php\/wp-json\/wp\/v2\/media?parent=291"}],"curies":[{"name":"wp","href":"https:\/\/api.w.org\/{rel}","templated":true}]}}