{"id":293,"date":"2022-04-26T10:24:34","date_gmt":"2022-04-26T09:24:34","guid":{"rendered":"http:\/\/www.ultimaster.com\/?page_id=293"},"modified":"2022-04-26T10:24:35","modified_gmt":"2022-04-26T09:24:35","slug":"respect-de-lenvironment","status":"publish","type":"page","link":"https:\/\/www.ultimaster.com\/index.php\/fr\/ultimaster-fr\/respect-de-lenvironment\/","title":{"rendered":"Respect de l\u00b4Environment"},"content":{"rendered":"\n<figure class=\"wp-block-image size-large\"><img loading=\"lazy\" decoding=\"async\" width=\"1024\" height=\"683\" src=\"http:\/\/www.ultimaster.com\/wp-content\/uploads\/2022\/03\/INDUSTRY-green-energies-15-1024x683.jpg\" alt=\"\" class=\"wp-image-240\" srcset=\"https:\/\/www.ultimaster.com\/wp-content\/uploads\/2022\/03\/INDUSTRY-green-energies-15-1024x683.jpg 1024w, https:\/\/www.ultimaster.com\/wp-content\/uploads\/2022\/03\/INDUSTRY-green-energies-15-300x200.jpg 300w, https:\/\/www.ultimaster.com\/wp-content\/uploads\/2022\/03\/INDUSTRY-green-energies-15-768x512.jpg 768w, https:\/\/www.ultimaster.com\/wp-content\/uploads\/2022\/03\/INDUSTRY-green-energies-15-1536x1024.jpg 1536w, https:\/\/www.ultimaster.com\/wp-content\/uploads\/2022\/03\/INDUSTRY-green-energies-15-2048x1365.jpg 2048w, https:\/\/www.ultimaster.com\/wp-content\/uploads\/2022\/03\/INDUSTRY-green-energies-15-2000x1333.jpg 2000w\" sizes=\"auto, (max-width: 1024px) 100vw, 1024px\" \/><\/figure>\n\n\n\n<p style=\"font-size:clamp(18.959px, 1.185rem + ((1vw - 3.2px) * 1.15), 30px);\"><strong><strong>Nous nous engageons \u00e0 respecter notre environnement et nous le d\u00e9montrons chaque jour<\/strong><\/strong><\/p>\n\n\n\n<div style=\"height:15px\" aria-hidden=\"true\" class=\"wp-block-spacer\"><\/div>\n\n\n\n<ul class=\"wp-block-list\"><li>Nos \u00e9quipements sont des \u00e9quipements \u00e0 vie longue<\/li><li>Les processus de fabrication sont \u00e9tudi\u00e9s afin de ne pas alt\u00e9rer l&#8217;environnement<\/li><li>Nous contr\u00f4lons rigoureusement l&#8217;origine des mati\u00e8res premi\u00e8res constituant nos produits<\/li><li>Nous fournissons des outils de coupe pouvant \u00eatre r\u00e9affut\u00e9s par nos clients ou par nos services<\/li><\/ul>\n\n\n\n<div style=\"height:15px\" aria-hidden=\"true\" class=\"wp-block-spacer\"><\/div>\n\n\n\n<p style=\"font-size:clamp(18.959px, 1.185rem + ((1vw - 3.2px) * 1.15), 30px);\"><strong>ULTIMASTER PRIVIL\u00c9GIE UNE POLITIQUE DE D\u00c9VELOPPEMENT DURABLE.<\/strong><\/p>\n","protected":false},"excerpt":{"rendered":"<p>Nous nous engageons \u00e0 respecter notre environnement et nous le d\u00e9montrons chaque jour Nos \u00e9quipements sont des \u00e9quipements \u00e0 vie longue Les processus de fabrication sont \u00e9tudi\u00e9s afin de ne pas alt\u00e9rer l&#8217;environnement Nous contr\u00f4lons rigoureusement l&#8217;origine des mati\u00e8res premi\u00e8res constituant nos produits Nous fournissons des outils de coupe pouvant \u00eatre r\u00e9affut\u00e9s par nos clients &hellip; <\/p>\n<p class=\"link-more\"><a href=\"https:\/\/www.ultimaster.com\/index.php\/fr\/ultimaster-fr\/respect-de-lenvironment\/\" class=\"more-link\">Read more<span class=\"screen-reader-text\"> &#8220;Respect de l\u00b4Environment&#8221;<\/span><\/a><\/p>\n","protected":false},"author":2,"featured_media":0,"parent":278,"menu_order":0,"comment_status":"closed","ping_status":"closed","template":"","meta":{"footnotes":""},"class_list":["post-293","page","type-page","status-publish","hentry"],"_links":{"self":[{"href":"https:\/\/www.ultimaster.com\/index.php\/wp-json\/wp\/v2\/pages\/293","targetHints":{"allow":["GET"]}}],"collection":[{"href":"https:\/\/www.ultimaster.com\/index.php\/wp-json\/wp\/v2\/pages"}],"about":[{"href":"https:\/\/www.ultimaster.com\/index.php\/wp-json\/wp\/v2\/types\/page"}],"author":[{"embeddable":true,"href":"https:\/\/www.ultimaster.com\/index.php\/wp-json\/wp\/v2\/users\/2"}],"replies":[{"embeddable":true,"href":"https:\/\/www.ultimaster.com\/index.php\/wp-json\/wp\/v2\/comments?post=293"}],"version-history":[{"count":1,"href":"https:\/\/www.ultimaster.com\/index.php\/wp-json\/wp\/v2\/pages\/293\/revisions"}],"predecessor-version":[{"id":294,"href":"https:\/\/www.ultimaster.com\/index.php\/wp-json\/wp\/v2\/pages\/293\/revisions\/294"}],"up":[{"embeddable":true,"href":"https:\/\/www.ultimaster.com\/index.php\/wp-json\/wp\/v2\/pages\/278"}],"wp:attachment":[{"href":"https:\/\/www.ultimaster.com\/index.php\/wp-json\/wp\/v2\/media?parent=293"}],"curies":[{"name":"wp","href":"https:\/\/api.w.org\/{rel}","templated":true}]}}