{"id":295,"date":"2022-04-26T10:59:35","date_gmt":"2022-04-26T09:59:35","guid":{"rendered":"http:\/\/www.ultimaster.com\/?page_id=295"},"modified":"2022-05-02T16:01:18","modified_gmt":"2022-05-02T15:01:18","slug":"unser-produktsortiment","status":"publish","type":"page","link":"https:\/\/www.ultimaster.com\/index.php\/de\/unser-produktsortiment\/","title":{"rendered":"Unser Produktsortiment"},"content":{"rendered":"\n<p style=\"font-size:clamp(18.959px, 1.185rem + ((1vw - 3.2px) * 1.15), 30px);\"><strong>Unser Angebot an tragbaren Maschinen umfasst Orbitale Rohrs\u00e4gen, tragbare Bearbeitungsmaschinen wie z.B. Plandrehmaschinen und Anfasmaschinen\u2026 f\u00fcr den Einsatz auf der Baustelle und in der Werkstatt.<\/strong><\/p>\n\n\n\n<p>Unsere Anlagen sind f\u00fcr die Bearbeitung von Rohren in allen Lagen ausgelegt, und zwar mit Kaltschneide- oder Anfasverfahren, die keine W\u00e4rmeeinwirkung auf die bearbeiteten Bereiche haben. Die Rohre k\u00f6nnen aus Edelstahl, Kohlenstoffstahl, exotischen St\u00e4hlen, Titan, Zirkonium, Austenit, Inconel, Duplex, Super Duplex, Kupfer, Aluminium usw. bestehen.<\/p>\n\n\n\n<ul class=\"wp-block-list\"><li>Wiederholbare Bearbeitungsqualit\u00e4t<\/li><li>Hervorragende Vorbereitung f\u00fcr das Orbitalschwei\u00dfen<\/li><li>Leichte Bedienbarkeit<\/li><li>Ergonomisch<\/li><li>Sicherheit f\u00fcr den Bediener<\/li><li>Leichte Maschine<\/li><li>Mehrere Anwendungen mit einer einzigen Maschine<\/li><\/ul>\n\n\n\n<p class=\"has-medium-font-size\">Weiter unten finden Sie Informationen und genaue Beschreibungen unserer Produkte.<\/p>\n\n\n\n<div class=\"wp-block-media-text alignwide is-stacked-on-mobile is-vertically-aligned-center\" style=\"grid-template-columns:20% auto\"><figure class=\"wp-block-media-text__media\"><img loading=\"lazy\" decoding=\"async\" width=\"225\" height=\"300\" src=\"http:\/\/www.ultimaster.com\/wp-content\/uploads\/2022\/02\/US3-with-operator-2-225x300.jpg\" alt=\"\" class=\"wp-image-17 size-medium\" srcset=\"https:\/\/www.ultimaster.com\/wp-content\/uploads\/2022\/02\/US3-with-operator-2-225x300.jpg 225w, https:\/\/www.ultimaster.com\/wp-content\/uploads\/2022\/02\/US3-with-operator-2-768x1024.jpg 768w, https:\/\/www.ultimaster.com\/wp-content\/uploads\/2022\/02\/US3-with-operator-2-1152x1536.jpg 1152w, https:\/\/www.ultimaster.com\/wp-content\/uploads\/2022\/02\/US3-with-operator-2.jpg 1200w\" sizes=\"auto, (max-width: 225px) 100vw, 225px\" \/><\/figure><div class=\"wp-block-media-text__content\">\n<p class=\"has-large-font-size\"><a href=\"http:\/\/www.ultimaster.com\/index.php\/de\/unser-produktsortiment\/ultimate-split-serie\/\" data-type=\"URL\" data-id=\"http:\/\/www.ultimaster.com\/index.php\/de\/unser-produktsortiment\/ultimate-split-serie\/\">Orbitale Rohrs\u00e4gen<\/a><\/p>\n<\/div><\/div>\n\n\n\n<div class=\"wp-block-media-text alignwide has-media-on-the-right is-stacked-on-mobile\" style=\"grid-template-columns:auto 22%\"><figure class=\"wp-block-media-text__media\"><img loading=\"lazy\" decoding=\"async\" width=\"300\" height=\"225\" src=\"http:\/\/www.ultimaster.com\/wp-content\/uploads\/2022\/02\/UG1-1-300x225.jpg\" alt=\"\" class=\"wp-image-13 size-medium\" srcset=\"https:\/\/www.ultimaster.com\/wp-content\/uploads\/2022\/02\/UG1-1-300x225.jpg 300w, https:\/\/www.ultimaster.com\/wp-content\/uploads\/2022\/02\/UG1-1-1024x768.jpg 1024w, https:\/\/www.ultimaster.com\/wp-content\/uploads\/2022\/02\/UG1-1-768x576.jpg 768w, https:\/\/www.ultimaster.com\/wp-content\/uploads\/2022\/02\/UG1-1-1536x1152.jpg 1536w, https:\/\/www.ultimaster.com\/wp-content\/uploads\/2022\/02\/UG1-1-2048x1536.jpg 2048w\" sizes=\"auto, (max-width: 300px) 100vw, 300px\" \/><\/figure><div class=\"wp-block-media-text__content\">\n<p class=\"has-large-font-size\"><a href=\"http:\/\/www.ultimaster.com\/index.php\/de\/unser-produktsortiment\/ug1-wolframelektrodenschleifgerat\/\" data-type=\"URL\" data-id=\"http:\/\/www.ultimaster.com\/index.php\/de\/unser-produktsortiment\/ug1-wolframelektrodenschleifgerat\/\">UG1 &#8211; Wolframelektroden-schleifger\u00e4t<\/a><\/p>\n<\/div><\/div>\n\n\n\n<div class=\"wp-block-media-text alignwide is-stacked-on-mobile\" style=\"grid-template-columns:20% auto\"><figure class=\"wp-block-media-text__media\"><img loading=\"lazy\" decoding=\"async\" width=\"287\" height=\"300\" src=\"http:\/\/www.ultimaster.com\/wp-content\/uploads\/2022\/02\/SE65-Metabo-3-287x300.jpg\" alt=\"\" class=\"wp-image-14 size-medium\" srcset=\"https:\/\/www.ultimaster.com\/wp-content\/uploads\/2022\/02\/SE65-Metabo-3-287x300.jpg 287w, https:\/\/www.ultimaster.com\/wp-content\/uploads\/2022\/02\/SE65-Metabo-3.jpg 549w\" sizes=\"auto, (max-width: 287px) 100vw, 287px\" \/><\/figure><div class=\"wp-block-media-text__content\">\n<p class=\"has-large-font-size\"><a href=\"http:\/\/www.ultimaster.com\/index.php\/de\/unser-produktsortiment\/plandrehmaschinen\/\" data-type=\"URL\" data-id=\"http:\/\/www.ultimaster.com\/index.php\/de\/unser-produktsortiment\/plandrehmaschinen\/\">Plandrehmaschinen<\/a><\/p>\n<\/div><\/div>\n\n\n\n<p><\/p>\n","protected":false},"excerpt":{"rendered":"<p>Unser Angebot an tragbaren Maschinen umfasst Orbitale Rohrs\u00e4gen, tragbare Bearbeitungsmaschinen wie z.B. Plandrehmaschinen und Anfasmaschinen\u2026 f\u00fcr den Einsatz auf der Baustelle und in der Werkstatt. Unsere Anlagen sind f\u00fcr die Bearbeitung von Rohren in allen Lagen ausgelegt, und zwar mit Kaltschneide- oder Anfasverfahren, die keine W\u00e4rmeeinwirkung auf die bearbeiteten Bereiche haben. Die Rohre k\u00f6nnen aus &hellip; <\/p>\n<p class=\"link-more\"><a href=\"https:\/\/www.ultimaster.com\/index.php\/de\/unser-produktsortiment\/\" class=\"more-link\">Read more<span class=\"screen-reader-text\"> &#8220;Unser Produktsortiment&#8221;<\/span><\/a><\/p>\n","protected":false},"author":2,"featured_media":0,"parent":0,"menu_order":2,"comment_status":"closed","ping_status":"closed","template":"","meta":{"footnotes":""},"class_list":["post-295","page","type-page","status-publish","hentry"],"_links":{"self":[{"href":"https:\/\/www.ultimaster.com\/index.php\/wp-json\/wp\/v2\/pages\/295","targetHints":{"allow":["GET"]}}],"collection":[{"href":"https:\/\/www.ultimaster.com\/index.php\/wp-json\/wp\/v2\/pages"}],"about":[{"href":"https:\/\/www.ultimaster.com\/index.php\/wp-json\/wp\/v2\/types\/page"}],"author":[{"embeddable":true,"href":"https:\/\/www.ultimaster.com\/index.php\/wp-json\/wp\/v2\/users\/2"}],"replies":[{"embeddable":true,"href":"https:\/\/www.ultimaster.com\/index.php\/wp-json\/wp\/v2\/comments?post=295"}],"version-history":[{"count":2,"href":"https:\/\/www.ultimaster.com\/index.php\/wp-json\/wp\/v2\/pages\/295\/revisions"}],"predecessor-version":[{"id":392,"href":"https:\/\/www.ultimaster.com\/index.php\/wp-json\/wp\/v2\/pages\/295\/revisions\/392"}],"wp:attachment":[{"href":"https:\/\/www.ultimaster.com\/index.php\/wp-json\/wp\/v2\/media?parent=295"}],"curies":[{"name":"wp","href":"https:\/\/api.w.org\/{rel}","templated":true}]}}