{"id":297,"date":"2022-04-26T11:02:05","date_gmt":"2022-04-26T10:02:05","guid":{"rendered":"http:\/\/www.ultimaster.com\/?page_id=297"},"modified":"2022-05-03T07:13:00","modified_gmt":"2022-05-03T06:13:00","slug":"notre-gamme-de-produits","status":"publish","type":"page","link":"https:\/\/www.ultimaster.com\/index.php\/fr\/notre-gamme-de-produits\/","title":{"rendered":"Notre Gamme de Produits"},"content":{"rendered":"\n<p style=\"font-size:clamp(18.959px, 1.185rem + ((1vw - 3.2px) * 1.15), 30px);\"><strong>Notre gamme d\u00b4\u00e9quipements portables comprend des machines orbitales de coupe, des machines d\u00b4usinage portatives telles que dresseuses de faces de tubes, chanfreineuses de tubes&#8230; pour des applications sur site ou en atelier.<\/strong><\/p>\n\n\n\n<p>Nos \u00e9quipements sont con\u00e7us pour effectuer des usinages selon des proc\u00e9d\u00e9s de coupe ou chanfreinage \u00e0 froid, en toutes positions, sans zone affect\u00e9e thermiquement, sur des tubes en inox, acier carbone, aciers exotiques, titane, zirconium, aust\u00e9nite, inconel, duplex, super duplex, cuivre, aluminium, etc. &#8230;<\/p>\n\n\n\n<ul class=\"wp-block-list\"><li>Qualit\u00e9 r\u00e9p\u00e9titive de vos usinages<\/li><li>Excellente pr\u00e9paration \u00e0 la soudure orbitale<\/li><li>Simplicit\u00e9 d\u00b4utilisation<\/li><li>Ergonomie<\/li><li>S\u00e9curit\u00e9 des op\u00e9rateurs<\/li><li>L\u00e9g\u00e8ret\u00e9 des \u00e9quipements<\/li><li>Plusieurs applications avec une seule machine<\/li><\/ul>\n\n\n\n<p class=\"has-medium-font-size\">Vous trouverez ci-dessous des informations et des descriptifs d\u00e9taill\u00e9s de nos produits.<\/p>\n\n\n\n<div class=\"wp-block-media-text alignwide is-stacked-on-mobile is-vertically-aligned-center\" style=\"grid-template-columns:20% auto\"><figure class=\"wp-block-media-text__media\"><img loading=\"lazy\" decoding=\"async\" width=\"225\" height=\"300\" src=\"http:\/\/www.ultimaster.com\/wp-content\/uploads\/2022\/02\/US3-with-operator-2-225x300.jpg\" alt=\"\" class=\"wp-image-17 size-medium\" srcset=\"https:\/\/www.ultimaster.com\/wp-content\/uploads\/2022\/02\/US3-with-operator-2-225x300.jpg 225w, https:\/\/www.ultimaster.com\/wp-content\/uploads\/2022\/02\/US3-with-operator-2-768x1024.jpg 768w, https:\/\/www.ultimaster.com\/wp-content\/uploads\/2022\/02\/US3-with-operator-2-1152x1536.jpg 1152w, https:\/\/www.ultimaster.com\/wp-content\/uploads\/2022\/02\/US3-with-operator-2.jpg 1200w\" sizes=\"auto, (max-width: 225px) 100vw, 225px\" \/><\/figure><div class=\"wp-block-media-text__content\">\n<p class=\"has-large-font-size\"><a href=\"http:\/\/www.ultimaster.com\/index.php\/fr\/notre-gamme-de-produits\/gamme-ultimate-split\/\" data-type=\"URL\" data-id=\"http:\/\/www.ultimaster.com\/index.php\/fr\/notre-gamme-de-produits\/gamme-ultimate-split\/\">Scie Orbitale de Coupe<\/a><\/p>\n<\/div><\/div>\n\n\n\n<div class=\"wp-block-media-text alignwide has-media-on-the-right is-stacked-on-mobile\" style=\"grid-template-columns:auto 22%\"><figure class=\"wp-block-media-text__media\"><img loading=\"lazy\" decoding=\"async\" width=\"300\" height=\"225\" src=\"http:\/\/www.ultimaster.com\/wp-content\/uploads\/2022\/02\/UG1-1-300x225.jpg\" alt=\"\" class=\"wp-image-13 size-medium\" srcset=\"https:\/\/www.ultimaster.com\/wp-content\/uploads\/2022\/02\/UG1-1-300x225.jpg 300w, https:\/\/www.ultimaster.com\/wp-content\/uploads\/2022\/02\/UG1-1-1024x768.jpg 1024w, https:\/\/www.ultimaster.com\/wp-content\/uploads\/2022\/02\/UG1-1-768x576.jpg 768w, https:\/\/www.ultimaster.com\/wp-content\/uploads\/2022\/02\/UG1-1-1536x1152.jpg 1536w, https:\/\/www.ultimaster.com\/wp-content\/uploads\/2022\/02\/UG1-1-2048x1536.jpg 2048w\" sizes=\"auto, (max-width: 300px) 100vw, 300px\" \/><\/figure><div class=\"wp-block-media-text__content\">\n<p class=\"has-large-font-size\"><a href=\"http:\/\/www.ultimaster.com\/index.php\/fr\/notre-gamme-de-produits\/ug1-machine-daffutage-epointage-et-coupe-delectrodes\/\" data-type=\"URL\" data-id=\"http:\/\/www.ultimaster.com\/index.php\/fr\/notre-gamme-de-produits\/ug1-machine-daffutage-epointage-et-coupe-delectrodes\/\">UG1 &#8211; Machine d\u00b4aff\u00fbtage, \u00e9pointage et coupe d\u00b4\u00e9lectrodes<\/a><\/p>\n<\/div><\/div>\n\n\n\n<div class=\"wp-block-media-text alignwide is-stacked-on-mobile\" style=\"grid-template-columns:20% auto\"><figure class=\"wp-block-media-text__media\"><img loading=\"lazy\" decoding=\"async\" width=\"287\" height=\"300\" src=\"http:\/\/www.ultimaster.com\/wp-content\/uploads\/2022\/02\/SE65-Metabo-3-287x300.jpg\" alt=\"\" class=\"wp-image-14 size-medium\" srcset=\"https:\/\/www.ultimaster.com\/wp-content\/uploads\/2022\/02\/SE65-Metabo-3-287x300.jpg 287w, https:\/\/www.ultimaster.com\/wp-content\/uploads\/2022\/02\/SE65-Metabo-3.jpg 549w\" sizes=\"auto, (max-width: 287px) 100vw, 287px\" \/><\/figure><div class=\"wp-block-media-text__content\">\n<p class=\"has-large-font-size\"><a href=\"http:\/\/www.ultimaster.com\/index.php\/fr\/notre-gamme-de-produits\/dresseuses-de-tubes\/\" data-type=\"URL\" data-id=\"http:\/\/www.ultimaster.com\/index.php\/fr\/notre-gamme-de-produits\/dresseuses-de-tubes\/\">Dresseuse de tubes<\/a><\/p>\n<\/div><\/div>\n\n\n\n<p><\/p>\n","protected":false},"excerpt":{"rendered":"<p>Notre gamme d\u00b4\u00e9quipements portables comprend des machines orbitales de coupe, des machines d\u00b4usinage portatives telles que dresseuses de faces de tubes, chanfreineuses de tubes&#8230; pour des applications sur site ou en atelier. Nos \u00e9quipements sont con\u00e7us pour effectuer des usinages selon des proc\u00e9d\u00e9s de coupe ou chanfreinage \u00e0 froid, en toutes positions, sans zone affect\u00e9e &hellip; <\/p>\n<p class=\"link-more\"><a href=\"https:\/\/www.ultimaster.com\/index.php\/fr\/notre-gamme-de-produits\/\" class=\"more-link\">Read more<span class=\"screen-reader-text\"> &#8220;Notre Gamme de Produits&#8221;<\/span><\/a><\/p>\n","protected":false},"author":2,"featured_media":0,"parent":0,"menu_order":2,"comment_status":"closed","ping_status":"closed","template":"","meta":{"footnotes":""},"class_list":["post-297","page","type-page","status-publish","hentry"],"_links":{"self":[{"href":"https:\/\/www.ultimaster.com\/index.php\/wp-json\/wp\/v2\/pages\/297","targetHints":{"allow":["GET"]}}],"collection":[{"href":"https:\/\/www.ultimaster.com\/index.php\/wp-json\/wp\/v2\/pages"}],"about":[{"href":"https:\/\/www.ultimaster.com\/index.php\/wp-json\/wp\/v2\/types\/page"}],"author":[{"embeddable":true,"href":"https:\/\/www.ultimaster.com\/index.php\/wp-json\/wp\/v2\/users\/2"}],"replies":[{"embeddable":true,"href":"https:\/\/www.ultimaster.com\/index.php\/wp-json\/wp\/v2\/comments?post=297"}],"version-history":[{"count":2,"href":"https:\/\/www.ultimaster.com\/index.php\/wp-json\/wp\/v2\/pages\/297\/revisions"}],"predecessor-version":[{"id":393,"href":"https:\/\/www.ultimaster.com\/index.php\/wp-json\/wp\/v2\/pages\/297\/revisions\/393"}],"wp:attachment":[{"href":"https:\/\/www.ultimaster.com\/index.php\/wp-json\/wp\/v2\/media?parent=297"}],"curies":[{"name":"wp","href":"https:\/\/api.w.org\/{rel}","templated":true}]}}