{"id":299,"date":"2022-04-29T07:51:59","date_gmt":"2022-04-29T06:51:59","guid":{"rendered":"http:\/\/www.ultimaster.com\/?page_id=299"},"modified":"2022-05-02T15:59:49","modified_gmt":"2022-05-02T14:59:49","slug":"plandrehmaschinen","status":"publish","type":"page","link":"https:\/\/www.ultimaster.com\/index.php\/de\/unser-produktsortiment\/plandrehmaschinen\/","title":{"rendered":"Plandrehmaschinen"},"content":{"rendered":"\n<p style=\"font-size:clamp(18.959px, 1.185rem + ((1vw - 3.2px) * 1.15), 30px);\">Die Plandrehmaschinen von Ultimaster sind ideal f\u00fcr die Schwei\u00dfnahtvorbereitung von d\u00fcnnwandigen Rohren.<\/p>\n\n\n\n<div class=\"wp-block-media-text alignwide is-stacked-on-mobile\" style=\"grid-template-columns:34% auto\"><figure class=\"wp-block-media-text__media\"><img loading=\"lazy\" decoding=\"async\" width=\"549\" height=\"574\" src=\"http:\/\/www.ultimaster.com\/wp-content\/uploads\/2022\/02\/SE65-Metabo-3.jpg\" alt=\"\" class=\"wp-image-14 size-full\" srcset=\"https:\/\/www.ultimaster.com\/wp-content\/uploads\/2022\/02\/SE65-Metabo-3.jpg 549w, https:\/\/www.ultimaster.com\/wp-content\/uploads\/2022\/02\/SE65-Metabo-3-287x300.jpg 287w\" sizes=\"auto, (max-width: 549px) 100vw, 549px\" \/><\/figure><div class=\"wp-block-media-text__content\">\n<p class=\"has-large-font-size\"><a href=\"http:\/\/www.ultimaster.com\/index.php\/de\/unser-produktsortiment\/plandrehmaschinen\/se-serie-plandrehmaschinen\/\" data-type=\"URL\" data-id=\"http:\/\/www.ultimaster.com\/index.php\/de\/unser-produktsortiment\/plandrehmaschinen\/se-serie-plandrehmaschinen\/\">SE Serie<\/a><\/p>\n<\/div><\/div>\n\n\n\n<div class=\"wp-block-media-text alignwide is-stacked-on-mobile\" style=\"grid-template-columns:34% auto\"><figure class=\"wp-block-media-text__media\"><img loading=\"lazy\" decoding=\"async\" width=\"926\" height=\"844\" src=\"http:\/\/www.ultimaster.com\/wp-content\/uploads\/2022\/02\/SL120-1.png\" alt=\"\" class=\"wp-image-47 size-full\" srcset=\"https:\/\/www.ultimaster.com\/wp-content\/uploads\/2022\/02\/SL120-1.png 926w, https:\/\/www.ultimaster.com\/wp-content\/uploads\/2022\/02\/SL120-1-300x273.png 300w, https:\/\/www.ultimaster.com\/wp-content\/uploads\/2022\/02\/SL120-1-768x700.png 768w\" sizes=\"auto, (max-width: 926px) 100vw, 926px\" \/><\/figure><div class=\"wp-block-media-text__content\">\n<p class=\"has-large-font-size\"><a href=\"http:\/\/www.ultimaster.com\/index.php\/de\/unser-produktsortiment\/plandrehmaschinen\/sl-serie-plandrehmaschinen\/\" data-type=\"URL\" data-id=\"http:\/\/www.ultimaster.com\/index.php\/de\/unser-produktsortiment\/plandrehmaschinen\/sl-serie-plandrehmaschinen\/\">SL Serie<\/a><\/p>\n<\/div><\/div>\n\n\n\n<div class=\"wp-block-media-text alignwide is-stacked-on-mobile\" style=\"grid-template-columns:34% auto\"><figure class=\"wp-block-media-text__media\"><img loading=\"lazy\" decoding=\"async\" width=\"1024\" height=\"768\" src=\"http:\/\/www.ultimaster.com\/wp-content\/uploads\/2022\/02\/SE60NG-3-1024x768.jpg\" alt=\"\" class=\"wp-image-48 size-full\" srcset=\"https:\/\/www.ultimaster.com\/wp-content\/uploads\/2022\/02\/SE60NG-3-1024x768.jpg 1024w, https:\/\/www.ultimaster.com\/wp-content\/uploads\/2022\/02\/SE60NG-3-300x225.jpg 300w, https:\/\/www.ultimaster.com\/wp-content\/uploads\/2022\/02\/SE60NG-3-768x576.jpg 768w, https:\/\/www.ultimaster.com\/wp-content\/uploads\/2022\/02\/SE60NG-3-1536x1152.jpg 1536w, https:\/\/www.ultimaster.com\/wp-content\/uploads\/2022\/02\/SE60NG-3-2048x1536.jpg 2048w\" sizes=\"auto, (max-width: 1024px) 100vw, 1024px\" \/><\/figure><div class=\"wp-block-media-text__content\">\n<p class=\"has-large-font-size\"><a href=\"http:\/\/www.ultimaster.com\/index.php\/de\/unser-produktsortiment\/plandrehmaschinen\/se-ng-serie-plandrehmaschinen\/\" data-type=\"URL\" data-id=\"http:\/\/www.ultimaster.com\/index.php\/de\/unser-produktsortiment\/plandrehmaschinen\/se-ng-serie-plandrehmaschinen\/\">SE-NG Serie<\/a><\/p>\n<\/div><\/div>\n","protected":false},"excerpt":{"rendered":"<p>Die Plandrehmaschinen von Ultimaster sind ideal f\u00fcr die Schwei\u00dfnahtvorbereitung von d\u00fcnnwandigen Rohren. SE Serie SL Serie SE-NG Serie<\/p>\n","protected":false},"author":2,"featured_media":0,"parent":295,"menu_order":0,"comment_status":"closed","ping_status":"closed","template":"","meta":{"footnotes":""},"class_list":["post-299","page","type-page","status-publish","hentry"],"_links":{"self":[{"href":"https:\/\/www.ultimaster.com\/index.php\/wp-json\/wp\/v2\/pages\/299","targetHints":{"allow":["GET"]}}],"collection":[{"href":"https:\/\/www.ultimaster.com\/index.php\/wp-json\/wp\/v2\/pages"}],"about":[{"href":"https:\/\/www.ultimaster.com\/index.php\/wp-json\/wp\/v2\/types\/page"}],"author":[{"embeddable":true,"href":"https:\/\/www.ultimaster.com\/index.php\/wp-json\/wp\/v2\/users\/2"}],"replies":[{"embeddable":true,"href":"https:\/\/www.ultimaster.com\/index.php\/wp-json\/wp\/v2\/comments?post=299"}],"version-history":[{"count":2,"href":"https:\/\/www.ultimaster.com\/index.php\/wp-json\/wp\/v2\/pages\/299\/revisions"}],"predecessor-version":[{"id":391,"href":"https:\/\/www.ultimaster.com\/index.php\/wp-json\/wp\/v2\/pages\/299\/revisions\/391"}],"up":[{"embeddable":true,"href":"https:\/\/www.ultimaster.com\/index.php\/wp-json\/wp\/v2\/pages\/295"}],"wp:attachment":[{"href":"https:\/\/www.ultimaster.com\/index.php\/wp-json\/wp\/v2\/media?parent=299"}],"curies":[{"name":"wp","href":"https:\/\/api.w.org\/{rel}","templated":true}]}}