{"id":301,"date":"2022-04-29T08:01:22","date_gmt":"2022-04-29T07:01:22","guid":{"rendered":"http:\/\/www.ultimaster.com\/?page_id=301"},"modified":"2022-05-20T10:19:06","modified_gmt":"2022-05-20T09:19:06","slug":"dresseuses-de-tubes","status":"publish","type":"page","link":"https:\/\/www.ultimaster.com\/index.php\/fr\/notre-gamme-de-produits\/dresseuses-de-tubes\/","title":{"rendered":"Dresseuses de tubes"},"content":{"rendered":"\n<p style=\"font-size:clamp(18.959px, 1.185rem + ((1vw - 3.2px) * 1.15), 30px);\">La gamme de machines \u00e0 dresser les tubes est id\u00e9ale pour la pr\u00e9paration \u00e0 la soudure des tubes de fines \u00e9paisseurs.<\/p>\n\n\n\n<div class=\"wp-block-media-text alignwide is-stacked-on-mobile\" style=\"grid-template-columns:34% auto\"><figure class=\"wp-block-media-text__media\"><img loading=\"lazy\" decoding=\"async\" width=\"549\" height=\"574\" src=\"http:\/\/www.ultimaster.com\/wp-content\/uploads\/2022\/02\/SE65-Metabo-3.jpg\" alt=\"\" class=\"wp-image-14 size-full\" srcset=\"https:\/\/www.ultimaster.com\/wp-content\/uploads\/2022\/02\/SE65-Metabo-3.jpg 549w, https:\/\/www.ultimaster.com\/wp-content\/uploads\/2022\/02\/SE65-Metabo-3-287x300.jpg 287w\" sizes=\"auto, (max-width: 549px) 100vw, 549px\" \/><\/figure><div class=\"wp-block-media-text__content\">\n<p class=\"has-large-font-size\"><a href=\"http:\/\/www.ultimaster.com\/index.php\/fr\/notre-gamme-de-produits\/dresseuses-de-tubes\/gamme-se-dresseuses-de-tubes\/\" data-type=\"URL\" data-id=\"http:\/\/www.ultimaster.com\/index.php\/fr\/notre-gamme-de-produits\/dresseuses-de-tubes\/gamme-se-dresseuses-de-tubes\/\">Gamme SE<\/a><\/p>\n<\/div><\/div>\n\n\n\n<div class=\"wp-block-media-text alignwide is-stacked-on-mobile\" style=\"grid-template-columns:34% auto\"><figure class=\"wp-block-media-text__media\"><img loading=\"lazy\" decoding=\"async\" width=\"926\" height=\"844\" src=\"http:\/\/www.ultimaster.com\/wp-content\/uploads\/2022\/02\/SL120-1.png\" alt=\"\" class=\"wp-image-47 size-full\" srcset=\"https:\/\/www.ultimaster.com\/wp-content\/uploads\/2022\/02\/SL120-1.png 926w, https:\/\/www.ultimaster.com\/wp-content\/uploads\/2022\/02\/SL120-1-300x273.png 300w, https:\/\/www.ultimaster.com\/wp-content\/uploads\/2022\/02\/SL120-1-768x700.png 768w\" sizes=\"auto, (max-width: 926px) 100vw, 926px\" \/><\/figure><div class=\"wp-block-media-text__content\">\n<p class=\"has-large-font-size\"><a href=\"http:\/\/www.ultimaster.com\/index.php\/fr\/notre-gamme-de-produits\/dresseuses-de-tubes\/gamme-sl-dresseuses-de-tubes\/\" data-type=\"URL\" data-id=\"http:\/\/www.ultimaster.com\/index.php\/fr\/notre-gamme-de-produits\/dresseuses-de-tubes\/gamme-sl-dresseuses-de-tubes\/\">Gamme SL<\/a><\/p>\n<\/div><\/div>\n\n\n\n<div class=\"wp-block-media-text alignwide is-stacked-on-mobile\" style=\"grid-template-columns:34% auto\"><figure class=\"wp-block-media-text__media\"><img loading=\"lazy\" decoding=\"async\" width=\"1024\" height=\"768\" src=\"http:\/\/www.ultimaster.com\/wp-content\/uploads\/2022\/02\/SE60NG-3-1024x768.jpg\" alt=\"\" class=\"wp-image-48 size-full\" srcset=\"https:\/\/www.ultimaster.com\/wp-content\/uploads\/2022\/02\/SE60NG-3-1024x768.jpg 1024w, https:\/\/www.ultimaster.com\/wp-content\/uploads\/2022\/02\/SE60NG-3-300x225.jpg 300w, https:\/\/www.ultimaster.com\/wp-content\/uploads\/2022\/02\/SE60NG-3-768x576.jpg 768w, https:\/\/www.ultimaster.com\/wp-content\/uploads\/2022\/02\/SE60NG-3-1536x1152.jpg 1536w, https:\/\/www.ultimaster.com\/wp-content\/uploads\/2022\/02\/SE60NG-3-2048x1536.jpg 2048w\" sizes=\"auto, (max-width: 1024px) 100vw, 1024px\" \/><\/figure><div class=\"wp-block-media-text__content\">\n<p class=\"has-large-font-size\"><a href=\"http:\/\/www.ultimaster.com\/index.php\/fr\/notre-gamme-de-produits\/dresseuses-de-tubes\/gamme-se-ng-dresseuses-de-tubes\/\" data-type=\"URL\" data-id=\"http:\/\/www.ultimaster.com\/index.php\/fr\/notre-gamme-de-produits\/dresseuses-de-tubes\/gamme-se-ng-dresseuses-de-tubes\/\">Gamme SE-NG<\/a><\/p>\n<\/div><\/div>\n","protected":false},"excerpt":{"rendered":"<p>La gamme de machines \u00e0 dresser les tubes est id\u00e9ale pour la pr\u00e9paration \u00e0 la soudure des tubes de fines \u00e9paisseurs. Gamme SE Gamme SL Gamme SE-NG<\/p>\n","protected":false},"author":2,"featured_media":0,"parent":297,"menu_order":0,"comment_status":"closed","ping_status":"closed","template":"","meta":{"footnotes":""},"class_list":["post-301","page","type-page","status-publish","hentry"],"_links":{"self":[{"href":"https:\/\/www.ultimaster.com\/index.php\/wp-json\/wp\/v2\/pages\/301","targetHints":{"allow":["GET"]}}],"collection":[{"href":"https:\/\/www.ultimaster.com\/index.php\/wp-json\/wp\/v2\/pages"}],"about":[{"href":"https:\/\/www.ultimaster.com\/index.php\/wp-json\/wp\/v2\/types\/page"}],"author":[{"embeddable":true,"href":"https:\/\/www.ultimaster.com\/index.php\/wp-json\/wp\/v2\/users\/2"}],"replies":[{"embeddable":true,"href":"https:\/\/www.ultimaster.com\/index.php\/wp-json\/wp\/v2\/comments?post=301"}],"version-history":[{"count":3,"href":"https:\/\/www.ultimaster.com\/index.php\/wp-json\/wp\/v2\/pages\/301\/revisions"}],"predecessor-version":[{"id":411,"href":"https:\/\/www.ultimaster.com\/index.php\/wp-json\/wp\/v2\/pages\/301\/revisions\/411"}],"up":[{"embeddable":true,"href":"https:\/\/www.ultimaster.com\/index.php\/wp-json\/wp\/v2\/pages\/297"}],"wp:attachment":[{"href":"https:\/\/www.ultimaster.com\/index.php\/wp-json\/wp\/v2\/media?parent=301"}],"curies":[{"name":"wp","href":"https:\/\/api.w.org\/{rel}","templated":true}]}}