{"id":303,"date":"2022-04-29T09:26:26","date_gmt":"2022-04-29T08:26:26","guid":{"rendered":"http:\/\/www.ultimaster.com\/?page_id=303"},"modified":"2022-04-29T09:26:27","modified_gmt":"2022-04-29T08:26:27","slug":"se-serie-plandrehmaschinen","status":"publish","type":"page","link":"https:\/\/www.ultimaster.com\/index.php\/de\/unser-produktsortiment\/plandrehmaschinen\/se-serie-plandrehmaschinen\/","title":{"rendered":"SE Serie &#8211; Plandrehmaschinen"},"content":{"rendered":"\n<p style=\"font-size:clamp(14px, 0.875rem + ((1vw - 3.2px) * 0.104), 15px);\">Die Aussenspannenden Plandrehmaschinen spannen mit Spannh\u00fclsen auf den Aussen-\u00d8 des Rohres. Pro \u00d8 ist eine Spannh\u00fclse erforderlich. Keine Verformung der Rohre, auch nicht bei den d\u00fcnnsten Rohren. Antrieb: Elektrisch oder mit kabellosem Elektroantrieb. Die Plandrehmaschine kann auf einem Werktisch montiert werden.<\/p>\n\n\n\n<figure class=\"wp-block-gallery has-nested-images columns-default is-cropped wp-block-gallery-1 is-layout-flex wp-block-gallery-is-layout-flex\">\n<figure class=\"wp-block-image size-large\"><img loading=\"lazy\" decoding=\"async\" width=\"768\" height=\"1024\" data-id=\"51\" src=\"http:\/\/www.ultimaster.com\/wp-content\/uploads\/2022\/02\/SE25-Metabo-3-768x1024.png\" alt=\"\" class=\"wp-image-51\" srcset=\"https:\/\/www.ultimaster.com\/wp-content\/uploads\/2022\/02\/SE25-Metabo-3-768x1024.png 768w, https:\/\/www.ultimaster.com\/wp-content\/uploads\/2022\/02\/SE25-Metabo-3-225x300.png 225w, https:\/\/www.ultimaster.com\/wp-content\/uploads\/2022\/02\/SE25-Metabo-3-1152x1536.png 1152w, https:\/\/www.ultimaster.com\/wp-content\/uploads\/2022\/02\/SE25-Metabo-3-1536x2048.png 1536w\" sizes=\"auto, (max-width: 768px) 100vw, 768px\" \/><figcaption><strong>SE25 Arbeitsbereich: <br>0.118\u201c &#8211; 1\u201c <\/strong><br><strong>(3mm &#8211; 25.4mm)<\/strong><\/figcaption><\/figure>\n\n\n\n<figure class=\"wp-block-image size-large\"><img loading=\"lazy\" decoding=\"async\" width=\"549\" height=\"574\" data-id=\"14\" src=\"http:\/\/www.ultimaster.com\/wp-content\/uploads\/2022\/02\/SE65-Metabo-3.jpg\" alt=\"\" class=\"wp-image-14\" srcset=\"https:\/\/www.ultimaster.com\/wp-content\/uploads\/2022\/02\/SE65-Metabo-3.jpg 549w, https:\/\/www.ultimaster.com\/wp-content\/uploads\/2022\/02\/SE65-Metabo-3-287x300.jpg 287w\" sizes=\"auto, (max-width: 549px) 100vw, 549px\" \/><figcaption><strong>SE 65 Arbeitsbereich: <br>0.5\u201c &#8211; 2.5\u201c <\/strong><br><strong>(12.7mm &#8211; 63.5mm)<\/strong><\/figcaption><\/figure>\n\n\n\n<figure class=\"wp-block-image size-large\"><img loading=\"lazy\" decoding=\"async\" width=\"603\" height=\"447\" data-id=\"54\" src=\"http:\/\/www.ultimaster.com\/wp-content\/uploads\/2022\/02\/SE25-Metabo-1.jpg\" alt=\"\" class=\"wp-image-54\" srcset=\"https:\/\/www.ultimaster.com\/wp-content\/uploads\/2022\/02\/SE25-Metabo-1.jpg 603w, https:\/\/www.ultimaster.com\/wp-content\/uploads\/2022\/02\/SE25-Metabo-1-300x222.jpg 300w\" sizes=\"auto, (max-width: 603px) 100vw, 603px\" \/><figcaption><strong>SE2T Arbeitsbereich: <br>0.118\u201c &#8211; 2.5&#8243; <\/strong><br><strong>(3mm &#8211; 63.5mm)<\/strong><\/figcaption><\/figure>\n<\/figure>\n\n\n\n<h3 class=\"wp-block-heading\" id=\"se-series-advantages\">SE Serie Vorteile<\/h3>\n\n\n\n<p>\u2022 Tragbar<br>\u2022 Leistungsstarke Maschine<br>\u2022 Leichte und sichere Nutzung vom Bediener<br>\u2022 Keine W\u00e4rmeeinflusszone<br>\u2022 Hohe Genauigkeit<br>\u2022 Einsatz erfolgt schnell &amp; einfach<br>\u2022 Perfekte &amp; wiederholbare Schweissnahtvorbereitung.<br>\u2022 Kompaktes Design. Ideal f\u00fcr enge Platzverh\u00e4ltnisse<br>\u2022 Die Maschine kann in jeder beliebigen Position arbeiten: vertikal, horizontal und \u00fcber Kopf<br>\u2022 Die Schneidplatten k\u00f6nnen einfach &amp; schnell gewechselt werden<br>\u2022 Gratfreier Schnitt<br>\u2022 Schwingungsfrei beim Bearbeiten<\/p>\n\n\n\n<h3 class=\"wp-block-heading\" id=\"technical-features\">Technische Daten<\/h3>\n\n\n\n<figure class=\"wp-block-table is-style-stripes\"><table class=\"has-fixed-layout\"><tbody><tr><td>Fasenformen &amp; Winkel:<\/td><td>I und V<\/td><\/tr><tr><td>Spannen:<\/td><td>Manuell<\/td><\/tr><tr><td>Vorschub:<\/td><td>0.394\u201c (10mm)<\/td><\/tr><tr><td>Drehgeschwindigkeit:<\/td><td>1. Stufe: 500 U\/min<br>2. Stufe: 1700 U\/min<\/td><\/tr><tr><td>Elektrischer oder Akku Antrieb:<\/td><td>110 V (1100 W) oder 220 V (1300 W)<\/td><\/tr><\/tbody><\/table><\/figure>\n\n\n\n<figure class=\"wp-block-embed is-type-video is-provider-youtube wp-block-embed-youtube wp-embed-aspect-16-9 wp-has-aspect-ratio\"><div class=\"wp-block-embed__wrapper\">\n<iframe loading=\"lazy\" title=\"Plandrehmaschine - SE2T\" width=\"950\" height=\"534\" src=\"https:\/\/www.youtube.com\/embed\/2L45Pc4iQIw?feature=oembed\" frameborder=\"0\" allow=\"accelerometer; autoplay; clipboard-write; encrypted-media; gyroscope; picture-in-picture\" allowfullscreen><\/iframe>\n<\/div><\/figure>\n\n\n\n<h3 class=\"wp-block-heading\" id=\"tube-squaring-machines-with-angle-drive\">Plandrehmaschine mit Winkelantrieb<\/h3>\n\n\n\n<p style=\"font-size:clamp(14px, 0.875rem + ((1vw - 3.2px) * 0.104), 15px);\">Die Aussenspannenden Plandrehmaschinen spannen mit Spannh\u00fclsen auf den Aussen-\u00d8 des Rohres. Pro \u00d8 ist eine Spannh\u00fclse erforderlich. Keine Verformung der Rohre, auch nicht bei den d\u00fcnnsten Rohren. Antrieb: Elektrisch oder mit kabellosem Elektroantrieb. Die Plandrehmaschine kann auf einem Werktisch montiert werden.<\/p>\n\n\n\n<figure class=\"wp-block-gallery has-nested-images columns-default is-cropped wp-block-gallery-2 is-layout-flex wp-block-gallery-is-layout-flex\">\n<figure class=\"wp-block-image size-large\"><img loading=\"lazy\" decoding=\"async\" width=\"935\" height=\"1024\" data-id=\"55\" src=\"http:\/\/www.ultimaster.com\/wp-content\/uploads\/2022\/02\/SE25_3-935x1024.png\" alt=\"\" class=\"wp-image-55\" srcset=\"https:\/\/www.ultimaster.com\/wp-content\/uploads\/2022\/02\/SE25_3-935x1024.png 935w, https:\/\/www.ultimaster.com\/wp-content\/uploads\/2022\/02\/SE25_3-274x300.png 274w, https:\/\/www.ultimaster.com\/wp-content\/uploads\/2022\/02\/SE25_3-768x841.png 768w, https:\/\/www.ultimaster.com\/wp-content\/uploads\/2022\/02\/SE25_3-1403x1536.png 1403w, https:\/\/www.ultimaster.com\/wp-content\/uploads\/2022\/02\/SE25_3-1871x2048.png 1871w\" sizes=\"auto, (max-width: 935px) 100vw, 935px\" \/><figcaption><strong>SE25RA Arbeitsbereich: <br>0.118\u201c &#8211; 1\u201c (3mm &#8211; 25.4mm)<\/strong><\/figcaption><\/figure>\n\n\n\n<figure class=\"wp-block-image size-large\"><img loading=\"lazy\" decoding=\"async\" width=\"684\" height=\"1024\" data-id=\"56\" src=\"http:\/\/www.ultimaster.com\/wp-content\/uploads\/2022\/02\/SE65_8-684x1024.png\" alt=\"\" class=\"wp-image-56\" srcset=\"https:\/\/www.ultimaster.com\/wp-content\/uploads\/2022\/02\/SE65_8-684x1024.png 684w, https:\/\/www.ultimaster.com\/wp-content\/uploads\/2022\/02\/SE65_8-200x300.png 200w, https:\/\/www.ultimaster.com\/wp-content\/uploads\/2022\/02\/SE65_8-768x1150.png 768w, https:\/\/www.ultimaster.com\/wp-content\/uploads\/2022\/02\/SE65_8-1025x1536.png 1025w, https:\/\/www.ultimaster.com\/wp-content\/uploads\/2022\/02\/SE65_8-1367x2048.png 1367w\" sizes=\"auto, (max-width: 684px) 100vw, 684px\" \/><figcaption><strong>SE65RA <strong>Arbeitsbereich<\/strong>: <br>0.5\u201c &#8211; 2.5\u201c (12.7mm &#8211; 63.5mm)<\/strong><\/figcaption><\/figure>\n<\/figure>\n\n\n\n<h3 class=\"wp-block-heading\" id=\"technical-features-1\">Technische Daten<\/h3>\n\n\n\n<figure class=\"wp-block-table is-style-stripes\"><table class=\"has-fixed-layout\"><tbody><tr><td>Fasenformen &amp; Winkel:<\/td><td>I<\/td><\/tr><tr><td>Spannen:<\/td><td>Manuell<\/td><\/tr><tr><td>Vorschub:<\/td><td>0.394\u201c (10mm)<\/td><\/tr><tr><td>Drehgeschwindigkeit:<\/td><td>700 U\/min<\/td><\/tr><tr><td>Elektrischer oder Akku Antrieb:<\/td><td>110 V (1100 W) oder 220 V (1300 W)<\/td><\/tr><\/tbody><\/table><\/figure>\n","protected":false},"excerpt":{"rendered":"<p>Die Aussenspannenden Plandrehmaschinen spannen mit Spannh\u00fclsen auf den Aussen-\u00d8 des Rohres. Pro \u00d8 ist eine Spannh\u00fclse erforderlich. Keine Verformung der Rohre, auch nicht bei den d\u00fcnnsten Rohren. Antrieb: Elektrisch oder mit kabellosem Elektroantrieb. Die Plandrehmaschine kann auf einem Werktisch montiert werden. SE Serie Vorteile \u2022 Tragbar\u2022 Leistungsstarke Maschine\u2022 Leichte und sichere Nutzung vom Bediener\u2022 Keine &hellip; <\/p>\n<p class=\"link-more\"><a href=\"https:\/\/www.ultimaster.com\/index.php\/de\/unser-produktsortiment\/plandrehmaschinen\/se-serie-plandrehmaschinen\/\" class=\"more-link\">Read more<span class=\"screen-reader-text\"> &#8220;SE Serie &#8211; Plandrehmaschinen&#8221;<\/span><\/a><\/p>\n","protected":false},"author":2,"featured_media":0,"parent":299,"menu_order":0,"comment_status":"closed","ping_status":"closed","template":"","meta":{"footnotes":""},"class_list":["post-303","page","type-page","status-publish","hentry"],"_links":{"self":[{"href":"https:\/\/www.ultimaster.com\/index.php\/wp-json\/wp\/v2\/pages\/303","targetHints":{"allow":["GET"]}}],"collection":[{"href":"https:\/\/www.ultimaster.com\/index.php\/wp-json\/wp\/v2\/pages"}],"about":[{"href":"https:\/\/www.ultimaster.com\/index.php\/wp-json\/wp\/v2\/types\/page"}],"author":[{"embeddable":true,"href":"https:\/\/www.ultimaster.com\/index.php\/wp-json\/wp\/v2\/users\/2"}],"replies":[{"embeddable":true,"href":"https:\/\/www.ultimaster.com\/index.php\/wp-json\/wp\/v2\/comments?post=303"}],"version-history":[{"count":1,"href":"https:\/\/www.ultimaster.com\/index.php\/wp-json\/wp\/v2\/pages\/303\/revisions"}],"predecessor-version":[{"id":304,"href":"https:\/\/www.ultimaster.com\/index.php\/wp-json\/wp\/v2\/pages\/303\/revisions\/304"}],"up":[{"embeddable":true,"href":"https:\/\/www.ultimaster.com\/index.php\/wp-json\/wp\/v2\/pages\/299"}],"wp:attachment":[{"href":"https:\/\/www.ultimaster.com\/index.php\/wp-json\/wp\/v2\/media?parent=303"}],"curies":[{"name":"wp","href":"https:\/\/api.w.org\/{rel}","templated":true}]}}