{"id":305,"date":"2022-04-29T10:06:24","date_gmt":"2022-04-29T09:06:24","guid":{"rendered":"http:\/\/www.ultimaster.com\/?page_id=305"},"modified":"2022-05-03T07:14:58","modified_gmt":"2022-05-03T06:14:58","slug":"gamme-se-dresseuses-de-tubes","status":"publish","type":"page","link":"https:\/\/www.ultimaster.com\/index.php\/fr\/notre-gamme-de-produits\/dresseuses-de-tubes\/gamme-se-dresseuses-de-tubes\/","title":{"rendered":"Gamme SE &#8211; Dresseuses de tubes"},"content":{"rendered":"\n<p style=\"font-size:clamp(14px, 0.875rem + ((1vw - 3.2px) * 0.104), 15px);\">La machine \u00e0 dresser les tubes \u00e0 pr\u00e9hension ext\u00e9rieure se fixe sur le \u00d8 ext\u00e9rieur du tube \u00e0 l\u2018aide de douilles de serrage. Une douille est n\u00e9cessaire pour chaque \u00d8. Les tubes ne subissent ainsi aucune d\u00e9formation, m\u00eame les plus fins. Motorisation : \u00e9lectrique ou \u00e9lectrique sans fil. Il est possible de monter la machine sur un banc support.<\/p>\n\n\n\n<figure class=\"wp-block-gallery has-nested-images columns-default is-cropped wp-block-gallery-1 is-layout-flex wp-block-gallery-is-layout-flex\">\n<figure class=\"wp-block-image size-large\"><img loading=\"lazy\" decoding=\"async\" width=\"768\" height=\"1024\" data-id=\"51\" src=\"http:\/\/www.ultimaster.com\/wp-content\/uploads\/2022\/02\/SE25-Metabo-3-768x1024.png\" alt=\"\" class=\"wp-image-51\" srcset=\"https:\/\/www.ultimaster.com\/wp-content\/uploads\/2022\/02\/SE25-Metabo-3-768x1024.png 768w, https:\/\/www.ultimaster.com\/wp-content\/uploads\/2022\/02\/SE25-Metabo-3-225x300.png 225w, https:\/\/www.ultimaster.com\/wp-content\/uploads\/2022\/02\/SE25-Metabo-3-1152x1536.png 1152w, https:\/\/www.ultimaster.com\/wp-content\/uploads\/2022\/02\/SE25-Metabo-3-1536x2048.png 1536w\" sizes=\"auto, (max-width: 768px) 100vw, 768px\" \/><figcaption><strong>SE25 Capacit\u00e9 d\u2019usinage<\/strong> <strong>: <br>0.118\u201c &#8211; 1\u201c <\/strong><br><strong>(3mm &#8211; 25.4mm)<\/strong><\/figcaption><\/figure>\n\n\n\n<figure class=\"wp-block-image size-large\"><img loading=\"lazy\" decoding=\"async\" width=\"549\" height=\"574\" data-id=\"14\" src=\"http:\/\/www.ultimaster.com\/wp-content\/uploads\/2022\/02\/SE65-Metabo-3.jpg\" alt=\"\" class=\"wp-image-14\" srcset=\"https:\/\/www.ultimaster.com\/wp-content\/uploads\/2022\/02\/SE65-Metabo-3.jpg 549w, https:\/\/www.ultimaster.com\/wp-content\/uploads\/2022\/02\/SE65-Metabo-3-287x300.jpg 287w\" sizes=\"auto, (max-width: 549px) 100vw, 549px\" \/><figcaption><strong>SE 65 Capacit\u00e9 d\u2019usinage<\/strong> <strong>: <br>0.5\u201c &#8211; 2.5\u201c <\/strong><br><strong>(12.7mm &#8211; 63.5mm)<\/strong><\/figcaption><\/figure>\n\n\n\n<figure class=\"wp-block-image size-large\"><img loading=\"lazy\" decoding=\"async\" width=\"603\" height=\"447\" data-id=\"54\" src=\"http:\/\/www.ultimaster.com\/wp-content\/uploads\/2022\/02\/SE25-Metabo-1.jpg\" alt=\"\" class=\"wp-image-54\" srcset=\"https:\/\/www.ultimaster.com\/wp-content\/uploads\/2022\/02\/SE25-Metabo-1.jpg 603w, https:\/\/www.ultimaster.com\/wp-content\/uploads\/2022\/02\/SE25-Metabo-1-300x222.jpg 300w\" sizes=\"auto, (max-width: 603px) 100vw, 603px\" \/><figcaption><strong>SE2T Capacit\u00e9 d\u2019usinage<\/strong> <strong>: <br>0.118\u201c &#8211; 2.5&#8243; <\/strong><br><strong>(3mm &#8211; 63.5mm)<\/strong><\/figcaption><\/figure>\n<\/figure>\n\n\n\n<h3 class=\"wp-block-heading\" id=\"se-series-advantages\">Gamme SE Avantages<\/h3>\n\n\n\n<p>\u2022 Portable<br>\u2022 Machine puissante<br>\u2022 Utilisation simple et s\u00e9curis\u00e9e pour l\u00b4op\u00e9rateur<br>\u2022 Pas de zone affect\u00e9e thermiquement<br>\u2022 Haute pr\u00e9cision<br>\u2022 Montage rapide et simple<br>\u2022 Parfaite pr\u00e9paration \u00e0 la soudure<br>\u2022 \u00c9quipement adapt\u00e9 pour des travaux \u00e0 r\u00e9aliser dans des zones difficiles d\u00b4acc\u00e8s, dimensions r\u00e9duites<br>\u2022 La machine peut \u00eatre utilis\u00e9e en toutes positions: horizontale, verticale, au plafond\u2026<br>\u2022 Les plaquettes d\u00b4usinage peuvent \u00eatre remplac\u00e9es et r\u00e9gl\u00e9es tr\u00e8s rapidement<br>\u2022 \u00c9tat de surface apr\u00e8s usinage lisse et sans bavure<br>\u2022 Pas de vibration pendant l\u00b4usinage<\/p>\n\n\n\n<h3 class=\"wp-block-heading\" id=\"technical-features\">Caract\u00e9ristiques techniques<\/h3>\n\n\n\n<figure class=\"wp-block-table is-style-stripes\"><table class=\"has-fixed-layout\"><tbody><tr><td>Formes et angles de chanfreins :<\/td><td>I et V<\/td><\/tr><tr><td>Serrage :<\/td><td>Manuel<\/td><\/tr><tr><td>Course d\u00b4avance :<\/td><td>0.394\u201c (10mm)<\/td><\/tr><tr><td>Vitesse de rotation :<\/td><td>Vitesse 1 : 500 tr\/min<br>Vitesse 2 : 1700 tr\/min<\/td><\/tr><tr><td>Motorisation \u00e9lectrique ou <br>Motorisation \u00e9lectrique sans fil :<\/td><td>110 V (1100 W) ou<br>220 V (1300 W) filaire<\/td><\/tr><\/tbody><\/table><\/figure>\n\n\n\n<figure class=\"wp-block-embed is-type-video is-provider-youtube wp-block-embed-youtube wp-embed-aspect-16-9 wp-has-aspect-ratio\"><div class=\"wp-block-embed__wrapper\">\n<iframe loading=\"lazy\" title=\"Dresseuse de tubes - SE2T\" width=\"950\" height=\"534\" src=\"https:\/\/www.youtube.com\/embed\/0ZsD4QDZCMg?feature=oembed\" frameborder=\"0\" allow=\"accelerometer; autoplay; clipboard-write; encrypted-media; gyroscope; picture-in-picture\" allowfullscreen><\/iframe>\n<\/div><\/figure>\n\n\n\n<h3 class=\"wp-block-heading\" id=\"tube-squaring-machines-with-angle-drive\">Dresseuse de tubes avec moteur \u00e0 renvoi d\u00b4angle<\/h3>\n\n\n\n<p style=\"font-size:clamp(14px, 0.875rem + ((1vw - 3.2px) * 0.104), 15px);\">La machine \u00e0 dresser les tubes \u00e0 pr\u00e9hension ext\u00e9rieure se fixe sur le \u00d8 ext\u00e9rieur du tube \u00e0 l\u2018aide de douilles de serrage. Une douille est n\u00e9cessaire pour chaque \u00d8. Les tubes ne subissent ainsi aucune d\u00e9formation, m\u00eame les plus fins. Motorisation : \u00e9lectrique ou \u00e9lectrique sans fil. Il est possible de monter la machine sur un banc support.<\/p>\n\n\n\n<figure class=\"wp-block-gallery has-nested-images columns-default is-cropped wp-block-gallery-2 is-layout-flex wp-block-gallery-is-layout-flex\">\n<figure class=\"wp-block-image size-large\"><img loading=\"lazy\" decoding=\"async\" width=\"935\" height=\"1024\" data-id=\"55\" src=\"http:\/\/www.ultimaster.com\/wp-content\/uploads\/2022\/02\/SE25_3-935x1024.png\" alt=\"\" class=\"wp-image-55\" srcset=\"https:\/\/www.ultimaster.com\/wp-content\/uploads\/2022\/02\/SE25_3-935x1024.png 935w, https:\/\/www.ultimaster.com\/wp-content\/uploads\/2022\/02\/SE25_3-274x300.png 274w, https:\/\/www.ultimaster.com\/wp-content\/uploads\/2022\/02\/SE25_3-768x841.png 768w, https:\/\/www.ultimaster.com\/wp-content\/uploads\/2022\/02\/SE25_3-1403x1536.png 1403w, https:\/\/www.ultimaster.com\/wp-content\/uploads\/2022\/02\/SE25_3-1871x2048.png 1871w\" sizes=\"auto, (max-width: 935px) 100vw, 935px\" \/><figcaption><strong>SE25RA Capacit\u00e9 d\u2019usinage<\/strong> <strong>: <br>0.118\u201c &#8211; 1\u201c (3mm &#8211; 25.4mm)<\/strong><\/figcaption><\/figure>\n\n\n\n<figure class=\"wp-block-image size-large\"><img loading=\"lazy\" decoding=\"async\" width=\"684\" height=\"1024\" data-id=\"56\" src=\"http:\/\/www.ultimaster.com\/wp-content\/uploads\/2022\/02\/SE65_8-684x1024.png\" alt=\"\" class=\"wp-image-56\" srcset=\"https:\/\/www.ultimaster.com\/wp-content\/uploads\/2022\/02\/SE65_8-684x1024.png 684w, https:\/\/www.ultimaster.com\/wp-content\/uploads\/2022\/02\/SE65_8-200x300.png 200w, https:\/\/www.ultimaster.com\/wp-content\/uploads\/2022\/02\/SE65_8-768x1150.png 768w, https:\/\/www.ultimaster.com\/wp-content\/uploads\/2022\/02\/SE65_8-1025x1536.png 1025w, https:\/\/www.ultimaster.com\/wp-content\/uploads\/2022\/02\/SE65_8-1367x2048.png 1367w\" sizes=\"auto, (max-width: 684px) 100vw, 684px\" \/><figcaption><strong>SE65RA <strong>Capacit\u00e9 d\u2019usinage<\/strong><\/strong> <strong>: <br>0.5\u201c &#8211; 2.5\u201c (12.7mm &#8211; 63.5mm)<\/strong><\/figcaption><\/figure>\n<\/figure>\n\n\n\n<h3 class=\"wp-block-heading\" id=\"technical-features-1\">Caract\u00e9ristiques techniques<\/h3>\n\n\n\n<figure class=\"wp-block-table is-style-stripes\"><table class=\"has-fixed-layout\"><tbody><tr><td>Formes et angles de chanfreins :<\/td><td>I<\/td><\/tr><tr><td>Serrage :<\/td><td>Manuel<\/td><\/tr><tr><td>Course d\u00b4avance :<\/td><td>0.394\u201c (10mm)<\/td><\/tr><tr><td>Vitesse de rotation :<\/td><td>700 tr\/min<\/td><\/tr><tr><td>Motorisation \u00e9lectrique ou <br>Motorisation \u00e9lectrique sans fil :<\/td><td>110 V (1100 W) ou<br>220 V (1300 W) filaire<\/td><\/tr><\/tbody><\/table><\/figure>\n","protected":false},"excerpt":{"rendered":"<p>La machine \u00e0 dresser les tubes \u00e0 pr\u00e9hension ext\u00e9rieure se fixe sur le \u00d8 ext\u00e9rieur du tube \u00e0 l\u2018aide de douilles de serrage. Une douille est n\u00e9cessaire pour chaque \u00d8. Les tubes ne subissent ainsi aucune d\u00e9formation, m\u00eame les plus fins. Motorisation : \u00e9lectrique ou \u00e9lectrique sans fil. Il est possible de monter la machine &hellip; <\/p>\n<p class=\"link-more\"><a href=\"https:\/\/www.ultimaster.com\/index.php\/fr\/notre-gamme-de-produits\/dresseuses-de-tubes\/gamme-se-dresseuses-de-tubes\/\" class=\"more-link\">Read more<span class=\"screen-reader-text\"> &#8220;Gamme SE &#8211; Dresseuses de tubes&#8221;<\/span><\/a><\/p>\n","protected":false},"author":2,"featured_media":0,"parent":301,"menu_order":0,"comment_status":"closed","ping_status":"closed","template":"","meta":{"footnotes":""},"class_list":["post-305","page","type-page","status-publish","hentry"],"_links":{"self":[{"href":"https:\/\/www.ultimaster.com\/index.php\/wp-json\/wp\/v2\/pages\/305","targetHints":{"allow":["GET"]}}],"collection":[{"href":"https:\/\/www.ultimaster.com\/index.php\/wp-json\/wp\/v2\/pages"}],"about":[{"href":"https:\/\/www.ultimaster.com\/index.php\/wp-json\/wp\/v2\/types\/page"}],"author":[{"embeddable":true,"href":"https:\/\/www.ultimaster.com\/index.php\/wp-json\/wp\/v2\/users\/2"}],"replies":[{"embeddable":true,"href":"https:\/\/www.ultimaster.com\/index.php\/wp-json\/wp\/v2\/comments?post=305"}],"version-history":[{"count":2,"href":"https:\/\/www.ultimaster.com\/index.php\/wp-json\/wp\/v2\/pages\/305\/revisions"}],"predecessor-version":[{"id":394,"href":"https:\/\/www.ultimaster.com\/index.php\/wp-json\/wp\/v2\/pages\/305\/revisions\/394"}],"up":[{"embeddable":true,"href":"https:\/\/www.ultimaster.com\/index.php\/wp-json\/wp\/v2\/pages\/301"}],"wp:attachment":[{"href":"https:\/\/www.ultimaster.com\/index.php\/wp-json\/wp\/v2\/media?parent=305"}],"curies":[{"name":"wp","href":"https:\/\/api.w.org\/{rel}","templated":true}]}}