{"id":307,"date":"2022-04-29T13:20:01","date_gmt":"2022-04-29T12:20:01","guid":{"rendered":"http:\/\/www.ultimaster.com\/?page_id=307"},"modified":"2022-05-03T08:30:43","modified_gmt":"2022-05-03T07:30:43","slug":"se-ng-serie-plandrehmaschinen","status":"publish","type":"page","link":"https:\/\/www.ultimaster.com\/index.php\/de\/unser-produktsortiment\/plandrehmaschinen\/se-ng-serie-plandrehmaschinen\/","title":{"rendered":"SE-NG Serie &#8211; Plandrehmaschinen"},"content":{"rendered":"\n<p>Rechtwinkliges &amp; gratfreies Anplanen and Anfasen (I-V-U-Innenbearbeitung-Doppelfasen) f\u00fcr Rohre &amp; Rohrbogen. Mit der PROTEM SE-NG Serie lassen sich Rohre mit Au\u00dfen \u00d8 von 0.393\u201c &#8211; 8.622\u201c (10mm-219mm) bearbeiten. Die PROTEM SE-NG Serie bietet einen sehr pr\u00e4zisen Vorschub, leistungsstarke &amp; zuverl\u00e4ssige Antriebe f\u00fcr ein perfektes Arbeitsergebnis &amp; optimierte Lebensdauer der Schneideins\u00e4tze. Die Werkzeughalterplatte erm\u00f6glicht das Planen &amp; Anfasen von Rohren, Fittings, aus allen Arten von Material (Normalstahl, Edelstahl, Legierungen). Die Sp\u00e4ne bleiben zusammen &amp; k\u00f6nnen leicht aufgefangen werden, dadurch werden Verunreinigungen des Rohres vermieden.<\/p>\n\n\n\n<h3 class=\"wp-block-heading\" id=\"se-ng-series-advantages\">SE-NG Serie Vorteile<\/h3>\n\n\n\n<p>\u2022 Tragbar<br>\u2022 Leistungsstarke Maschine<br>\u2022 Leichte und sichere Nutzung vom Bediener<br>\u2022 Keine W\u00e4rmeeinflusszone<br>\u2022 Hohe Genauigkeit<br>\u2022 Einsatz erfolgt schnell &amp; einfach<br>\u2022 Perfekte &amp; wiederholbare Schweissnahtvorbereitung.<br>\u2022 Kompaktes Design. Ideal f\u00fcr enge Platzverh\u00e4ltnisse<br>\u2022 Die Maschine kann in jeder beliebigen Position arbeiten: vertikal, horizontal und \u00fcber Kopf<br>\u2022 Die Schneidplatten k\u00f6nnen einfach &amp; schnell gewechselt werden<br>\u2022 Gratfreier Schnitt<br>\u2022 Schwingungsfrei beim Bearbeiten<\/p>\n\n\n\n<h2 class=\"wp-block-heading\" id=\"se60ng\">SE60NG<\/h2>\n\n\n\n<h3 class=\"wp-block-heading\">Technische Daten<\/h3>\n\n\n\n<figure class=\"wp-block-table is-style-stripes\"><table><tbody><tr><td>Arbeitsbereich:<\/td><td>0.393\u201c &#8211; 2.374\u201c <br>(10mm &#8211; 60.3mm)<\/td><\/tr><tr><td>Fasenformen &amp; Winkel:<\/td><td>I, V und Tulpennaht,<br>Andere auf Anfrage<\/td><\/tr><tr><td>Spannen:<\/td><td>Manuell<\/td><\/tr><tr><td>Vorschub:<\/td><td>0.98\u201c (25mm)<\/td><\/tr><tr><td>Drehgeschwindigkeit:<\/td><td>60 U\/min bis 90 U\/min<\/td><\/tr><tr><td>Pneumatischer Antrieb:<\/td><td>730 W, 6 bar (87 psi),<br>1400 l\/min (49 cfm)<\/td><\/tr><tr><td>Elektrischer Antrieb:<\/td><td>110 V (1500 W) oder<br>220 V (1050 W)<\/td><\/tr><\/tbody><\/table><\/figure>\n\n\n\n<figure class=\"wp-block-image alignwide size-large\"><img loading=\"lazy\" decoding=\"async\" width=\"1024\" height=\"768\" src=\"http:\/\/www.ultimaster.com\/wp-content\/uploads\/2022\/02\/SE60NG-3-1024x768.jpg\" alt=\"\" class=\"wp-image-48\" srcset=\"https:\/\/www.ultimaster.com\/wp-content\/uploads\/2022\/02\/SE60NG-3-1024x768.jpg 1024w, https:\/\/www.ultimaster.com\/wp-content\/uploads\/2022\/02\/SE60NG-3-300x225.jpg 300w, https:\/\/www.ultimaster.com\/wp-content\/uploads\/2022\/02\/SE60NG-3-768x576.jpg 768w, https:\/\/www.ultimaster.com\/wp-content\/uploads\/2022\/02\/SE60NG-3-1536x1152.jpg 1536w, https:\/\/www.ultimaster.com\/wp-content\/uploads\/2022\/02\/SE60NG-3-2048x1536.jpg 2048w\" sizes=\"auto, (max-width: 1024px) 100vw, 1024px\" \/><\/figure>\n\n\n\n<div style=\"height:15px\" aria-hidden=\"true\" class=\"wp-block-spacer\"><\/div>\n\n\n\n<figure class=\"wp-block-embed is-type-video is-provider-youtube wp-block-embed-youtube wp-embed-aspect-16-9 wp-has-aspect-ratio\"><div class=\"wp-block-embed__wrapper\">\n<iframe loading=\"lazy\" title=\"Plandrehmaschine - SE60NG\" width=\"950\" height=\"534\" src=\"https:\/\/www.youtube.com\/embed\/IFvRj7dOz3k?feature=oembed\" frameborder=\"0\" allow=\"accelerometer; autoplay; clipboard-write; encrypted-media; gyroscope; picture-in-picture\" allowfullscreen><\/iframe>\n<\/div><\/figure>\n\n\n\n<h2 class=\"wp-block-heading\" id=\"se90ng\">SE90NG<\/h2>\n\n\n\n<h3 class=\"wp-block-heading\">Technische Daten<\/h3>\n\n\n\n<figure class=\"wp-block-table is-style-stripes\"><table><tbody><tr><td>Arbeitsbereich:<\/td><td>0.393\u201c &#8211; 3.543\u201c <br>(10mm &#8211; 90mm)<\/td><\/tr><tr><td>Fasenformen &amp; Winkel:<\/td><td>I, V und Tulpennaht,<br>Andere auf Anfrage<\/td><\/tr><tr><td>Spannen:<\/td><td>Manuell<\/td><\/tr><tr><td>Vorschub:<\/td><td>1.18\u201c (30mm)<\/td><\/tr><tr><td>Drehgeschwindigkeit:<\/td><td>75 U\/min bis 90 U\/min<\/td><\/tr><tr><td>Pneumatischer Antrieb:<\/td><td>1500 W, 6 bar (87 psi),<br>2800 l\/min (100 cfm)<\/td><\/tr><tr><td>Elektrischer Antrieb:<\/td><td>110 V (1500 W) oder<br>220 V (1050 W)<\/td><\/tr><\/tbody><\/table><\/figure>\n\n\n\n<figure class=\"wp-block-image size-large\"><img loading=\"lazy\" decoding=\"async\" width=\"1024\" height=\"685\" src=\"http:\/\/www.ultimaster.com\/wp-content\/uploads\/2022\/02\/SE90NG-1-1024x685.png\" alt=\"\" class=\"wp-image-68\" srcset=\"https:\/\/www.ultimaster.com\/wp-content\/uploads\/2022\/02\/SE90NG-1-1024x685.png 1024w, https:\/\/www.ultimaster.com\/wp-content\/uploads\/2022\/02\/SE90NG-1-300x201.png 300w, https:\/\/www.ultimaster.com\/wp-content\/uploads\/2022\/02\/SE90NG-1-768x514.png 768w, https:\/\/www.ultimaster.com\/wp-content\/uploads\/2022\/02\/SE90NG-1-1536x1028.png 1536w, https:\/\/www.ultimaster.com\/wp-content\/uploads\/2022\/02\/SE90NG-1-2048x1371.png 2048w\" sizes=\"auto, (max-width: 1024px) 100vw, 1024px\" \/><\/figure>\n\n\n\n<h2 class=\"wp-block-heading\" id=\"se120ng\">SE120NG<\/h2>\n\n\n\n<h3 class=\"wp-block-heading\">Technische Daten<\/h3>\n\n\n\n<figure class=\"wp-block-table is-style-stripes\"><table><tbody><tr><td>Arbeitsbereich:<\/td><td>1.968\u201c &#8211; 4.724\u201c <br>(50mm &#8211; 120mm)<\/td><\/tr><tr><td>Fasenformen &amp; Winkel:<\/td><td>I, V und Tulpennaht,<br>Andere auf Anfrage<\/td><\/tr><tr><td>Spannen:<\/td><td>Manuell<\/td><\/tr><tr><td>Vorschub:<\/td><td>1.18\u201c (30mm)<\/td><\/tr><tr><td>Drehgeschwindigkeit:<\/td><td>60 U\/min bis 75 U\/min<\/td><\/tr><tr><td>Pneumatischer Antrieb:<\/td><td>1500 W, 6 bar (87 psi),<br>2800 l\/min (100 cfm)<\/td><\/tr><tr><td>Elektrischer Antrieb:<\/td><td>110 V (1500 W) oder<br>220 V (1050 W)<\/td><\/tr><\/tbody><\/table><\/figure>\n\n\n\n<figure class=\"wp-block-image size-full\"><img loading=\"lazy\" decoding=\"async\" width=\"852\" height=\"623\" src=\"http:\/\/www.ultimaster.com\/wp-content\/uploads\/2022\/02\/SE120NG-1.png\" alt=\"\" class=\"wp-image-70\" srcset=\"https:\/\/www.ultimaster.com\/wp-content\/uploads\/2022\/02\/SE120NG-1.png 852w, https:\/\/www.ultimaster.com\/wp-content\/uploads\/2022\/02\/SE120NG-1-300x219.png 300w, https:\/\/www.ultimaster.com\/wp-content\/uploads\/2022\/02\/SE120NG-1-768x562.png 768w\" sizes=\"auto, (max-width: 852px) 100vw, 852px\" \/><\/figure>\n\n\n\n<h2 class=\"wp-block-heading\" id=\"se219ng\">SE219NG<\/h2>\n\n\n\n<h3 class=\"wp-block-heading\">Technische Daten<\/h3>\n\n\n\n<figure class=\"wp-block-table is-style-stripes\"><table><tbody><tr><td>Arbeitsbereich:<\/td><td>2.374\u201c &#8211; 8.622\u201c <br>(60.3mm &#8211; 219mm)<\/td><\/tr><tr><td>Fasenformen &amp; Winkel:<\/td><td>I, V und Tulpennaht,<br>Andere auf Anfrage<\/td><\/tr><tr><td>Spannen:<\/td><td>Manuell<\/td><\/tr><tr><td>Vorschub:<\/td><td>0.9\u201c (23mm)<\/td><\/tr><tr><td>Drehgeschwindigkeit:<\/td><td>33 U\/min<\/td><\/tr><tr><td>Pneumatischer Antrieb:<\/td><td>730 W, 6 bar (87 psi),<br>1400 l\/min (49 cfm)<\/td><\/tr><tr><td>Elektrischer Antrieb:<\/td><td>110 V (1500 W) oder<br>220 V (1050 W)<\/td><\/tr><\/tbody><\/table><\/figure>\n\n\n\n<figure class=\"wp-block-image size-large\"><img loading=\"lazy\" decoding=\"async\" width=\"1024\" height=\"768\" src=\"http:\/\/www.ultimaster.com\/wp-content\/uploads\/2022\/02\/SE219NG-1-1024x768.png\" alt=\"\" class=\"wp-image-71\" srcset=\"https:\/\/www.ultimaster.com\/wp-content\/uploads\/2022\/02\/SE219NG-1-1024x768.png 1024w, https:\/\/www.ultimaster.com\/wp-content\/uploads\/2022\/02\/SE219NG-1-300x225.png 300w, https:\/\/www.ultimaster.com\/wp-content\/uploads\/2022\/02\/SE219NG-1-768x576.png 768w, https:\/\/www.ultimaster.com\/wp-content\/uploads\/2022\/02\/SE219NG-1-1536x1152.png 1536w, https:\/\/www.ultimaster.com\/wp-content\/uploads\/2022\/02\/SE219NG-1-2048x1536.png 2048w\" sizes=\"auto, (max-width: 1024px) 100vw, 1024px\" \/><\/figure>\n","protected":false},"excerpt":{"rendered":"<p>Rechtwinkliges &amp; gratfreies Anplanen and Anfasen (I-V-U-Innenbearbeitung-Doppelfasen) f\u00fcr Rohre &amp; Rohrbogen. Mit der PROTEM SE-NG Serie lassen sich Rohre mit Au\u00dfen \u00d8 von 0.393\u201c &#8211; 8.622\u201c (10mm-219mm) bearbeiten. Die PROTEM SE-NG Serie bietet einen sehr pr\u00e4zisen Vorschub, leistungsstarke &amp; zuverl\u00e4ssige Antriebe f\u00fcr ein perfektes Arbeitsergebnis &amp; optimierte Lebensdauer der Schneideins\u00e4tze. Die Werkzeughalterplatte erm\u00f6glicht das Planen &hellip; <\/p>\n<p class=\"link-more\"><a href=\"https:\/\/www.ultimaster.com\/index.php\/de\/unser-produktsortiment\/plandrehmaschinen\/se-ng-serie-plandrehmaschinen\/\" class=\"more-link\">Read more<span class=\"screen-reader-text\"> &#8220;SE-NG Serie &#8211; Plandrehmaschinen&#8221;<\/span><\/a><\/p>\n","protected":false},"author":2,"featured_media":0,"parent":299,"menu_order":0,"comment_status":"closed","ping_status":"closed","template":"","meta":{"footnotes":""},"class_list":["post-307","page","type-page","status-publish","hentry"],"_links":{"self":[{"href":"https:\/\/www.ultimaster.com\/index.php\/wp-json\/wp\/v2\/pages\/307","targetHints":{"allow":["GET"]}}],"collection":[{"href":"https:\/\/www.ultimaster.com\/index.php\/wp-json\/wp\/v2\/pages"}],"about":[{"href":"https:\/\/www.ultimaster.com\/index.php\/wp-json\/wp\/v2\/types\/page"}],"author":[{"embeddable":true,"href":"https:\/\/www.ultimaster.com\/index.php\/wp-json\/wp\/v2\/users\/2"}],"replies":[{"embeddable":true,"href":"https:\/\/www.ultimaster.com\/index.php\/wp-json\/wp\/v2\/comments?post=307"}],"version-history":[{"count":3,"href":"https:\/\/www.ultimaster.com\/index.php\/wp-json\/wp\/v2\/pages\/307\/revisions"}],"predecessor-version":[{"id":403,"href":"https:\/\/www.ultimaster.com\/index.php\/wp-json\/wp\/v2\/pages\/307\/revisions\/403"}],"up":[{"embeddable":true,"href":"https:\/\/www.ultimaster.com\/index.php\/wp-json\/wp\/v2\/pages\/299"}],"wp:attachment":[{"href":"https:\/\/www.ultimaster.com\/index.php\/wp-json\/wp\/v2\/media?parent=307"}],"curies":[{"name":"wp","href":"https:\/\/api.w.org\/{rel}","templated":true}]}}