{"id":309,"date":"2022-04-29T14:26:44","date_gmt":"2022-04-29T13:26:44","guid":{"rendered":"http:\/\/www.ultimaster.com\/?page_id=309"},"modified":"2022-05-03T08:29:28","modified_gmt":"2022-05-03T07:29:28","slug":"gamme-se-ng-dresseuses-de-tubes","status":"publish","type":"page","link":"https:\/\/www.ultimaster.com\/index.php\/fr\/notre-gamme-de-produits\/dresseuses-de-tubes\/gamme-se-ng-dresseuses-de-tubes\/","title":{"rendered":"Gamme SE-NG &#8211; Dresseuses de tubes"},"content":{"rendered":"\n<p>La machine portable Gamme SE-NG, avec motorisation pneumatique ou \u00e9lectrique, est l\u00e9g\u00e8re et portable. Cette machine permet d\u2018obtenir de fa\u00e7on r\u00e9p\u00e9titive des pr\u00e9parations \u00e0 la soudure de grande qualit\u00e9 sur des tubes de toutes mati\u00e8res, y compris les tubes en acier inoxydable ou en alliages divers. Elle permet de couvrir des         \u00d8 0.393\u201c &#8211; 8.622\u201c (10mm &#8211; 219mm). Le plateau porte-outils peut r\u00e9aliser les op\u00e9rations de chanfreinage, de dressage et de d\u00e9lardage individuellement ou simultan\u00e9ment. Le plateau porte-outils peut int\u00e9grer jusqu\u2018\u00e0 4 outils.<\/p>\n\n\n\n<h3 class=\"wp-block-heading\" id=\"se-ng-series-advantages\">Gamme SE-NG Avantages<\/h3>\n\n\n\n<p>\u2022 Portable<br>\u2022 Machine puissante<br>\u2022 Utilisation simple et s\u00e9curis\u00e9e pour l\u00b4op\u00e9rateur<br>\u2022 Pas de zone affect\u00e9e thermiquement<br>\u2022 Haute pr\u00e9cision<br>\u2022 Montage rapide et simple<br>\u2022 Parfaite pr\u00e9paration \u00e0 la soudure<br>\u2022 \u00c9quipement adapt\u00e9 pour des travaux \u00e0 r\u00e9aliser dans des zones difficiles d\u00b4acc\u00e8s, dimensions r\u00e9duites<br>\u2022 La machine peut \u00eatre utilis\u00e9e en toutes positions: horizontale, verticale, au plafond\u2026<br>\u2022 Les plaquettes d\u00b4usinage peuvent \u00eatre remplac\u00e9es et r\u00e9gl\u00e9es tr\u00e8s rapidement<br>\u2022 \u00c9tat de surface apr\u00e8s usinage lisse et sans bavure<br>\u2022 Pas de vibration pendant l\u00b4usinage<\/p>\n\n\n\n<h2 class=\"wp-block-heading\" id=\"se60ng\">SE60NG<\/h2>\n\n\n\n<h3 class=\"wp-block-heading\">Caract\u00e9ristiques techniques<\/h3>\n\n\n\n<figure class=\"wp-block-table is-style-stripes\"><table><tbody><tr><td>Capacit\u00e9 d\u2019usinage :<\/td><td>0.393\u201c &#8211; 2.374\u201c <br>(10mm &#8211; 60.3mm)<\/td><\/tr><tr><td>Formes et angles de chanfreins :<\/td><td>I, V, chanfrein tulipe,<br>Autres sur demande<\/td><\/tr><tr><td>Serrage :<\/td><td>Manuel<\/td><\/tr><tr><td>Course d\u00b4avance :<\/td><td>0.98\u201c (25mm)<\/td><\/tr><tr><td>Vitesse de rotation :<\/td><td>60 tr\/min \u00e0 90 tr\/min<\/td><\/tr><tr><td>Motorisation pneumatique :<\/td><td>730 W, 6 bar (87 psi),<br>1400 l\/min (49 cfm)<\/td><\/tr><tr><td>Motorisation \u00e9lectrique :<\/td><td>110 V (1500 W) ou<br>220 V (1050 W)<\/td><\/tr><\/tbody><\/table><\/figure>\n\n\n\n<figure class=\"wp-block-image alignwide size-large\"><img loading=\"lazy\" decoding=\"async\" width=\"1024\" height=\"768\" src=\"http:\/\/www.ultimaster.com\/wp-content\/uploads\/2022\/02\/SE60NG-3-1024x768.jpg\" alt=\"\" class=\"wp-image-48\" srcset=\"https:\/\/www.ultimaster.com\/wp-content\/uploads\/2022\/02\/SE60NG-3-1024x768.jpg 1024w, https:\/\/www.ultimaster.com\/wp-content\/uploads\/2022\/02\/SE60NG-3-300x225.jpg 300w, https:\/\/www.ultimaster.com\/wp-content\/uploads\/2022\/02\/SE60NG-3-768x576.jpg 768w, https:\/\/www.ultimaster.com\/wp-content\/uploads\/2022\/02\/SE60NG-3-1536x1152.jpg 1536w, https:\/\/www.ultimaster.com\/wp-content\/uploads\/2022\/02\/SE60NG-3-2048x1536.jpg 2048w\" sizes=\"auto, (max-width: 1024px) 100vw, 1024px\" \/><\/figure>\n\n\n\n<div style=\"height:15px\" aria-hidden=\"true\" class=\"wp-block-spacer\"><\/div>\n\n\n\n<figure class=\"wp-block-embed is-type-video is-provider-youtube wp-block-embed-youtube wp-embed-aspect-16-9 wp-has-aspect-ratio\"><div class=\"wp-block-embed__wrapper\">\n<iframe loading=\"lazy\" title=\"Dresseuse de tubes - SE60NG\" width=\"950\" height=\"534\" src=\"https:\/\/www.youtube.com\/embed\/kqNGGWcp_FA?feature=oembed\" frameborder=\"0\" allow=\"accelerometer; autoplay; clipboard-write; encrypted-media; gyroscope; picture-in-picture\" allowfullscreen><\/iframe>\n<\/div><\/figure>\n\n\n\n<h2 class=\"wp-block-heading\" id=\"se90ng\">SE90NG<\/h2>\n\n\n\n<h3 class=\"wp-block-heading\">Caract\u00e9ristiques techniques<\/h3>\n\n\n\n<figure class=\"wp-block-table is-style-stripes\"><table><tbody><tr><td>Capacit\u00e9 d\u2019usinage :<\/td><td>0.393\u201c &#8211; 3.543\u201c <br>(10mm &#8211; 90mm)<\/td><\/tr><tr><td>Formes et angles de chanfreins :<\/td><td>I, V, chanfrein tulipe,<br>Autres sur demande<\/td><\/tr><tr><td>Serrage :<\/td><td>Manuel<\/td><\/tr><tr><td>Course d\u00b4avance :<\/td><td>1.18\u201c (30mm)<\/td><\/tr><tr><td>Vitesse de rotation :<\/td><td>75 tr\/min \u00e0 90 tr\/min<\/td><\/tr><tr><td>Motorisation pneumatique :<\/td><td>1500 W, 6 bar (87 psi),<br>2800 l\/min (100 cfm)<\/td><\/tr><tr><td>Motorisation \u00e9lectrique :<\/td><td>110 V (1500 W) ou<br>220 V (1050 W)<\/td><\/tr><\/tbody><\/table><\/figure>\n\n\n\n<figure class=\"wp-block-image size-large\"><img loading=\"lazy\" decoding=\"async\" width=\"1024\" height=\"685\" src=\"http:\/\/www.ultimaster.com\/wp-content\/uploads\/2022\/02\/SE90NG-1-1024x685.png\" alt=\"\" class=\"wp-image-68\" srcset=\"https:\/\/www.ultimaster.com\/wp-content\/uploads\/2022\/02\/SE90NG-1-1024x685.png 1024w, https:\/\/www.ultimaster.com\/wp-content\/uploads\/2022\/02\/SE90NG-1-300x201.png 300w, https:\/\/www.ultimaster.com\/wp-content\/uploads\/2022\/02\/SE90NG-1-768x514.png 768w, https:\/\/www.ultimaster.com\/wp-content\/uploads\/2022\/02\/SE90NG-1-1536x1028.png 1536w, https:\/\/www.ultimaster.com\/wp-content\/uploads\/2022\/02\/SE90NG-1-2048x1371.png 2048w\" sizes=\"auto, (max-width: 1024px) 100vw, 1024px\" \/><\/figure>\n\n\n\n<h2 class=\"wp-block-heading\" id=\"se120ng\">SE120NG<\/h2>\n\n\n\n<h3 class=\"wp-block-heading\">Caract\u00e9ristiques techniques<\/h3>\n\n\n\n<figure class=\"wp-block-table is-style-stripes\"><table><tbody><tr><td>Capacit\u00e9 d\u2019usinage :<\/td><td>1.968\u201c &#8211; 4.724\u201c <br>(50mm &#8211; 120mm)<\/td><\/tr><tr><td>Formes et angles de chanfreins :<\/td><td>I, V, chanfrein tulipe,<br>Autres sur demande<\/td><\/tr><tr><td>Serrage :<\/td><td>Manuel<\/td><\/tr><tr><td>Course d\u00b4avance :<\/td><td>1.18\u201c (30mm)<\/td><\/tr><tr><td>Vitesse de rotation :<\/td><td>60 tr\/min \u00e0 75 tr\/min<\/td><\/tr><tr><td>Motorisation pneumatique :<\/td><td>1500 W, 6 bar (87 psi),<br>2800 l\/min (100 cfm)<\/td><\/tr><tr><td>Motorisation \u00e9lectrique :<\/td><td>110 V (1500 W) ou<br>220 V (1050 W)<\/td><\/tr><\/tbody><\/table><\/figure>\n\n\n\n<figure class=\"wp-block-image size-full\"><img loading=\"lazy\" decoding=\"async\" width=\"852\" height=\"623\" src=\"http:\/\/www.ultimaster.com\/wp-content\/uploads\/2022\/02\/SE120NG-1.png\" alt=\"\" class=\"wp-image-70\" srcset=\"https:\/\/www.ultimaster.com\/wp-content\/uploads\/2022\/02\/SE120NG-1.png 852w, https:\/\/www.ultimaster.com\/wp-content\/uploads\/2022\/02\/SE120NG-1-300x219.png 300w, https:\/\/www.ultimaster.com\/wp-content\/uploads\/2022\/02\/SE120NG-1-768x562.png 768w\" sizes=\"auto, (max-width: 852px) 100vw, 852px\" \/><\/figure>\n\n\n\n<h2 class=\"wp-block-heading\" id=\"se219ng\">SE219NG<\/h2>\n\n\n\n<h3 class=\"wp-block-heading\">Caract\u00e9ristiques techniques<\/h3>\n\n\n\n<figure class=\"wp-block-table is-style-stripes\"><table><tbody><tr><td>Capacit\u00e9 d\u2019usinage :<\/td><td>2.374\u201c &#8211; 8.622\u201c <br>(60.3mm &#8211; 219mm)<\/td><\/tr><tr><td>Formes et angles de chanfreins :<\/td><td>I, V, et chanfrein tulipe,<br>Autres sur demande<\/td><\/tr><tr><td>Serrage :<\/td><td>Manuel<\/td><\/tr><tr><td>Course d\u00b4avance :<\/td><td>0.9\u201c (23mm)<\/td><\/tr><tr><td>Vitesse de rotation :<\/td><td>33 tr\/min<\/td><\/tr><tr><td>Motorisation pneumatique :<\/td><td>730 W, 6 bar (87 psi),<br>1400 l\/min (49 cfm)<\/td><\/tr><tr><td>Motorisation \u00e9lectrique :<\/td><td>110 V (1500 W) ou<br>220 V (1050 W)<\/td><\/tr><\/tbody><\/table><\/figure>\n\n\n\n<figure class=\"wp-block-image size-large\"><img loading=\"lazy\" decoding=\"async\" width=\"1024\" height=\"768\" src=\"http:\/\/www.ultimaster.com\/wp-content\/uploads\/2022\/02\/SE219NG-1-1024x768.png\" alt=\"\" class=\"wp-image-71\" srcset=\"https:\/\/www.ultimaster.com\/wp-content\/uploads\/2022\/02\/SE219NG-1-1024x768.png 1024w, https:\/\/www.ultimaster.com\/wp-content\/uploads\/2022\/02\/SE219NG-1-300x225.png 300w, https:\/\/www.ultimaster.com\/wp-content\/uploads\/2022\/02\/SE219NG-1-768x576.png 768w, https:\/\/www.ultimaster.com\/wp-content\/uploads\/2022\/02\/SE219NG-1-1536x1152.png 1536w, https:\/\/www.ultimaster.com\/wp-content\/uploads\/2022\/02\/SE219NG-1-2048x1536.png 2048w\" sizes=\"auto, (max-width: 1024px) 100vw, 1024px\" \/><\/figure>\n","protected":false},"excerpt":{"rendered":"<p>La machine portable Gamme SE-NG, avec motorisation pneumatique ou \u00e9lectrique, est l\u00e9g\u00e8re et portable. Cette machine permet d\u2018obtenir de fa\u00e7on r\u00e9p\u00e9titive des pr\u00e9parations \u00e0 la soudure de grande qualit\u00e9 sur des tubes de toutes mati\u00e8res, y compris les tubes en acier inoxydable ou en alliages divers. Elle permet de couvrir des \u00d8 0.393\u201c &#8211; 8.622\u201c &hellip; <\/p>\n<p class=\"link-more\"><a href=\"https:\/\/www.ultimaster.com\/index.php\/fr\/notre-gamme-de-produits\/dresseuses-de-tubes\/gamme-se-ng-dresseuses-de-tubes\/\" class=\"more-link\">Read more<span class=\"screen-reader-text\"> &#8220;Gamme SE-NG &#8211; Dresseuses de tubes&#8221;<\/span><\/a><\/p>\n","protected":false},"author":2,"featured_media":0,"parent":301,"menu_order":0,"comment_status":"closed","ping_status":"closed","template":"","meta":{"footnotes":""},"class_list":["post-309","page","type-page","status-publish","hentry"],"_links":{"self":[{"href":"https:\/\/www.ultimaster.com\/index.php\/wp-json\/wp\/v2\/pages\/309","targetHints":{"allow":["GET"]}}],"collection":[{"href":"https:\/\/www.ultimaster.com\/index.php\/wp-json\/wp\/v2\/pages"}],"about":[{"href":"https:\/\/www.ultimaster.com\/index.php\/wp-json\/wp\/v2\/types\/page"}],"author":[{"embeddable":true,"href":"https:\/\/www.ultimaster.com\/index.php\/wp-json\/wp\/v2\/users\/2"}],"replies":[{"embeddable":true,"href":"https:\/\/www.ultimaster.com\/index.php\/wp-json\/wp\/v2\/comments?post=309"}],"version-history":[{"count":2,"href":"https:\/\/www.ultimaster.com\/index.php\/wp-json\/wp\/v2\/pages\/309\/revisions"}],"predecessor-version":[{"id":401,"href":"https:\/\/www.ultimaster.com\/index.php\/wp-json\/wp\/v2\/pages\/309\/revisions\/401"}],"up":[{"embeddable":true,"href":"https:\/\/www.ultimaster.com\/index.php\/wp-json\/wp\/v2\/pages\/301"}],"wp:attachment":[{"href":"https:\/\/www.ultimaster.com\/index.php\/wp-json\/wp\/v2\/media?parent=309"}],"curies":[{"name":"wp","href":"https:\/\/api.w.org\/{rel}","templated":true}]}}