{"id":311,"date":"2022-04-29T14:30:05","date_gmt":"2022-04-29T13:30:05","guid":{"rendered":"http:\/\/www.ultimaster.com\/?page_id=311"},"modified":"2022-04-29T14:46:10","modified_gmt":"2022-04-29T13:46:10","slug":"sl-serie-plandrehmaschinen","status":"publish","type":"page","link":"https:\/\/www.ultimaster.com\/index.php\/de\/unser-produktsortiment\/plandrehmaschinen\/sl-serie-plandrehmaschinen\/","title":{"rendered":"SL Serie &#8211; Plandrehmaschinen"},"content":{"rendered":"\n<p>Rechtwinkliges &amp; gratfreies Anplanen and Anfasen (I-V-U-Innenbearbeitung-Doppelfasen) f\u00fcr Rohre &amp; Rohrbogen. Mit der PROTEM SE-NG Serie lassen sich Rohre mit Au\u00dfen \u00d8 von 0.393\u201c &#8211; 8.622\u201c (10mm-219mm) bearbeiten. Die PROTEM SE-NG Serie bietet einen sehr pr\u00e4zisen Vorschub, leistungsstarke &amp; zuverl\u00e4ssige Antriebe f\u00fcr ein perfektes Arbeitsergebnis &amp; optimierte Lebensdauer der Schneideins\u00e4tze. Die Werkzeughalterplatte erm\u00f6glicht das Planen &amp; Anfasen von Rohren, Fittings, aus allen Arten von Material (Normalstahl, Edelstahl, Legierungen). Die Sp\u00e4ne bleiben zusammen &amp; k\u00f6nnen leicht aufgefangen werden, dadurch werden Verunreinigungen des Rohres vermieden.<\/p>\n\n\n\n<h3 class=\"wp-block-heading\" id=\"sl-series-advantages\">SL Serie Vorteile<\/h3>\n\n\n\n<p>\u2022 Tragbar<br>\u2022 Leistungsstarke Maschine<br>\u2022 Leichte und sichere Nutzung vom Bediener<br>\u2022 Keine W\u00e4rmeeinflusszone<br>\u2022 Hohe Genauigkeit<br>\u2022 Einsatz erfolgt schnell &amp; einfach<br>\u2022 Perfekte &amp; wiederholbare Schweissnahtvorbereitung.<br>\u2022 Kompaktes Design. Ideal f\u00fcr enge Platzverh\u00e4ltnisse<br>\u2022 Die Maschine kann in jeder beliebigen Position arbeiten: vertikal, horizontal und \u00fcber Kopf<br>\u2022 Die Schneidplatten k\u00f6nnen einfach &amp; schnell gewechselt werden<br>\u2022 Gratfreier Schnitt<br>\u2022 Schwingungsfrei beim Bearbeiten<\/p>\n\n\n\n<h2 class=\"wp-block-heading\" id=\"sl30\">SL30<\/h2>\n\n\n\n<h3 class=\"wp-block-heading\">Technische Daten<\/h3>\n\n\n\n<figure class=\"wp-block-table is-style-stripes\"><table><tbody><tr><td>Arbeitsbereich:<\/td><td>0.118\u201c &#8211; 1.181\u201c <br>(3mm &#8211; 30mm)<\/td><\/tr><tr><td>Fasenformen &amp; Winkel:<\/td><td>I, V,<br>Andere auf Anfrage<\/td><\/tr><tr><td>Spannen:<\/td><td>Manuell<\/td><\/tr><tr><td>Vorschub:<\/td><td>0.394\u201c (10mm)<\/td><\/tr><tr><td>Drehgeschwindigkeit:<\/td><td>95 U\/min bis 280 U\/min<\/td><\/tr><tr><td>Pneumatischer Antrieb:<\/td><td>730 W, 6 bar (87 psi),<br>1400 l\/min (49 cfm)<\/td><\/tr><tr><td>Elektrischer Antrieb:<\/td><td>110 V (1500 W) oder<br>220 V (1050 W)<\/td><\/tr><\/tbody><\/table><\/figure>\n\n\n\n<figure class=\"wp-block-image size-full is-resized\"><img loading=\"lazy\" decoding=\"async\" src=\"http:\/\/www.ultimaster.com\/wp-content\/uploads\/2022\/02\/SL30.png\" alt=\"\" class=\"wp-image-62\" width=\"755\" height=\"572\" srcset=\"https:\/\/www.ultimaster.com\/wp-content\/uploads\/2022\/02\/SL30.png 355w, https:\/\/www.ultimaster.com\/wp-content\/uploads\/2022\/02\/SL30-300x227.png 300w\" sizes=\"auto, (max-width: 755px) 100vw, 755px\" \/><\/figure>\n\n\n\n<h2 class=\"wp-block-heading\" id=\"sl60\">SL60<\/h2>\n\n\n\n<h3 class=\"wp-block-heading\">Technische Daten<\/h3>\n\n\n\n<figure class=\"wp-block-table is-style-stripes\"><table><tbody><tr><td>Arbeitsbereich:<\/td><td>0.393\u201c &#8211; 2.374\u201c <br>(10mm &#8211; 60.3mm)<\/td><\/tr><tr><td>Fasenformen &amp; Winkel:<\/td><td>I, V,<br>Andere auf Anfrage<\/td><\/tr><tr><td>Spannen:<\/td><td>Manuell<\/td><\/tr><tr><td>Vorschub:<\/td><td>0.394\u201c (10mm)<\/td><\/tr><tr><td>Drehgeschwindigkeit:<\/td><td>120 U\/min bis 360 U\/min<\/td><\/tr><tr><td>Pneumatischer Antrieb:<\/td><td>730 W, 6 bar (87 psi),<br>1400 l\/min (49 cfm)<\/td><\/tr><tr><td>Elektrischer Antrieb:<\/td><td>110 V (1500 W) oder<br>220 V (1050 W)<\/td><\/tr><\/tbody><\/table><\/figure>\n\n\n\n<figure class=\"wp-block-image size-large\"><img loading=\"lazy\" decoding=\"async\" width=\"1024\" height=\"570\" src=\"http:\/\/www.ultimaster.com\/wp-content\/uploads\/2022\/02\/SL60-1-1024x570.png\" alt=\"\" class=\"wp-image-63\" srcset=\"https:\/\/www.ultimaster.com\/wp-content\/uploads\/2022\/02\/SL60-1-1024x570.png 1024w, https:\/\/www.ultimaster.com\/wp-content\/uploads\/2022\/02\/SL60-1-300x167.png 300w, https:\/\/www.ultimaster.com\/wp-content\/uploads\/2022\/02\/SL60-1-768x428.png 768w, https:\/\/www.ultimaster.com\/wp-content\/uploads\/2022\/02\/SL60-1.png 1530w\" sizes=\"auto, (max-width: 1024px) 100vw, 1024px\" \/><\/figure>\n\n\n\n<h2 class=\"wp-block-heading\" id=\"sl60\">SL120<\/h2>\n\n\n\n<h3 class=\"wp-block-heading\">Technische Daten<\/h3>\n\n\n\n<figure class=\"wp-block-table is-style-stripes\"><table><tbody><tr><td>Arbeitsbereich:<\/td><td>1.968\u201c &#8211; 4.724\u201c <br>(50mm &#8211; 120mm)<\/td><\/tr><tr><td>Fasenformen &amp; Winkel:<\/td><td>I, V,<br>Andere auf Anfrage<\/td><\/tr><tr><td>Spannen:<\/td><td>Manuell<\/td><\/tr><tr><td>Vorschub:<\/td><td>0.394\u201c (10mm)<\/td><\/tr><tr><td>Drehgeschwindigkeit:<\/td><td>20 U\/min bis 60 U\/min<\/td><\/tr><tr><td>Pneumatischer Antrieb:<\/td><td>730 W, 6 bar (87 psi),<br>1400 l\/min (49 cfm)<\/td><\/tr><tr><td>Elektrischer Antrieb:<\/td><td>110 V (1500 W) oder<br>220 V (1050 W)<\/td><\/tr><\/tbody><\/table><\/figure>\n\n\n\n<figure class=\"wp-block-image size-full\"><img loading=\"lazy\" decoding=\"async\" width=\"926\" height=\"844\" src=\"http:\/\/www.ultimaster.com\/wp-content\/uploads\/2022\/02\/SL120-1-1.png\" alt=\"\" class=\"wp-image-65\" srcset=\"https:\/\/www.ultimaster.com\/wp-content\/uploads\/2022\/02\/SL120-1-1.png 926w, https:\/\/www.ultimaster.com\/wp-content\/uploads\/2022\/02\/SL120-1-1-300x273.png 300w, https:\/\/www.ultimaster.com\/wp-content\/uploads\/2022\/02\/SL120-1-1-768x700.png 768w\" sizes=\"auto, (max-width: 926px) 100vw, 926px\" \/><\/figure>\n","protected":false},"excerpt":{"rendered":"<p>Rechtwinkliges &amp; gratfreies Anplanen and Anfasen (I-V-U-Innenbearbeitung-Doppelfasen) f\u00fcr Rohre &amp; Rohrbogen. Mit der PROTEM SE-NG Serie lassen sich Rohre mit Au\u00dfen \u00d8 von 0.393\u201c &#8211; 8.622\u201c (10mm-219mm) bearbeiten. Die PROTEM SE-NG Serie bietet einen sehr pr\u00e4zisen Vorschub, leistungsstarke &amp; zuverl\u00e4ssige Antriebe f\u00fcr ein perfektes Arbeitsergebnis &amp; optimierte Lebensdauer der Schneideins\u00e4tze. Die Werkzeughalterplatte erm\u00f6glicht das Planen &hellip; <\/p>\n<p class=\"link-more\"><a href=\"https:\/\/www.ultimaster.com\/index.php\/de\/unser-produktsortiment\/plandrehmaschinen\/sl-serie-plandrehmaschinen\/\" class=\"more-link\">Read more<span class=\"screen-reader-text\"> &#8220;SL Serie &#8211; Plandrehmaschinen&#8221;<\/span><\/a><\/p>\n","protected":false},"author":2,"featured_media":0,"parent":299,"menu_order":0,"comment_status":"closed","ping_status":"closed","template":"","meta":{"footnotes":""},"class_list":["post-311","page","type-page","status-publish","hentry"],"_links":{"self":[{"href":"https:\/\/www.ultimaster.com\/index.php\/wp-json\/wp\/v2\/pages\/311","targetHints":{"allow":["GET"]}}],"collection":[{"href":"https:\/\/www.ultimaster.com\/index.php\/wp-json\/wp\/v2\/pages"}],"about":[{"href":"https:\/\/www.ultimaster.com\/index.php\/wp-json\/wp\/v2\/types\/page"}],"author":[{"embeddable":true,"href":"https:\/\/www.ultimaster.com\/index.php\/wp-json\/wp\/v2\/users\/2"}],"replies":[{"embeddable":true,"href":"https:\/\/www.ultimaster.com\/index.php\/wp-json\/wp\/v2\/comments?post=311"}],"version-history":[{"count":2,"href":"https:\/\/www.ultimaster.com\/index.php\/wp-json\/wp\/v2\/pages\/311\/revisions"}],"predecessor-version":[{"id":315,"href":"https:\/\/www.ultimaster.com\/index.php\/wp-json\/wp\/v2\/pages\/311\/revisions\/315"}],"up":[{"embeddable":true,"href":"https:\/\/www.ultimaster.com\/index.php\/wp-json\/wp\/v2\/pages\/299"}],"wp:attachment":[{"href":"https:\/\/www.ultimaster.com\/index.php\/wp-json\/wp\/v2\/media?parent=311"}],"curies":[{"name":"wp","href":"https:\/\/api.w.org\/{rel}","templated":true}]}}