{"id":322,"date":"2022-05-02T08:54:39","date_gmt":"2022-05-02T07:54:39","guid":{"rendered":"http:\/\/www.ultimaster.com\/?page_id=322"},"modified":"2022-05-02T08:54:40","modified_gmt":"2022-05-02T07:54:40","slug":"ug1-wolframelektrodenschleifgerat","status":"publish","type":"page","link":"https:\/\/www.ultimaster.com\/index.php\/de\/unser-produktsortiment\/ug1-wolframelektrodenschleifgerat\/","title":{"rendered":"UG1 &#8211; Wolframelektrodenschleifger\u00e4t"},"content":{"rendered":"\n<p>WIG (Wolfram-Inertgas-Schwei\u00dfung) ist ein Schwei\u00dfprozess das zum Lichtbogenschwei\u00dfen z\u00e4hlt, wobei die verwendete Elektrode nicht schmilzt. Bei dem WIG Schwei\u00dfprozess sind die Wolframelektroden die wichtigsten Komponenten bei der Anwendung.<\/p>\n\n\n\n<p>Die Wolframelektrode ist der entscheidende Tr\u00e4ger im Schwei\u00dfprozess und muss daher ordnungsgem\u00e4\u00df geschliffen und geschnitten werden. Eine unsachgem\u00e4\u00df vorbereitete Elektrode f\u00fchrt zu Lichtbogenwanderungen, Splittern, Abl\u00f6sungen und Inkonsistenzen. Richtig geschliffene und geschnittene Elektroden verbessern den Lichtbogenstart und die Stabilit\u00e4t drastisch.<\/p>\n\n\n\n<figure class=\"wp-block-image size-large\"><img loading=\"lazy\" decoding=\"async\" width=\"1024\" height=\"768\" src=\"http:\/\/www.ultimaster.com\/wp-content\/uploads\/2022\/02\/UG1-1-1024x768.jpg\" alt=\"\" class=\"wp-image-13\" srcset=\"https:\/\/www.ultimaster.com\/wp-content\/uploads\/2022\/02\/UG1-1-1024x768.jpg 1024w, https:\/\/www.ultimaster.com\/wp-content\/uploads\/2022\/02\/UG1-1-300x225.jpg 300w, https:\/\/www.ultimaster.com\/wp-content\/uploads\/2022\/02\/UG1-1-768x576.jpg 768w, https:\/\/www.ultimaster.com\/wp-content\/uploads\/2022\/02\/UG1-1-1536x1152.jpg 1536w, https:\/\/www.ultimaster.com\/wp-content\/uploads\/2022\/02\/UG1-1-2048x1536.jpg 2048w\" sizes=\"auto, (max-width: 1024px) 100vw, 1024px\" \/><\/figure>\n\n\n\n<h2 class=\"wp-block-heading\" id=\"technical-features\">Technische Daten<\/h2>\n\n\n\n<figure class=\"wp-block-table is-style-stripes\"><table class=\"has-fixed-layout\"><tbody><tr><td>Motor<\/td><td>Elektrisch 220V oder 110V<\/td><\/tr><tr><td>Leistung<\/td><td>720W; 1HP; 3.2A<\/td><\/tr><tr><td>Drehgeschwindigkeit (entladen)<\/td><td>40 000 U\/min<\/td><\/tr><tr><td>Vorschub<\/td><td>Manuell<\/td><\/tr><tr><td>Elektroden \u00d8<\/td><td>0.04&#8243; (1mm)<br>0.062&#8243; (1.6mm)<br>0.08&#8243; (2mm)<br>0.094&#8243; (2.4mm)<br>0.125&#8243; (3.2mm)<br>0.157&#8243; (4mm)<\/td><\/tr><tr><td>Spanneinsatz<\/td><td>15\u00b0, 18\u00b0, 22.5\u00b0, 30\u00b0<\/td><\/tr><tr><td>Diamantrad<\/td><td>1.97&#8243; (50mm)<\/td><\/tr><tr><td>Kabel<\/td><td>2m (6.5ft)<\/td><\/tr><tr><td>Ger\u00e4uschpegel<\/td><td>83db<\/td><\/tr><\/tbody><\/table><\/figure>\n\n\n\n<h2 class=\"wp-block-heading\" id=\"advantages\">Vorteile<\/h2>\n\n\n\n<p>\u2022 Tragbar<br>\u2022 Leicht<br>\u2022 Sehr kompakt<br>\u2022 Wiederholbarkeit des Sch\u00e4rfens und Abschneidens<br>\u2022 Hohe Pr\u00e4zision<br>\u2022 Vielseitig<br>\u2022 Robust<br>\u2022 Zuverl\u00e4ssig<br>\u2022 Trockenes Sch\u00e4rfen, es wird kein K\u00fchlmittel ben\u00f6tigt<\/p>\n","protected":false},"excerpt":{"rendered":"<p>WIG (Wolfram-Inertgas-Schwei\u00dfung) ist ein Schwei\u00dfprozess das zum Lichtbogenschwei\u00dfen z\u00e4hlt, wobei die verwendete Elektrode nicht schmilzt. Bei dem WIG Schwei\u00dfprozess sind die Wolframelektroden die wichtigsten Komponenten bei der Anwendung. Die Wolframelektrode ist der entscheidende Tr\u00e4ger im Schwei\u00dfprozess und muss daher ordnungsgem\u00e4\u00df geschliffen und geschnitten werden. Eine unsachgem\u00e4\u00df vorbereitete Elektrode f\u00fchrt zu Lichtbogenwanderungen, Splittern, Abl\u00f6sungen und Inkonsistenzen. &hellip; <\/p>\n<p class=\"link-more\"><a href=\"https:\/\/www.ultimaster.com\/index.php\/de\/unser-produktsortiment\/ug1-wolframelektrodenschleifgerat\/\" class=\"more-link\">Read more<span class=\"screen-reader-text\"> &#8220;UG1 &#8211; Wolframelektrodenschleifger\u00e4t&#8221;<\/span><\/a><\/p>\n","protected":false},"author":2,"featured_media":0,"parent":295,"menu_order":0,"comment_status":"closed","ping_status":"closed","template":"","meta":{"footnotes":""},"class_list":["post-322","page","type-page","status-publish","hentry"],"_links":{"self":[{"href":"https:\/\/www.ultimaster.com\/index.php\/wp-json\/wp\/v2\/pages\/322","targetHints":{"allow":["GET"]}}],"collection":[{"href":"https:\/\/www.ultimaster.com\/index.php\/wp-json\/wp\/v2\/pages"}],"about":[{"href":"https:\/\/www.ultimaster.com\/index.php\/wp-json\/wp\/v2\/types\/page"}],"author":[{"embeddable":true,"href":"https:\/\/www.ultimaster.com\/index.php\/wp-json\/wp\/v2\/users\/2"}],"replies":[{"embeddable":true,"href":"https:\/\/www.ultimaster.com\/index.php\/wp-json\/wp\/v2\/comments?post=322"}],"version-history":[{"count":1,"href":"https:\/\/www.ultimaster.com\/index.php\/wp-json\/wp\/v2\/pages\/322\/revisions"}],"predecessor-version":[{"id":323,"href":"https:\/\/www.ultimaster.com\/index.php\/wp-json\/wp\/v2\/pages\/322\/revisions\/323"}],"up":[{"embeddable":true,"href":"https:\/\/www.ultimaster.com\/index.php\/wp-json\/wp\/v2\/pages\/295"}],"wp:attachment":[{"href":"https:\/\/www.ultimaster.com\/index.php\/wp-json\/wp\/v2\/media?parent=322"}],"curies":[{"name":"wp","href":"https:\/\/api.w.org\/{rel}","templated":true}]}}