{"id":324,"date":"2022-05-02T09:17:07","date_gmt":"2022-05-02T08:17:07","guid":{"rendered":"http:\/\/www.ultimaster.com\/?page_id=324"},"modified":"2022-05-02T09:17:07","modified_gmt":"2022-05-02T08:17:07","slug":"ug1-machine-daffutage-epointage-et-coupe-delectrodes","status":"publish","type":"page","link":"https:\/\/www.ultimaster.com\/index.php\/fr\/notre-gamme-de-produits\/ug1-machine-daffutage-epointage-et-coupe-delectrodes\/","title":{"rendered":"UG1 &#8211; Machine d\u00b4aff\u00fbtage, \u00e9pointage et coupe d\u00b4\u00e9lectrodes"},"content":{"rendered":"\n<p>L\u2019\u00e9lectrode est un \u00e9l\u00e9ment essentiel en soudage TIG orbital. Elle repr\u00e9sente l\u00b4\u00e9l\u00e9ment qui permet d\u2019obtenir l\u2019arc \u00e9lectrique et la qualit\u00e9 de la soudure d\u00e9pend directement de sa g\u00e9om\u00e9trie. Une \u00e9lectrode doit \u00eatre aff\u00fbt\u00e9e, \u00e9point\u00e9e, coup\u00e9e selon les param\u00e8tres de soudage de votre application. A d\u00e9faut, l\u00b4\u00e9lectrode ne peut<br>supporter les courants \u00e9lev\u00e9s, elle br\u00fble facilement et peut contaminer le bain de soudure.<\/p>\n\n\n\n<p>Tr\u00e8s performante, l\u00b4aff\u00fbteuse d\u00b4\u00e9lectrodes UG1 permet un aff\u00fbtage, un \u00e9pointage et une coupe pr\u00e9cis permettant d\u00b4\u00e9liminer les arcs mal d\u00e9finis ou instables. Elle permet \u00e9galement d\u00b4am\u00e9liorer<br>consid\u00e9rablement la dur\u00e9e de vie des \u00e9lectrodes et favorise un meilleur amor\u00e7age des \u00e9lectrodes en tungst\u00e8ne.<\/p>\n\n\n\n<figure class=\"wp-block-image size-large\"><img loading=\"lazy\" decoding=\"async\" width=\"1024\" height=\"768\" src=\"http:\/\/www.ultimaster.com\/wp-content\/uploads\/2022\/02\/UG1-1-1024x768.jpg\" alt=\"\" class=\"wp-image-13\" srcset=\"https:\/\/www.ultimaster.com\/wp-content\/uploads\/2022\/02\/UG1-1-1024x768.jpg 1024w, https:\/\/www.ultimaster.com\/wp-content\/uploads\/2022\/02\/UG1-1-300x225.jpg 300w, https:\/\/www.ultimaster.com\/wp-content\/uploads\/2022\/02\/UG1-1-768x576.jpg 768w, https:\/\/www.ultimaster.com\/wp-content\/uploads\/2022\/02\/UG1-1-1536x1152.jpg 1536w, https:\/\/www.ultimaster.com\/wp-content\/uploads\/2022\/02\/UG1-1-2048x1536.jpg 2048w\" sizes=\"auto, (max-width: 1024px) 100vw, 1024px\" \/><\/figure>\n\n\n\n<h2 class=\"wp-block-heading\" id=\"technical-features\">Caract\u00e9ristiques techniques<\/h2>\n\n\n\n<figure class=\"wp-block-table is-style-stripes\"><table class=\"has-fixed-layout\"><tbody><tr><td>Motorisation<\/td><td>\u00c9lectrique 220V ou 110V<\/td><\/tr><tr><td>Puissance<\/td><td>720W; 1HP; 3.2A<\/td><\/tr><tr><td>Vitesse de rotation<\/td><td>40 000 tr\/min<\/td><\/tr><tr><td>Serrage<\/td><td>Manuel<\/td><\/tr><tr><td>\u00c9lectrode \u00d8<\/td><td>0.04&#8243; (1mm)<br>0.062&#8243; (1.6mm)<br>0.08&#8243; (2mm)<br>0.094&#8243; (2.4mm)<br>0.125&#8243; (3.2mm)<br>0.157&#8243; (4mm)<\/td><\/tr><tr><td>Angles d\u2019aff\u00fbtage<\/td><td>15\u00b0, 18\u00b0, 22.5\u00b0, 30\u00b0<\/td><\/tr><tr><td>Disque diamant\u00e9<\/td><td>1.97&#8243; (50mm)<\/td><\/tr><tr><td>C\u00e2ble<\/td><td>2m (6.5ft)<\/td><\/tr><tr><td>Niveau sonore<\/td><td>83db<\/td><\/tr><\/tbody><\/table><\/figure>\n\n\n\n<h2 class=\"wp-block-heading\" id=\"advantages\">Avantages<\/h2>\n\n\n\n<p>\u2022 Portable<br>\u2022 L\u00e9g\u00e8re<br>\u2022 Conception compacte<br>\u2022 R\u00e9p\u00e9titivit\u00e9 de la qualit\u00e9 d\u00b4aff\u00fbtage, d\u00b4\u00e9pointage et de coupe<br>\u2022 Grande pr\u00e9cision<br>\u2022 Flexibilit\u00e9<br>\u2022 Robustesse<br>\u2022 Fiable<br>\u2022 Usinage \u00e0 sec, pas de changement de liquide de refroidissement n\u00e9cessaire<\/p>\n","protected":false},"excerpt":{"rendered":"<p>L\u2019\u00e9lectrode est un \u00e9l\u00e9ment essentiel en soudage TIG orbital. Elle repr\u00e9sente l\u00b4\u00e9l\u00e9ment qui permet d\u2019obtenir l\u2019arc \u00e9lectrique et la qualit\u00e9 de la soudure d\u00e9pend directement de sa g\u00e9om\u00e9trie. Une \u00e9lectrode doit \u00eatre aff\u00fbt\u00e9e, \u00e9point\u00e9e, coup\u00e9e selon les param\u00e8tres de soudage de votre application. A d\u00e9faut, l\u00b4\u00e9lectrode ne peutsupporter les courants \u00e9lev\u00e9s, elle br\u00fble facilement et &hellip; <\/p>\n<p class=\"link-more\"><a href=\"https:\/\/www.ultimaster.com\/index.php\/fr\/notre-gamme-de-produits\/ug1-machine-daffutage-epointage-et-coupe-delectrodes\/\" class=\"more-link\">Read more<span class=\"screen-reader-text\"> &#8220;UG1 &#8211; Machine d\u00b4aff\u00fbtage, \u00e9pointage et coupe d\u00b4\u00e9lectrodes&#8221;<\/span><\/a><\/p>\n","protected":false},"author":2,"featured_media":0,"parent":297,"menu_order":0,"comment_status":"closed","ping_status":"closed","template":"","meta":{"footnotes":""},"class_list":["post-324","page","type-page","status-publish","hentry"],"_links":{"self":[{"href":"https:\/\/www.ultimaster.com\/index.php\/wp-json\/wp\/v2\/pages\/324","targetHints":{"allow":["GET"]}}],"collection":[{"href":"https:\/\/www.ultimaster.com\/index.php\/wp-json\/wp\/v2\/pages"}],"about":[{"href":"https:\/\/www.ultimaster.com\/index.php\/wp-json\/wp\/v2\/types\/page"}],"author":[{"embeddable":true,"href":"https:\/\/www.ultimaster.com\/index.php\/wp-json\/wp\/v2\/users\/2"}],"replies":[{"embeddable":true,"href":"https:\/\/www.ultimaster.com\/index.php\/wp-json\/wp\/v2\/comments?post=324"}],"version-history":[{"count":1,"href":"https:\/\/www.ultimaster.com\/index.php\/wp-json\/wp\/v2\/pages\/324\/revisions"}],"predecessor-version":[{"id":325,"href":"https:\/\/www.ultimaster.com\/index.php\/wp-json\/wp\/v2\/pages\/324\/revisions\/325"}],"up":[{"embeddable":true,"href":"https:\/\/www.ultimaster.com\/index.php\/wp-json\/wp\/v2\/pages\/297"}],"wp:attachment":[{"href":"https:\/\/www.ultimaster.com\/index.php\/wp-json\/wp\/v2\/media?parent=324"}],"curies":[{"name":"wp","href":"https:\/\/api.w.org\/{rel}","templated":true}]}}