{"id":326,"date":"2022-05-02T10:50:43","date_gmt":"2022-05-02T09:50:43","guid":{"rendered":"http:\/\/www.ultimaster.com\/?page_id=326"},"modified":"2022-05-02T13:09:10","modified_gmt":"2022-05-02T12:09:10","slug":"ultimate-split-serie","status":"publish","type":"page","link":"https:\/\/www.ultimaster.com\/index.php\/de\/unser-produktsortiment\/ultimate-split-serie\/","title":{"rendered":"Ultimate Split Serie"},"content":{"rendered":"\n<p><strong>ULTIMASTER <\/strong>orbitale Rohrs\u00e4gen sind die ideale L\u00f6sung f\u00fcr Ihre Vor-Ort-Bearbeitung. Diese Maschinen eignen sich auch hervorragend f\u00fcr die Vorfertigung und k\u00f6nnen unter extremen Bedingungen (extreme Temperaturen, hohe Luftfeuchtigkeit, ionisierende Strahlung) eingesetzt werden.<\/p>\n\n\n\n<h3 class=\"wp-block-heading\" id=\"advantages\">Vorteile<\/h3>\n\n\n\n<p>\u2022 Exakt rechtwinkliger Schnitt<br>\u2022 Automatische Zentrierung auf dem Rohr<br>\u2022 Perfektes konzentrisches Spannen<br>\u2022 Gratfreier Schnitt<br>\u2022 Schwingungsfrei beim Schneiden<br>\u2022 Keine Vibrationen w\u00e4hrend des Schneidevorganges<br>\u2022 Optimale Vorbereitung f\u00fcr den mechanisierten Schwei\u00dfprozess<br>\u2022 Robustheit, ergonomisches Design, Flexibilit\u00e4t, Zuverl\u00e4ssigkeit<br>\u2022 Mobil<br>\u2022 Leichte und sichere Nutzung vom Bediener<br>\u2022 Keine Verformung der Rohre<\/p>\n\n\n\n<h3 class=\"wp-block-heading\" id=\"ultimate-split-3-1\">Ultimate Split 3<\/h3>\n\n\n\n<p>Die Ultimate Split 3 Orbitalschneidemaschine wird zum Schneiden von Rohren aus beliebigem Material mit einem Durchmesser zwischen 0.196\u201d (5 mm) und 3.5\u201d (88.9 mm) und Wandst\u00e4rken von 0.04\u201d (1 mm) bis 0.27\u201d (7 mm) eingesetzt.<\/p>\n\n\n\n<p>Sie erm\u00f6glicht das Schneiden von Rohren ohne Verformung. Die Spannung erfolgt konzentrisch an 4 Punkten. Der Schnitt ist absolut rechtwinklig und gratfrei. Die Anpassung der Maschine an den jeweiligen Durchmesser ist einfach und sehr schnell.<\/p>\n\n\n\n<figure class=\"wp-block-gallery has-nested-images columns-default is-cropped wp-block-gallery-1 is-layout-flex wp-block-gallery-is-layout-flex\">\n<figure class=\"wp-block-image size-large is-style-rounded\"><img loading=\"lazy\" decoding=\"async\" width=\"768\" height=\"1024\" data-id=\"30\" src=\"http:\/\/www.ultimaster.com\/wp-content\/uploads\/2022\/02\/US3_-6-768x1024.jpg\" alt=\"\" class=\"wp-image-30\" srcset=\"https:\/\/www.ultimaster.com\/wp-content\/uploads\/2022\/02\/US3_-6-768x1024.jpg 768w, https:\/\/www.ultimaster.com\/wp-content\/uploads\/2022\/02\/US3_-6-225x300.jpg 225w, https:\/\/www.ultimaster.com\/wp-content\/uploads\/2022\/02\/US3_-6-1152x1536.jpg 1152w, https:\/\/www.ultimaster.com\/wp-content\/uploads\/2022\/02\/US3_-6-1536x2048.jpg 1536w, https:\/\/www.ultimaster.com\/wp-content\/uploads\/2022\/02\/US3_-6-scaled.jpg 1920w\" sizes=\"auto, (max-width: 768px) 100vw, 768px\" \/><\/figure>\n\n\n\n<figure class=\"wp-block-image size-large\"><img loading=\"lazy\" decoding=\"async\" width=\"1200\" height=\"1600\" data-id=\"17\" src=\"http:\/\/www.ultimaster.com\/wp-content\/uploads\/2022\/02\/US3-with-operator-2.jpg\" alt=\"\" class=\"wp-image-17\" srcset=\"https:\/\/www.ultimaster.com\/wp-content\/uploads\/2022\/02\/US3-with-operator-2.jpg 1200w, https:\/\/www.ultimaster.com\/wp-content\/uploads\/2022\/02\/US3-with-operator-2-225x300.jpg 225w, https:\/\/www.ultimaster.com\/wp-content\/uploads\/2022\/02\/US3-with-operator-2-768x1024.jpg 768w, https:\/\/www.ultimaster.com\/wp-content\/uploads\/2022\/02\/US3-with-operator-2-1152x1536.jpg 1152w\" sizes=\"auto, (max-width: 1200px) 100vw, 1200px\" \/><\/figure>\n\n\n\n<figure class=\"wp-block-image size-large is-style-rounded\"><img loading=\"lazy\" decoding=\"async\" width=\"768\" height=\"1024\" data-id=\"28\" src=\"http:\/\/www.ultimaster.com\/wp-content\/uploads\/2022\/02\/US3_-22-768x1024.jpg\" alt=\"\" class=\"wp-image-28\" srcset=\"https:\/\/www.ultimaster.com\/wp-content\/uploads\/2022\/02\/US3_-22-768x1024.jpg 768w, https:\/\/www.ultimaster.com\/wp-content\/uploads\/2022\/02\/US3_-22-225x300.jpg 225w, https:\/\/www.ultimaster.com\/wp-content\/uploads\/2022\/02\/US3_-22-1152x1536.jpg 1152w, https:\/\/www.ultimaster.com\/wp-content\/uploads\/2022\/02\/US3_-22.jpg 1200w\" sizes=\"auto, (max-width: 768px) 100vw, 768px\" \/><\/figure>\n<\/figure>\n\n\n\n<h3 class=\"wp-block-heading\" id=\"technical-features\">Technical Features<\/h3>\n\n\n\n<figure class=\"wp-block-table is-style-stripes\"><table class=\"has-fixed-layout\" style=\"border-style:solid;border-width:2px\"><tbody><tr><td>Spannen:<\/td><td>Manuell<\/td><\/tr><tr><td>Leistung:<\/td><td>220V (780W)<\/td><\/tr><tr><td>Motor:<\/td><td>Elektrisch oder Pneumatisch<\/td><\/tr><tr><td>Drehgeschwindigkeit:<\/td><td>21,5 &#8211; 71,5 U\/min<\/td><\/tr><tr><td>Gewicht:<\/td><td>43 kg (94,8lb)<\/td><\/tr><\/tbody><\/table><\/figure>\n\n\n\n<h3 class=\"wp-block-heading\" id=\"ultimate-split-6\">Ultimate Split 6<\/h3>\n\n\n\n<p>Die Ultimate Split 6 Orbitalschneidemaschine wird zum Schneiden von Rohren aus beliebigem Material mit einem Durchmesser zwischen 0.5\u201d (12.7 mm) und 6.626\u201d (168.3 mm) und Wandst\u00e4rken von 0.04\u201d (1 mm) bis 0.59\u201d (15 mm) eingesetzt.<\/p>\n\n\n\n<p style=\"font-size:clamp(14px, 0.875rem + ((1vw - 3.2px) * 0.104), 15px);\">Sie erm\u00f6glicht das Schneiden von Rohren ohne Verformung. Die Spannung erfolgt konzentrisch an 4 Punkten. Der Schnitt ist absolut rechtwinklig und gratfrei. Die Anpassung der Maschine an den jeweiligen Durchmesser ist einfach und sehr schnell.<\/p>\n\n\n\n<figure class=\"wp-block-gallery has-nested-images columns-default is-cropped wp-block-gallery-2 is-layout-flex wp-block-gallery-is-layout-flex\">\n<figure class=\"wp-block-image size-large is-style-rounded\"><img loading=\"lazy\" decoding=\"async\" width=\"1024\" height=\"1024\" data-id=\"32\" src=\"http:\/\/www.ultimaster.com\/wp-content\/uploads\/2022\/02\/US6-24-rund-1024x1024.png\" alt=\"\" class=\"wp-image-32\" srcset=\"https:\/\/www.ultimaster.com\/wp-content\/uploads\/2022\/02\/US6-24-rund-1024x1024.png 1024w, https:\/\/www.ultimaster.com\/wp-content\/uploads\/2022\/02\/US6-24-rund-300x300.png 300w, https:\/\/www.ultimaster.com\/wp-content\/uploads\/2022\/02\/US6-24-rund-150x150.png 150w, https:\/\/www.ultimaster.com\/wp-content\/uploads\/2022\/02\/US6-24-rund-768x768.png 768w, https:\/\/www.ultimaster.com\/wp-content\/uploads\/2022\/02\/US6-24-rund-1536x1536.png 1536w, https:\/\/www.ultimaster.com\/wp-content\/uploads\/2022\/02\/US6-24-rund-2048x2048.png 2048w\" sizes=\"auto, (max-width: 1024px) 100vw, 1024px\" \/><\/figure>\n\n\n\n<figure class=\"wp-block-image size-large is-style-rounded\"><img loading=\"lazy\" decoding=\"async\" width=\"1024\" height=\"1024\" data-id=\"33\" src=\"http:\/\/www.ultimaster.com\/wp-content\/uploads\/2022\/02\/US6-9-rund-1024x1024.png\" alt=\"\" class=\"wp-image-33\" srcset=\"https:\/\/www.ultimaster.com\/wp-content\/uploads\/2022\/02\/US6-9-rund-1024x1024.png 1024w, https:\/\/www.ultimaster.com\/wp-content\/uploads\/2022\/02\/US6-9-rund-300x300.png 300w, https:\/\/www.ultimaster.com\/wp-content\/uploads\/2022\/02\/US6-9-rund-150x150.png 150w, https:\/\/www.ultimaster.com\/wp-content\/uploads\/2022\/02\/US6-9-rund-768x768.png 768w, https:\/\/www.ultimaster.com\/wp-content\/uploads\/2022\/02\/US6-9-rund-1536x1536.png 1536w, https:\/\/www.ultimaster.com\/wp-content\/uploads\/2022\/02\/US6-9-rund-2048x2048.png 2048w\" sizes=\"auto, (max-width: 1024px) 100vw, 1024px\" \/><\/figure>\n\n\n\n<figure class=\"wp-block-image size-large is-style-rounded\"><img loading=\"lazy\" decoding=\"async\" width=\"1024\" height=\"1024\" data-id=\"34\" src=\"http:\/\/www.ultimaster.com\/wp-content\/uploads\/2022\/02\/US6-2-rund-1024x1024.png\" alt=\"\" class=\"wp-image-34\" srcset=\"https:\/\/www.ultimaster.com\/wp-content\/uploads\/2022\/02\/US6-2-rund-1024x1024.png 1024w, https:\/\/www.ultimaster.com\/wp-content\/uploads\/2022\/02\/US6-2-rund-300x300.png 300w, https:\/\/www.ultimaster.com\/wp-content\/uploads\/2022\/02\/US6-2-rund-150x150.png 150w, https:\/\/www.ultimaster.com\/wp-content\/uploads\/2022\/02\/US6-2-rund-768x768.png 768w, https:\/\/www.ultimaster.com\/wp-content\/uploads\/2022\/02\/US6-2-rund-1536x1536.png 1536w, https:\/\/www.ultimaster.com\/wp-content\/uploads\/2022\/02\/US6-2-rund-2048x2048.png 2048w\" sizes=\"auto, (max-width: 1024px) 100vw, 1024px\" \/><\/figure>\n<\/figure>\n\n\n\n<h3 class=\"wp-block-heading\" id=\"technical-features\">Technische Daten<\/h3>\n\n\n\n<figure class=\"wp-block-table is-style-stripes\"><table class=\"has-fixed-layout\"><tbody><tr><td>Spannen:<\/td><td>Manuell<\/td><\/tr><tr><td>Leistung:<\/td><td>220V (1300W), 110V (1100W)<\/td><\/tr><tr><td>Motor:<\/td><td>Elektrisch oder Pneumatisch<\/td><\/tr><tr><td>Drehgeschwindigkeit:<\/td><td>13-70 U\/min<\/td><\/tr><tr><td>Gewicht:<\/td><td>70 kg (154,32lb)<\/td><\/tr><\/tbody><\/table><\/figure>\n\n\n\n<figure class=\"wp-block-embed is-type-video is-provider-youtube wp-block-embed-youtube wp-embed-aspect-16-9 wp-has-aspect-ratio\"><div class=\"wp-block-embed__wrapper\">\n<iframe loading=\"lazy\" title=\"ULTIMASTER US6 Orbitales schneiden Coupe tube orbital Orbital Cutting\" width=\"950\" height=\"534\" src=\"https:\/\/www.youtube.com\/embed\/ptHkqnMjot4?feature=oembed\" frameborder=\"0\" allow=\"accelerometer; autoplay; clipboard-write; encrypted-media; gyroscope; picture-in-picture\" allowfullscreen><\/iframe>\n<\/div><\/figure>\n\n\n\n<h3 class=\"wp-block-heading\" id=\"ultimate-split-12\">Ultimate Split 12<\/h3>\n\n\n\n<p>Die Ultimate Split 12 Orbitalschneidemaschine wird zum Schneiden von Rohren aus beliebigem Material mit einem Durchmesser zwischen 6\u201c (168.3 mm) und 12\u201c (323.9 mm) und Wandst\u00e4rken von 0.04\u201d (1 mm) bis 0.59\u201d (15 mm) eingesetzt.<\/p>\n\n\n\n<p style=\"font-size:clamp(14px, 0.875rem + ((1vw - 3.2px) * 0.104), 15px);\">Sie erm\u00f6glicht das Schneiden von Rohren ohne Verformung. Die Spannung erfolgt konzentrisch an 4 Punkten. Der Schnitt ist absolut rechtwinklig und gratfrei. Die Anpassung der Maschine an den jeweiligen Durchmesser ist einfach und sehr schnell.<\/p>\n\n\n\n<figure class=\"wp-block-gallery has-nested-images columns-default is-cropped wp-block-gallery-3 is-layout-flex wp-block-gallery-is-layout-flex\">\n<figure class=\"wp-block-image size-large\"><img loading=\"lazy\" decoding=\"async\" width=\"448\" height=\"434\" data-id=\"27\" src=\"http:\/\/www.ultimaster.com\/wp-content\/uploads\/2022\/02\/US12-5.png\" alt=\"\" class=\"wp-image-27\" srcset=\"https:\/\/www.ultimaster.com\/wp-content\/uploads\/2022\/02\/US12-5.png 448w, https:\/\/www.ultimaster.com\/wp-content\/uploads\/2022\/02\/US12-5-300x291.png 300w\" sizes=\"auto, (max-width: 448px) 100vw, 448px\" \/><\/figure>\n\n\n\n<figure class=\"wp-block-image size-large is-style-rounded\"><img loading=\"lazy\" decoding=\"async\" width=\"1024\" height=\"576\" data-id=\"35\" src=\"http:\/\/www.ultimaster.com\/wp-content\/uploads\/2022\/02\/US12-2-1024x576.png\" alt=\"\" class=\"wp-image-35\" srcset=\"https:\/\/www.ultimaster.com\/wp-content\/uploads\/2022\/02\/US12-2-1024x576.png 1024w, https:\/\/www.ultimaster.com\/wp-content\/uploads\/2022\/02\/US12-2-300x169.png 300w, https:\/\/www.ultimaster.com\/wp-content\/uploads\/2022\/02\/US12-2-768x432.png 768w, https:\/\/www.ultimaster.com\/wp-content\/uploads\/2022\/02\/US12-2-1536x864.png 1536w, https:\/\/www.ultimaster.com\/wp-content\/uploads\/2022\/02\/US12-2-2048x1152.png 2048w\" sizes=\"auto, (max-width: 1024px) 100vw, 1024px\" \/><\/figure>\n\n\n\n<figure class=\"wp-block-image size-large is-style-rounded\"><img loading=\"lazy\" decoding=\"async\" width=\"1024\" height=\"576\" data-id=\"36\" src=\"http:\/\/www.ultimaster.com\/wp-content\/uploads\/2022\/02\/US12-1-1024x576.jpg\" alt=\"\" class=\"wp-image-36\" srcset=\"https:\/\/www.ultimaster.com\/wp-content\/uploads\/2022\/02\/US12-1-1024x576.jpg 1024w, https:\/\/www.ultimaster.com\/wp-content\/uploads\/2022\/02\/US12-1-300x169.jpg 300w, https:\/\/www.ultimaster.com\/wp-content\/uploads\/2022\/02\/US12-1-768x432.jpg 768w, https:\/\/www.ultimaster.com\/wp-content\/uploads\/2022\/02\/US12-1-1536x864.jpg 1536w, https:\/\/www.ultimaster.com\/wp-content\/uploads\/2022\/02\/US12-1-2048x1152.jpg 2048w\" sizes=\"auto, (max-width: 1024px) 100vw, 1024px\" \/><\/figure>\n<\/figure>\n\n\n\n<h3 class=\"wp-block-heading\" id=\"technical-features\">Technische Daten<\/h3>\n\n\n\n<figure class=\"wp-block-table is-style-stripes\"><table class=\"has-fixed-layout\"><tbody><tr><td>Spannen:<\/td><td>Manuell<\/td><\/tr><tr><td>Leistung:<\/td><td>220V (1300W), 110V (1100W)<\/td><\/tr><tr><td>Motor:<\/td><td>Elektrisch<\/td><\/tr><tr><td>Drehgeschwindigkeit:<\/td><td>13-70 U\/min<\/td><\/tr><tr><td>Gewicht:<\/td><td>87 kg (191,8lb)<\/td><\/tr><\/tbody><\/table><\/figure>\n\n\n\n<p><\/p>\n","protected":false},"excerpt":{"rendered":"<p>ULTIMASTER orbitale Rohrs\u00e4gen sind die ideale L\u00f6sung f\u00fcr Ihre Vor-Ort-Bearbeitung. Diese Maschinen eignen sich auch hervorragend f\u00fcr die Vorfertigung und k\u00f6nnen unter extremen Bedingungen (extreme Temperaturen, hohe Luftfeuchtigkeit, ionisierende Strahlung) eingesetzt werden. Vorteile \u2022 Exakt rechtwinkliger Schnitt\u2022 Automatische Zentrierung auf dem Rohr\u2022 Perfektes konzentrisches Spannen\u2022 Gratfreier Schnitt\u2022 Schwingungsfrei beim Schneiden\u2022 Keine Vibrationen w\u00e4hrend des Schneidevorganges\u2022 &hellip; <\/p>\n<p class=\"link-more\"><a href=\"https:\/\/www.ultimaster.com\/index.php\/de\/unser-produktsortiment\/ultimate-split-serie\/\" class=\"more-link\">Read more<span class=\"screen-reader-text\"> &#8220;Ultimate Split Serie&#8221;<\/span><\/a><\/p>\n","protected":false},"author":2,"featured_media":0,"parent":295,"menu_order":0,"comment_status":"closed","ping_status":"closed","template":"","meta":{"footnotes":""},"class_list":["post-326","page","type-page","status-publish","hentry"],"_links":{"self":[{"href":"https:\/\/www.ultimaster.com\/index.php\/wp-json\/wp\/v2\/pages\/326","targetHints":{"allow":["GET"]}}],"collection":[{"href":"https:\/\/www.ultimaster.com\/index.php\/wp-json\/wp\/v2\/pages"}],"about":[{"href":"https:\/\/www.ultimaster.com\/index.php\/wp-json\/wp\/v2\/types\/page"}],"author":[{"embeddable":true,"href":"https:\/\/www.ultimaster.com\/index.php\/wp-json\/wp\/v2\/users\/2"}],"replies":[{"embeddable":true,"href":"https:\/\/www.ultimaster.com\/index.php\/wp-json\/wp\/v2\/comments?post=326"}],"version-history":[{"count":2,"href":"https:\/\/www.ultimaster.com\/index.php\/wp-json\/wp\/v2\/pages\/326\/revisions"}],"predecessor-version":[{"id":332,"href":"https:\/\/www.ultimaster.com\/index.php\/wp-json\/wp\/v2\/pages\/326\/revisions\/332"}],"up":[{"embeddable":true,"href":"https:\/\/www.ultimaster.com\/index.php\/wp-json\/wp\/v2\/pages\/295"}],"wp:attachment":[{"href":"https:\/\/www.ultimaster.com\/index.php\/wp-json\/wp\/v2\/media?parent=326"}],"curies":[{"name":"wp","href":"https:\/\/api.w.org\/{rel}","templated":true}]}}