{"id":329,"date":"2022-05-02T12:54:29","date_gmt":"2022-05-02T11:54:29","guid":{"rendered":"http:\/\/www.ultimaster.com\/?page_id=329"},"modified":"2022-05-02T13:08:46","modified_gmt":"2022-05-02T12:08:46","slug":"gamme-ultimate-split","status":"publish","type":"page","link":"https:\/\/www.ultimaster.com\/index.php\/fr\/notre-gamme-de-produits\/gamme-ultimate-split\/","title":{"rendered":"Gamme Ultimate Split"},"content":{"rendered":"\n<p>Les machines <strong>ULTIMASTER <\/strong>repr\u00e9sentent la solution id\u00e9ale pour effectuer vos travaux de pr\u00e9paration \u00e0 la soudure sur site ou en atelier. Elles peuvent \u00e9galement \u00eatre utilis\u00e9es dans des environnements contraignants (temp\u00e9ratures extr\u00eames, fort taux d\u00b4humidit\u00e9, milieux salins, zones de travail soumises \u00e0 rayonnements ionisants).<\/p>\n\n\n\n<h3 class=\"wp-block-heading\" id=\"advantages\">Avantages<\/h3>\n\n\n\n<p>\u2022 Coupe parfaitement perpendiculaire<br>\u2022 Centrage automatique sur le tube<br>\u2022 Serrage concentrique ne provoquant aucune d\u00e9formation du tube<br>\u2022 Coupe sans bavure<br>\u2022 Pas de vibrations pendant l\u00b4op\u00e9ration de d\u00e9coupe du tube<br>\u2022 Pr\u00e9paration \u00e0 la soudure adapt\u00e9e pour la mise en oeuvre de proc\u00e9d\u00e9s de soudage manuels ou m\u00e9canis\u00e9s<br>\u2022 Robustesse, conception ergonomique, flexibilit\u00e9, fiabilit\u00e9<br>\u2022 Transportable<br>\u2022 Utilisation simple et s\u00e9curis\u00e9e pour l\u00b4op\u00e9rateur<br>\u2022 Pas de d\u00e9formation des tubes pendant la coupe (pour les tubes fins, mettre en oeuvre l\u00b4option mors enveloppants)<\/p>\n\n\n\n<h3 class=\"wp-block-heading\" id=\"ultimate-split-3-1\">Ultimate Split 3<\/h3>\n\n\n\n<p>La machine Ultimate Split 3 est utilis\u00e9e pour couper des tubes de toutes mati\u00e8res ayant un \u00d8 mini de 0.196\u201d (5 mm) et un \u00d8 maxi de 3.5\u201d (88.9 mm) et des \u00e9paisseurs allant de 0.04\u201d (1 mm) \u00e0 0.27\u201d (7 mm).<\/p>\n\n\n\n<p>Gr\u00e2ce \u00e0 un syst\u00e8me de serrage concentrique tr\u00e8s performant et innovant, le serrage sur le tube ne provoque aucune d\u00e9formation. La coupe r\u00e9alis\u00e9e est parfaitement perpendiculaire et ne pr\u00e9sente pas de bavures.<\/p>\n\n\n\n<figure class=\"wp-block-gallery has-nested-images columns-default is-cropped wp-block-gallery-1 is-layout-flex wp-block-gallery-is-layout-flex\">\n<figure class=\"wp-block-image size-large is-style-rounded\"><img loading=\"lazy\" decoding=\"async\" width=\"768\" height=\"1024\" data-id=\"30\" src=\"http:\/\/www.ultimaster.com\/wp-content\/uploads\/2022\/02\/US3_-6-768x1024.jpg\" alt=\"\" class=\"wp-image-30\" srcset=\"https:\/\/www.ultimaster.com\/wp-content\/uploads\/2022\/02\/US3_-6-768x1024.jpg 768w, https:\/\/www.ultimaster.com\/wp-content\/uploads\/2022\/02\/US3_-6-225x300.jpg 225w, https:\/\/www.ultimaster.com\/wp-content\/uploads\/2022\/02\/US3_-6-1152x1536.jpg 1152w, https:\/\/www.ultimaster.com\/wp-content\/uploads\/2022\/02\/US3_-6-1536x2048.jpg 1536w, https:\/\/www.ultimaster.com\/wp-content\/uploads\/2022\/02\/US3_-6-scaled.jpg 1920w\" sizes=\"auto, (max-width: 768px) 100vw, 768px\" \/><\/figure>\n\n\n\n<figure class=\"wp-block-image size-large\"><img loading=\"lazy\" decoding=\"async\" width=\"1200\" height=\"1600\" data-id=\"17\" src=\"http:\/\/www.ultimaster.com\/wp-content\/uploads\/2022\/02\/US3-with-operator-2.jpg\" alt=\"\" class=\"wp-image-17\" srcset=\"https:\/\/www.ultimaster.com\/wp-content\/uploads\/2022\/02\/US3-with-operator-2.jpg 1200w, https:\/\/www.ultimaster.com\/wp-content\/uploads\/2022\/02\/US3-with-operator-2-225x300.jpg 225w, https:\/\/www.ultimaster.com\/wp-content\/uploads\/2022\/02\/US3-with-operator-2-768x1024.jpg 768w, https:\/\/www.ultimaster.com\/wp-content\/uploads\/2022\/02\/US3-with-operator-2-1152x1536.jpg 1152w\" sizes=\"auto, (max-width: 1200px) 100vw, 1200px\" \/><\/figure>\n\n\n\n<figure class=\"wp-block-image size-large is-style-rounded\"><img loading=\"lazy\" decoding=\"async\" width=\"768\" height=\"1024\" data-id=\"28\" src=\"http:\/\/www.ultimaster.com\/wp-content\/uploads\/2022\/02\/US3_-22-768x1024.jpg\" alt=\"\" class=\"wp-image-28\" srcset=\"https:\/\/www.ultimaster.com\/wp-content\/uploads\/2022\/02\/US3_-22-768x1024.jpg 768w, https:\/\/www.ultimaster.com\/wp-content\/uploads\/2022\/02\/US3_-22-225x300.jpg 225w, https:\/\/www.ultimaster.com\/wp-content\/uploads\/2022\/02\/US3_-22-1152x1536.jpg 1152w, https:\/\/www.ultimaster.com\/wp-content\/uploads\/2022\/02\/US3_-22.jpg 1200w\" sizes=\"auto, (max-width: 768px) 100vw, 768px\" \/><\/figure>\n<\/figure>\n\n\n\n<h3 class=\"wp-block-heading\" id=\"technical-features\">Carat\u00e9ristiques techniques<\/h3>\n\n\n\n<figure class=\"wp-block-table is-style-stripes\"><table class=\"has-fixed-layout\" style=\"border-style:solid;border-width:2px\"><tbody><tr><td>Serrage :<\/td><td>Manuel<\/td><\/tr><tr><td>Puissance :<\/td><td>220V (780W)<\/td><\/tr><tr><td>Moteur :<\/td><td>\u00c9lectrique ou Pneumatique<\/td><\/tr><tr><td>Vitesse de rotation de la fraise :<\/td><td>21,5 &#8211; 71,5 tr\/mn<\/td><\/tr><tr><td>Poids :<\/td><td>43 kg (94,8lb)<\/td><\/tr><\/tbody><\/table><\/figure>\n\n\n\n<h3 class=\"wp-block-heading\" id=\"ultimate-split-6\">Ultimate Split 6<\/h3>\n\n\n\n<p>La machine Ultimate Split 6 est utilis\u00e9e pour couper des tubes de toutes mati\u00e8res ayant un \u00d8 mini de 0.5\u201d (12.7 mm) et un \u00d8 maxi de 6.626\u201d (168.3 mm) et des \u00e9paisseurs allant de 0.04\u201d (1 mm) \u00e0 0.59\u201d (15 mm).<\/p>\n\n\n\n<p style=\"font-size:clamp(14px, 0.875rem + ((1vw - 3.2px) * 0.104), 15px);\">Gr\u00e2ce \u00e0 un syst\u00e8me de serrage concentrique tr\u00e8s performant et innovant, le serrage sur le tube ne provoque aucune d\u00e9formation. La coupe r\u00e9alis\u00e9e est parfaitement perpendiculaire et ne pr\u00e9sente pas de bavures.<\/p>\n\n\n\n<figure class=\"wp-block-gallery has-nested-images columns-default is-cropped wp-block-gallery-2 is-layout-flex wp-block-gallery-is-layout-flex\">\n<figure class=\"wp-block-image size-large is-style-rounded\"><img loading=\"lazy\" decoding=\"async\" width=\"1024\" height=\"1024\" data-id=\"32\" src=\"http:\/\/www.ultimaster.com\/wp-content\/uploads\/2022\/02\/US6-24-rund-1024x1024.png\" alt=\"\" class=\"wp-image-32\" srcset=\"https:\/\/www.ultimaster.com\/wp-content\/uploads\/2022\/02\/US6-24-rund-1024x1024.png 1024w, https:\/\/www.ultimaster.com\/wp-content\/uploads\/2022\/02\/US6-24-rund-300x300.png 300w, https:\/\/www.ultimaster.com\/wp-content\/uploads\/2022\/02\/US6-24-rund-150x150.png 150w, https:\/\/www.ultimaster.com\/wp-content\/uploads\/2022\/02\/US6-24-rund-768x768.png 768w, https:\/\/www.ultimaster.com\/wp-content\/uploads\/2022\/02\/US6-24-rund-1536x1536.png 1536w, https:\/\/www.ultimaster.com\/wp-content\/uploads\/2022\/02\/US6-24-rund-2048x2048.png 2048w\" sizes=\"auto, (max-width: 1024px) 100vw, 1024px\" \/><\/figure>\n\n\n\n<figure class=\"wp-block-image size-large is-style-rounded\"><img loading=\"lazy\" decoding=\"async\" width=\"1024\" height=\"1024\" data-id=\"33\" src=\"http:\/\/www.ultimaster.com\/wp-content\/uploads\/2022\/02\/US6-9-rund-1024x1024.png\" alt=\"\" class=\"wp-image-33\" srcset=\"https:\/\/www.ultimaster.com\/wp-content\/uploads\/2022\/02\/US6-9-rund-1024x1024.png 1024w, https:\/\/www.ultimaster.com\/wp-content\/uploads\/2022\/02\/US6-9-rund-300x300.png 300w, https:\/\/www.ultimaster.com\/wp-content\/uploads\/2022\/02\/US6-9-rund-150x150.png 150w, https:\/\/www.ultimaster.com\/wp-content\/uploads\/2022\/02\/US6-9-rund-768x768.png 768w, https:\/\/www.ultimaster.com\/wp-content\/uploads\/2022\/02\/US6-9-rund-1536x1536.png 1536w, https:\/\/www.ultimaster.com\/wp-content\/uploads\/2022\/02\/US6-9-rund-2048x2048.png 2048w\" sizes=\"auto, (max-width: 1024px) 100vw, 1024px\" \/><\/figure>\n\n\n\n<figure class=\"wp-block-image size-large is-style-rounded\"><img loading=\"lazy\" decoding=\"async\" width=\"1024\" height=\"1024\" data-id=\"34\" src=\"http:\/\/www.ultimaster.com\/wp-content\/uploads\/2022\/02\/US6-2-rund-1024x1024.png\" alt=\"\" class=\"wp-image-34\" srcset=\"https:\/\/www.ultimaster.com\/wp-content\/uploads\/2022\/02\/US6-2-rund-1024x1024.png 1024w, https:\/\/www.ultimaster.com\/wp-content\/uploads\/2022\/02\/US6-2-rund-300x300.png 300w, https:\/\/www.ultimaster.com\/wp-content\/uploads\/2022\/02\/US6-2-rund-150x150.png 150w, https:\/\/www.ultimaster.com\/wp-content\/uploads\/2022\/02\/US6-2-rund-768x768.png 768w, https:\/\/www.ultimaster.com\/wp-content\/uploads\/2022\/02\/US6-2-rund-1536x1536.png 1536w, https:\/\/www.ultimaster.com\/wp-content\/uploads\/2022\/02\/US6-2-rund-2048x2048.png 2048w\" sizes=\"auto, (max-width: 1024px) 100vw, 1024px\" \/><\/figure>\n<\/figure>\n\n\n\n<h3 class=\"wp-block-heading\" id=\"technical-features\">Carat\u00e9ristiques techniques<\/h3>\n\n\n\n<figure class=\"wp-block-table is-style-stripes\"><table class=\"has-fixed-layout\"><tbody><tr><td>Serrage :<\/td><td>Manuel<\/td><\/tr><tr><td>Puissance :<\/td><td>220V (1300W), 110V (1100W)<\/td><\/tr><tr><td>Moteur :<\/td><td>\u00c9lectrique ou Pneumatique<\/td><\/tr><tr><td>Vitesse de rotation de la fraise :<\/td><td>13-70 tr\/mn<\/td><\/tr><tr><td>Poids :<\/td><td>70 kg (154,32lb)<\/td><\/tr><\/tbody><\/table><\/figure>\n\n\n\n<figure class=\"wp-block-embed is-type-video is-provider-youtube wp-block-embed-youtube wp-embed-aspect-16-9 wp-has-aspect-ratio\"><div class=\"wp-block-embed__wrapper\">\n<iframe loading=\"lazy\" title=\"ULTIMASTER US6 Coupe tube orbital Orbital Cutting Orbitales schneiden\" width=\"950\" height=\"534\" src=\"https:\/\/www.youtube.com\/embed\/PzSX5kLxTlY?feature=oembed\" frameborder=\"0\" allow=\"accelerometer; autoplay; clipboard-write; encrypted-media; gyroscope; picture-in-picture\" allowfullscreen><\/iframe>\n<\/div><\/figure>\n\n\n\n<h3 class=\"wp-block-heading\" id=\"ultimate-split-12\">Ultimate Split 12<\/h3>\n\n\n\n<p>La machine Ultimate Split 12 est utilis\u00e9e pour couper des tubes de toutes mati\u00e8res ayant un \u00d8 mini de 6\u201c (168.3 mm) \u00e0 12\u201c (323.9 mm) et des \u00e9paisseurs allant de 0.04\u201c (1 mm) \u00e0 0.59\u201c (15 mm).<\/p>\n\n\n\n<p style=\"font-size:clamp(14px, 0.875rem + ((1vw - 3.2px) * 0.104), 15px);\">Gr\u00e2ce \u00e0 un syst\u00e8me de serrage concentrique tr\u00e8s performant et innovant, le serrage sur le tube ne provoque aucune d\u00e9formation. La coupe r\u00e9alis\u00e9e est parfaitement perpendiculaire et ne pr\u00e9sente pas de bavures.<\/p>\n\n\n\n<figure class=\"wp-block-gallery has-nested-images columns-default is-cropped wp-block-gallery-3 is-layout-flex wp-block-gallery-is-layout-flex\">\n<figure class=\"wp-block-image size-large\"><img loading=\"lazy\" decoding=\"async\" width=\"448\" height=\"434\" data-id=\"27\" src=\"http:\/\/www.ultimaster.com\/wp-content\/uploads\/2022\/02\/US12-5.png\" alt=\"\" class=\"wp-image-27\" srcset=\"https:\/\/www.ultimaster.com\/wp-content\/uploads\/2022\/02\/US12-5.png 448w, https:\/\/www.ultimaster.com\/wp-content\/uploads\/2022\/02\/US12-5-300x291.png 300w\" sizes=\"auto, (max-width: 448px) 100vw, 448px\" \/><\/figure>\n\n\n\n<figure class=\"wp-block-image size-large is-style-rounded\"><img loading=\"lazy\" decoding=\"async\" width=\"1024\" height=\"576\" data-id=\"35\" src=\"http:\/\/www.ultimaster.com\/wp-content\/uploads\/2022\/02\/US12-2-1024x576.png\" alt=\"\" class=\"wp-image-35\" srcset=\"https:\/\/www.ultimaster.com\/wp-content\/uploads\/2022\/02\/US12-2-1024x576.png 1024w, https:\/\/www.ultimaster.com\/wp-content\/uploads\/2022\/02\/US12-2-300x169.png 300w, https:\/\/www.ultimaster.com\/wp-content\/uploads\/2022\/02\/US12-2-768x432.png 768w, https:\/\/www.ultimaster.com\/wp-content\/uploads\/2022\/02\/US12-2-1536x864.png 1536w, https:\/\/www.ultimaster.com\/wp-content\/uploads\/2022\/02\/US12-2-2048x1152.png 2048w\" sizes=\"auto, (max-width: 1024px) 100vw, 1024px\" \/><\/figure>\n\n\n\n<figure class=\"wp-block-image size-large is-style-rounded\"><img loading=\"lazy\" decoding=\"async\" width=\"1024\" height=\"576\" data-id=\"36\" src=\"http:\/\/www.ultimaster.com\/wp-content\/uploads\/2022\/02\/US12-1-1024x576.jpg\" alt=\"\" class=\"wp-image-36\" srcset=\"https:\/\/www.ultimaster.com\/wp-content\/uploads\/2022\/02\/US12-1-1024x576.jpg 1024w, https:\/\/www.ultimaster.com\/wp-content\/uploads\/2022\/02\/US12-1-300x169.jpg 300w, https:\/\/www.ultimaster.com\/wp-content\/uploads\/2022\/02\/US12-1-768x432.jpg 768w, https:\/\/www.ultimaster.com\/wp-content\/uploads\/2022\/02\/US12-1-1536x864.jpg 1536w, https:\/\/www.ultimaster.com\/wp-content\/uploads\/2022\/02\/US12-1-2048x1152.jpg 2048w\" sizes=\"auto, (max-width: 1024px) 100vw, 1024px\" \/><\/figure>\n<\/figure>\n\n\n\n<h3 class=\"wp-block-heading\" id=\"technical-features\">Carat\u00e9ristiques techniques<\/h3>\n\n\n\n<figure class=\"wp-block-table is-style-stripes\"><table class=\"has-fixed-layout\"><tbody><tr><td>Serrage :<\/td><td>Manuel<\/td><\/tr><tr><td>Puissance :<\/td><td>220V (1300W), 110V (1100W)<\/td><\/tr><tr><td>Moteur :<\/td><td>\u00c9lectrique<\/td><\/tr><tr><td>Vitesse de rotation de la fraise :<\/td><td>13-70 tr\/mn<\/td><\/tr><tr><td>Poids :<\/td><td>87 kg (191,8lb)<\/td><\/tr><\/tbody><\/table><\/figure>\n\n\n\n<p><\/p>\n","protected":false},"excerpt":{"rendered":"<p>Les machines ULTIMASTER repr\u00e9sentent la solution id\u00e9ale pour effectuer vos travaux de pr\u00e9paration \u00e0 la soudure sur site ou en atelier. Elles peuvent \u00e9galement \u00eatre utilis\u00e9es dans des environnements contraignants (temp\u00e9ratures extr\u00eames, fort taux d\u00b4humidit\u00e9, milieux salins, zones de travail soumises \u00e0 rayonnements ionisants). Avantages \u2022 Coupe parfaitement perpendiculaire\u2022 Centrage automatique sur le tube\u2022 Serrage &hellip; <\/p>\n<p class=\"link-more\"><a href=\"https:\/\/www.ultimaster.com\/index.php\/fr\/notre-gamme-de-produits\/gamme-ultimate-split\/\" class=\"more-link\">Read more<span class=\"screen-reader-text\"> &#8220;Gamme Ultimate Split&#8221;<\/span><\/a><\/p>\n","protected":false},"author":2,"featured_media":0,"parent":297,"menu_order":0,"comment_status":"closed","ping_status":"closed","template":"","meta":{"footnotes":""},"class_list":["post-329","page","type-page","status-publish","hentry"],"_links":{"self":[{"href":"https:\/\/www.ultimaster.com\/index.php\/wp-json\/wp\/v2\/pages\/329","targetHints":{"allow":["GET"]}}],"collection":[{"href":"https:\/\/www.ultimaster.com\/index.php\/wp-json\/wp\/v2\/pages"}],"about":[{"href":"https:\/\/www.ultimaster.com\/index.php\/wp-json\/wp\/v2\/types\/page"}],"author":[{"embeddable":true,"href":"https:\/\/www.ultimaster.com\/index.php\/wp-json\/wp\/v2\/users\/2"}],"replies":[{"embeddable":true,"href":"https:\/\/www.ultimaster.com\/index.php\/wp-json\/wp\/v2\/comments?post=329"}],"version-history":[{"count":2,"href":"https:\/\/www.ultimaster.com\/index.php\/wp-json\/wp\/v2\/pages\/329\/revisions"}],"predecessor-version":[{"id":331,"href":"https:\/\/www.ultimaster.com\/index.php\/wp-json\/wp\/v2\/pages\/329\/revisions\/331"}],"up":[{"embeddable":true,"href":"https:\/\/www.ultimaster.com\/index.php\/wp-json\/wp\/v2\/pages\/297"}],"wp:attachment":[{"href":"https:\/\/www.ultimaster.com\/index.php\/wp-json\/wp\/v2\/media?parent=329"}],"curies":[{"name":"wp","href":"https:\/\/api.w.org\/{rel}","templated":true}]}}