{"id":447,"date":"2022-07-06T14:03:54","date_gmt":"2022-07-06T13:03:54","guid":{"rendered":"http:\/\/www.ultimaster.com\/?page_id=447"},"modified":"2022-07-06T14:03:55","modified_gmt":"2022-07-06T13:03:55","slug":"le-groupe","status":"publish","type":"page","link":"https:\/\/www.ultimaster.com\/index.php\/fr\/ultimaster-fr\/le-groupe\/","title":{"rendered":"Le Groupe"},"content":{"rendered":"\n<p>Le Groupe PROTEM a par ailleurs lanc\u00e9 sur le march\u00e9 sa marque\u00a0<a rel=\"noreferrer noopener\" href=\"http:\/\/www.ultimaster.com\/\" target=\"_blank\">ULTIMASTER<\/a>\u00a0afin de proposer des gammes compl\u00e8tes de machines de coupe orbitale de tubes d\u00e9di\u00e9es aux travaux portant sur des tubes de fines \u00e9paisseurs.<\/p>\n\n\n\n<p>PROTEM is a company which specializes in the study, conception and manufacturing of portable machines for construction, maintenance, repair, and dismantling of tubes and pipes. PROTEM machining applications are varied from orbital cutting, severing, beveling, squaring, counterboring, facing, surfacing, drilling and boring to cutting heat exchanger tubes to various lengths, removal of weld joints, replacement of steam generators, etc.<\/p>\n\n\n\n<p>SERCO est une entreprise fran\u00e7aise sp\u00e9cialis\u00e9e dans l\u2019\u00e9tude, la conception et la fabrication d\u2019unit\u00e9s mobiles d&#8217;usinage. Elle tire sa singularit\u00e9 de sa capacit\u00e9 \u00e0 concevoir et r\u00e9aliser des \u00e9quipements dont les composants permettent d\u2019obtenir une parfaite rigidit\u00e9 lors de leur fixation sur les brides ou vannes, qui autorise des usinages de tr\u00e8s haute pr\u00e9cision illustr\u00e9e par des tol\u00e9rances allant jusqu\u2019au centi\u00e8me de millim\u00e8tre. Cette expertise reconnue fait qu\u2019aujourd\u2019hui encore SERCO est le seul constructeur au monde \u00e0 proposer un r\u00e9glage ind\u00e9pendant de la concentricit\u00e9 et de la plan\u00e9it\u00e9. Par ailleurs, la conception des unit\u00e9s mobiles d\u2019usinage SERCO leur permet d\u2019\u00eatre mises en \u0153uvre dans des encombrements tr\u00e8s r\u00e9duits et dans des environnements tr\u00e8s contraignants.<\/p>\n\n\n\n<p>\u200bUltimaster fait partie du Groupe PROTEM aux c\u00f4t\u00e9s d\u2019une entreprise \u00e9ponyme. Ensemble, sous leurs propres noms et celui d\u2019une autre marque nomm\u00e9e Protem et Serco, les trois entit\u00e9s proposent une offre globale de machines-outils et de services hautement compl\u00e9mentaires destin\u00e9e \u00e0 couvrir tous les besoins en mati\u00e8re d\u2019usinage et de pr\u00e9paration aux travaux de soudage des composants tubulaires, d\u2019usinage des port\u00e9es d&#8217;\u00e9tanch\u00e9it\u00e9 sur des \u00e9changeurs de chaleur, de remplacement de g\u00e9n\u00e9rateurs de vapeur, d\u2019usinage de brides et vannes, de d\u00e9mant\u00e8lement des internes et des cuves de r\u00e9acteurs nucl\u00e9aires.<\/p>\n\n\n\n<p>Gr\u00e2ce \u00e0 ses ressources techniques et humaines performantes, le Groupe PROTEM est en mesure de produire des machines d\u2019usinage portables et transportables ainsi que des machines sp\u00e9cialement d\u00e9velopp\u00e9es pour les besoins des donneurs d\u2019ordres venant de divers secteurs d\u2019activit\u00e9 tels que l\u00b4\u00e9nergie (nucl\u00e9aire, p\u00e9trole et gaz, centrales thermiques, \u00e9nergies renouvelables), la fabrication de tubes et de vannes, le soudage, la construction navale, la chimie, les industries a\u00e9ronautique et a\u00e9rospatiale, les industries de la haute puret\u00e9 (pharmacie, semi-conducteurs, agroalimentaire, salles blanches\u2026).<\/p>\n\n\n\n<p>Depuis plus de 50 ans, la souplesse, la r\u00e9activit\u00e9 ainsi que la capacit\u00e9 d\u2019adaptation aux situations complexes dont le Groupe PROTEM fait preuve ont assis sa dimension internationale et permis \u00e0 ses entit\u00e9s de prendre part \u00e0 des projets industriels majeurs.\u00a0<\/p>\n\n\n\n<p>L\u2019innovation et la fiabilit\u00e9 des machines sont des objectifs constants car ils permettent au Groupe PROTEM d\u2019anticiper les besoins et de satisfaire les attentes de ses clients et partenaires en termes d\u2019exigences et de qualit\u00e9.<\/p>\n\n\n\n<p>Ainsi, fort du succ\u00e8s rencontr\u00e9 et de la confiance que lui accordent ses clients dans le monde entier, le Groupe PROTEM est aujourd\u2019hui fier de sa position de leader mondial sur le march\u00e9 de la machine-outil portative d\u2019usinage.<\/p>\n\n\n\n<figure class=\"wp-block-image size-large\"><img loading=\"lazy\" decoding=\"async\" width=\"1024\" height=\"682\" src=\"http:\/\/www.ultimaster.com\/wp-content\/uploads\/2022\/07\/shutterstock_66860575-1024x682.jpg\" alt=\"\" class=\"wp-image-444\" srcset=\"https:\/\/www.ultimaster.com\/wp-content\/uploads\/2022\/07\/shutterstock_66860575-1024x682.jpg 1024w, https:\/\/www.ultimaster.com\/wp-content\/uploads\/2022\/07\/shutterstock_66860575-300x200.jpg 300w, https:\/\/www.ultimaster.com\/wp-content\/uploads\/2022\/07\/shutterstock_66860575-768x512.jpg 768w, https:\/\/www.ultimaster.com\/wp-content\/uploads\/2022\/07\/shutterstock_66860575-1536x1024.jpg 1536w, https:\/\/www.ultimaster.com\/wp-content\/uploads\/2022\/07\/shutterstock_66860575-2048x1365.jpg 2048w, https:\/\/www.ultimaster.com\/wp-content\/uploads\/2022\/07\/shutterstock_66860575-2000x1333.jpg 2000w\" sizes=\"auto, (max-width: 1024px) 100vw, 1024px\" \/><\/figure>\n","protected":false},"excerpt":{"rendered":"<p>Le Groupe PROTEM a par ailleurs lanc\u00e9 sur le march\u00e9 sa marque\u00a0ULTIMASTER\u00a0afin de proposer des gammes compl\u00e8tes de machines de coupe orbitale de tubes d\u00e9di\u00e9es aux travaux portant sur des tubes de fines \u00e9paisseurs. PROTEM is a company which specializes in the study, conception and manufacturing of portable machines for construction, maintenance, repair, and dismantling &hellip; <\/p>\n<p class=\"link-more\"><a href=\"https:\/\/www.ultimaster.com\/index.php\/fr\/ultimaster-fr\/le-groupe\/\" class=\"more-link\">Read more<span class=\"screen-reader-text\"> &#8220;Le Groupe&#8221;<\/span><\/a><\/p>\n","protected":false},"author":2,"featured_media":0,"parent":278,"menu_order":0,"comment_status":"closed","ping_status":"closed","template":"","meta":{"footnotes":""},"class_list":["post-447","page","type-page","status-publish","hentry"],"_links":{"self":[{"href":"https:\/\/www.ultimaster.com\/index.php\/wp-json\/wp\/v2\/pages\/447","targetHints":{"allow":["GET"]}}],"collection":[{"href":"https:\/\/www.ultimaster.com\/index.php\/wp-json\/wp\/v2\/pages"}],"about":[{"href":"https:\/\/www.ultimaster.com\/index.php\/wp-json\/wp\/v2\/types\/page"}],"author":[{"embeddable":true,"href":"https:\/\/www.ultimaster.com\/index.php\/wp-json\/wp\/v2\/users\/2"}],"replies":[{"embeddable":true,"href":"https:\/\/www.ultimaster.com\/index.php\/wp-json\/wp\/v2\/comments?post=447"}],"version-history":[{"count":1,"href":"https:\/\/www.ultimaster.com\/index.php\/wp-json\/wp\/v2\/pages\/447\/revisions"}],"predecessor-version":[{"id":448,"href":"https:\/\/www.ultimaster.com\/index.php\/wp-json\/wp\/v2\/pages\/447\/revisions\/448"}],"up":[{"embeddable":true,"href":"https:\/\/www.ultimaster.com\/index.php\/wp-json\/wp\/v2\/pages\/278"}],"wp:attachment":[{"href":"https:\/\/www.ultimaster.com\/index.php\/wp-json\/wp\/v2\/media?parent=447"}],"curies":[{"name":"wp","href":"https:\/\/api.w.org\/{rel}","templated":true}]}}