{"id":449,"date":"2022-07-06T15:21:12","date_gmt":"2022-07-06T14:21:12","guid":{"rendered":"http:\/\/www.ultimaster.com\/?page_id=449"},"modified":"2022-07-06T15:21:13","modified_gmt":"2022-07-06T14:21:13","slug":"die-gruppe","status":"publish","type":"page","link":"https:\/\/www.ultimaster.com\/index.php\/de\/ultimaster-de\/die-gruppe\/","title":{"rendered":"Die Gruppe"},"content":{"rendered":"\n<p>Die PROTEM-Gruppe hat die Marke ULTIMASTER ins Leben gerufen, um ein komplettes Sortiment an Orbitalen Rohrs\u00e4gen und Plandrehmaschinen f\u00fcr Rohre mit d\u00fcnnen Wandst\u00e4rken anzubieten.<\/p>\n\n\n\n<p>PROTEM ist ein Unternehmen, das sich auf die Untersuchung, Konzeption und Herstellung von tragbaren Maschinen f\u00fcr die Konstruktion, Wartung, Reparatur und Demontage von Rohren spezialisiert hat. Die PROTEM-Bearbeitungsanwendungen sind vielf\u00e4ltig und reichen vom Orbitalschneiden, Trennen, Anfasen, Abschr\u00e4gen, Plandrehen, Oberfl\u00e4chenbearbeitung und Bohren bis hin zum Schneiden von W\u00e4rmetauscherrohren auf verschiedene L\u00e4ngen, Entfernen von Schwei\u00dfverbindungen, Auswechseln von Dampferzeugern usw.<\/p>\n\n\n\n<p>SERCO ist ein Unternehmen, das sich auf die Untersuchung, Konzeption und Herstellung von mobilen Bearbeitungseinheiten spezialisiert hat. SERCO zeichnet sich dadurch aus, dass es in der Lage ist, Ger\u00e4te zu entwickeln und herzustellen, deren Komponenten es dem Maschinenbediener erm\u00f6glichen, eine perfekte Verankerung der Maschine auf Flanschen und Ventilen zu erreichen. Dies erm\u00f6glicht eine hochpr\u00e4zise Bearbeitung mit einer Genauigkeit von bis zu 0,001 mm. SERCO gilt weltweit als einziger Hersteller, der Maschinen mit einer unabh\u00e4ngigen Einstellung von Zentrierung und Flachheit anbietet. Dar\u00fcber hinaus sind die mobilen Bearbeitungseinheiten von SERCO speziell f\u00fcr den Einsatz in engen R\u00e4umen und anspruchsvollen Umgebungen konzipiert.<\/p>\n\n\n\n<p>Gemeinsam bieten PROTEM, SERCO und ULTIMASTER eine breite Palette von Rohrbearbeitungsmaschinen und Dienstleistungen an, die sich f\u00fcr alle Bearbeitungs- und Schwei\u00dfvorbereitungsarbeiten an rohrf\u00f6rmigen Bauteilen, Kessel- und W\u00e4rmetauscherrohren, f\u00fcr den Austausch von Dampferzeugern, f\u00fcr die Bearbeitung von Flanschen und Ventilen sowie f\u00fcr die Demontage von inneren Teilen von Kernreaktoren und Nuklearbeh\u00e4ltern hervorragend erg\u00e4nzen.<\/p>\n\n\n\n<p>Dank ihrer leistungsstarken technischen und menschlichen Ressourcen ist die PROTEM-Gruppe in der Lage, tragbare und transportable Maschinen sowie Maschinen herzustellen, die speziell f\u00fcr die Anforderungen von Kunden aus zahlreichen T\u00e4tigkeitsbereichen wie Energie (Kernkraft, \u00d6l und Gas, Kessel, erneuerbare Energien), Rohr- und Ventilherstellung, Schwei\u00dfen, Schiffbau, Chemie, Luft- und Raumfahrt und hochreine Industrien (Pharmazie, Halbleiter, Lebensmittel, wei\u00dfe R\u00e4ume\u2026) konzipiert sind.<\/p>\n\n\n\n<p>Seit mehr als 50 Jahren beweist die PROTEM-Gruppe ihre Flexibilit\u00e4t, ihr Reaktionsverm\u00f6gen und ihre F\u00e4higkeit, sich an komplexe Situationen anzupassen. Dadurch hat sich die PROTEM-Gruppe weltweit als f\u00fchrender Hersteller etabliert, dessen Maschinen an gro\u00dfen Industrieprojekten beteiligt waren<\/p>\n\n\n\n<p>Innovation, h\u00f6chste Qualit\u00e4t und Zuverl\u00e4ssigkeit sind konstante Ziele f\u00fcr die PROTEM-Gruppe, die es ihr erm\u00f6glichen, die Bed\u00fcrfnisse und Erwartungen der Kunden und Partner zu erf\u00fcllen.<\/p>\n\n\n\n<p>Dank ihres Erfolges und des Vertrauens, das die Kunden auf der ganzen Welt in sie setzen, ist die PROTEM-Gruppe stolz auf ihre Position als Weltmarktf\u00fchrer im Bereich der tragbaren Rohrbearbeitungsmaschinen.<\/p>\n\n\n\n<figure class=\"wp-block-image size-large\"><img loading=\"lazy\" decoding=\"async\" width=\"1024\" height=\"682\" src=\"http:\/\/www.ultimaster.com\/wp-content\/uploads\/2022\/07\/shutterstock_66860575-1024x682.jpg\" alt=\"\" class=\"wp-image-444\" srcset=\"https:\/\/www.ultimaster.com\/wp-content\/uploads\/2022\/07\/shutterstock_66860575-1024x682.jpg 1024w, https:\/\/www.ultimaster.com\/wp-content\/uploads\/2022\/07\/shutterstock_66860575-300x200.jpg 300w, https:\/\/www.ultimaster.com\/wp-content\/uploads\/2022\/07\/shutterstock_66860575-768x512.jpg 768w, https:\/\/www.ultimaster.com\/wp-content\/uploads\/2022\/07\/shutterstock_66860575-1536x1024.jpg 1536w, https:\/\/www.ultimaster.com\/wp-content\/uploads\/2022\/07\/shutterstock_66860575-2048x1365.jpg 2048w, https:\/\/www.ultimaster.com\/wp-content\/uploads\/2022\/07\/shutterstock_66860575-2000x1333.jpg 2000w\" sizes=\"auto, (max-width: 1024px) 100vw, 1024px\" \/><\/figure>\n","protected":false},"excerpt":{"rendered":"<p>Die PROTEM-Gruppe hat die Marke ULTIMASTER ins Leben gerufen, um ein komplettes Sortiment an Orbitalen Rohrs\u00e4gen und Plandrehmaschinen f\u00fcr Rohre mit d\u00fcnnen Wandst\u00e4rken anzubieten. PROTEM ist ein Unternehmen, das sich auf die Untersuchung, Konzeption und Herstellung von tragbaren Maschinen f\u00fcr die Konstruktion, Wartung, Reparatur und Demontage von Rohren spezialisiert hat. Die PROTEM-Bearbeitungsanwendungen sind vielf\u00e4ltig und &hellip; <\/p>\n<p class=\"link-more\"><a href=\"https:\/\/www.ultimaster.com\/index.php\/de\/ultimaster-de\/die-gruppe\/\" class=\"more-link\">Read more<span class=\"screen-reader-text\"> &#8220;Die Gruppe&#8221;<\/span><\/a><\/p>\n","protected":false},"author":2,"featured_media":0,"parent":277,"menu_order":0,"comment_status":"closed","ping_status":"closed","template":"","meta":{"footnotes":""},"class_list":["post-449","page","type-page","status-publish","hentry"],"_links":{"self":[{"href":"https:\/\/www.ultimaster.com\/index.php\/wp-json\/wp\/v2\/pages\/449","targetHints":{"allow":["GET"]}}],"collection":[{"href":"https:\/\/www.ultimaster.com\/index.php\/wp-json\/wp\/v2\/pages"}],"about":[{"href":"https:\/\/www.ultimaster.com\/index.php\/wp-json\/wp\/v2\/types\/page"}],"author":[{"embeddable":true,"href":"https:\/\/www.ultimaster.com\/index.php\/wp-json\/wp\/v2\/users\/2"}],"replies":[{"embeddable":true,"href":"https:\/\/www.ultimaster.com\/index.php\/wp-json\/wp\/v2\/comments?post=449"}],"version-history":[{"count":1,"href":"https:\/\/www.ultimaster.com\/index.php\/wp-json\/wp\/v2\/pages\/449\/revisions"}],"predecessor-version":[{"id":450,"href":"https:\/\/www.ultimaster.com\/index.php\/wp-json\/wp\/v2\/pages\/449\/revisions\/450"}],"up":[{"embeddable":true,"href":"https:\/\/www.ultimaster.com\/index.php\/wp-json\/wp\/v2\/pages\/277"}],"wp:attachment":[{"href":"https:\/\/www.ultimaster.com\/index.php\/wp-json\/wp\/v2\/media?parent=449"}],"curies":[{"name":"wp","href":"https:\/\/api.w.org\/{rel}","templated":true}]}}