{"id":469,"date":"2022-07-07T08:04:05","date_gmt":"2022-07-07T07:04:05","guid":{"rendered":"http:\/\/www.ultimaster.com\/?page_id=469"},"modified":"2022-07-07T10:40:06","modified_gmt":"2022-07-07T09:40:06","slug":"inbetriebnahme","status":"publish","type":"page","link":"https:\/\/www.ultimaster.com\/index.php\/de\/kundendienst-support\/inbetriebnahme\/","title":{"rendered":"Inbetriebnahme"},"content":{"rendered":"\n<p>Durch seine \u00fcber 50-j\u00e4hrige Erfahrung kann sich ULTIMASTER allen Situationen anpassen und Sie bei Ihren Industrieprojekten weltweit betreuen.<br>Ausgehend von der Planung, \u00fcber Fertigung, Montage und Inbetriebnahme gew\u00e4hrleisten die Techniker von ULTIMASTER die Inbetriebnahme und den Einbau Ihrer Anlagen, damit Ihre Produktivit\u00e4t entscheidend gesteigert werden kann.<br>Unsere Teams verf\u00fcgen \u00fcber alle Zulassungen und Kompetenzen, um die ULTIMASTER-Maschinen unter allen Bedingungen und in jeder Umgebung (strahlengef\u00e4hrdete Zonen, extreme Temperaturen, salzhaltige Umgebungen&#8230;.) in Betrieb zu nehmen und anzuwenden.<br>Ihre Mitarbeiter k\u00f6nnen sich von unseren Technikern schulen lassen, damit auch sie unter optimalen und sicheren Bedingungen die Leistung Ihrer Anlagen voll nutzen k\u00f6nnen.<\/p>\n\n\n\n<figure class=\"wp-block-image size-large\"><img loading=\"lazy\" decoding=\"async\" width=\"1024\" height=\"682\" src=\"http:\/\/www.ultimaster.com\/wp-content\/uploads\/2022\/07\/INDUSTRY-people-7-1024x682.jpg\" alt=\"\" class=\"wp-image-465\" srcset=\"https:\/\/www.ultimaster.com\/wp-content\/uploads\/2022\/07\/INDUSTRY-people-7-1024x682.jpg 1024w, https:\/\/www.ultimaster.com\/wp-content\/uploads\/2022\/07\/INDUSTRY-people-7-300x200.jpg 300w, https:\/\/www.ultimaster.com\/wp-content\/uploads\/2022\/07\/INDUSTRY-people-7-768x512.jpg 768w, https:\/\/www.ultimaster.com\/wp-content\/uploads\/2022\/07\/INDUSTRY-people-7-1536x1023.jpg 1536w, https:\/\/www.ultimaster.com\/wp-content\/uploads\/2022\/07\/INDUSTRY-people-7.jpg 1698w\" sizes=\"auto, (max-width: 1024px) 100vw, 1024px\" \/><\/figure>\n","protected":false},"excerpt":{"rendered":"<p>Durch seine \u00fcber 50-j\u00e4hrige Erfahrung kann sich ULTIMASTER allen Situationen anpassen und Sie bei Ihren Industrieprojekten weltweit betreuen.Ausgehend von der Planung, \u00fcber Fertigung, Montage und Inbetriebnahme gew\u00e4hrleisten die Techniker von ULTIMASTER die Inbetriebnahme und den Einbau Ihrer Anlagen, damit Ihre Produktivit\u00e4t entscheidend gesteigert werden kann.Unsere Teams verf\u00fcgen \u00fcber alle Zulassungen und Kompetenzen, um die ULTIMASTER-Maschinen &hellip; <\/p>\n<p class=\"link-more\"><a href=\"https:\/\/www.ultimaster.com\/index.php\/de\/kundendienst-support\/inbetriebnahme\/\" class=\"more-link\">Read more<span class=\"screen-reader-text\"> &#8220;Inbetriebnahme&#8221;<\/span><\/a><\/p>\n","protected":false},"author":2,"featured_media":0,"parent":454,"menu_order":0,"comment_status":"closed","ping_status":"closed","template":"","meta":{"footnotes":""},"class_list":["post-469","page","type-page","status-publish","hentry"],"_links":{"self":[{"href":"https:\/\/www.ultimaster.com\/index.php\/wp-json\/wp\/v2\/pages\/469","targetHints":{"allow":["GET"]}}],"collection":[{"href":"https:\/\/www.ultimaster.com\/index.php\/wp-json\/wp\/v2\/pages"}],"about":[{"href":"https:\/\/www.ultimaster.com\/index.php\/wp-json\/wp\/v2\/types\/page"}],"author":[{"embeddable":true,"href":"https:\/\/www.ultimaster.com\/index.php\/wp-json\/wp\/v2\/users\/2"}],"replies":[{"embeddable":true,"href":"https:\/\/www.ultimaster.com\/index.php\/wp-json\/wp\/v2\/comments?post=469"}],"version-history":[{"count":1,"href":"https:\/\/www.ultimaster.com\/index.php\/wp-json\/wp\/v2\/pages\/469\/revisions"}],"predecessor-version":[{"id":470,"href":"https:\/\/www.ultimaster.com\/index.php\/wp-json\/wp\/v2\/pages\/469\/revisions\/470"}],"up":[{"embeddable":true,"href":"https:\/\/www.ultimaster.com\/index.php\/wp-json\/wp\/v2\/pages\/454"}],"wp:attachment":[{"href":"https:\/\/www.ultimaster.com\/index.php\/wp-json\/wp\/v2\/media?parent=469"}],"curies":[{"name":"wp","href":"https:\/\/api.w.org\/{rel}","templated":true}]}}