{"id":475,"date":"2022-07-07T08:36:18","date_gmt":"2022-07-07T07:36:18","guid":{"rendered":"http:\/\/www.ultimaster.com\/?page_id=475"},"modified":"2022-07-07T10:47:39","modified_gmt":"2022-07-07T09:47:39","slug":"maintenance-et-reparation","status":"publish","type":"page","link":"https:\/\/www.ultimaster.com\/index.php\/fr\/services-supports-2\/maintenance-et-reparation\/","title":{"rendered":"Maintenance et r\u00e9paration"},"content":{"rendered":"\n<p>ULTIMASTER accompagne votre projet tout au long de son d\u00e9roulement.<\/p>\n\n\n\n<p>Dans le cadre de la maintenance de vos \u00e9quipements, nos ing\u00e9nieurs et techniciens sont \u00e0 votre service pour :<\/p>\n\n\n\n<ul class=\"wp-block-list\"><li>Vous proposer des contrats de maintenance stipulant notamment que nos ing\u00e9nieurs et techniciens seront d\u00e9l\u00e9gu\u00e9s sur votre site 1 voire plusieurs fois par an<\/li><li>Service apr\u00e8s vente interactif au moyen de visioconf\u00e9rences permettant de r\u00e9pondre aux questions de vos op\u00e9rateurs : r\u00e9glages, changement outils, interchangeabilit\u00e9 des moteurs, remplacement des pi\u00e8ces d\u00b4usure<\/li><li>Renouvellement de formations maintenance pour les op\u00e9rateurs<\/li><li>Sensibilisation aux enjeux de la maintenance pr\u00e9ventive et curative sur site ou en atelier<\/li><li>Diagnostics en ligne<\/li><\/ul>\n\n\n\n<p>Nous sommes en capacit\u00e9 d&#8217;assurer la maintenance des machines Tritool, DWT, Orbitalum, Axxair, E.H. Wachs, TAG, etc.<\/p>\n\n\n\n<figure class=\"wp-block-image size-large\"><img loading=\"lazy\" decoding=\"async\" width=\"1024\" height=\"768\" src=\"http:\/\/www.ultimaster.com\/wp-content\/uploads\/2022\/07\/INDUSTRY-people-service-after-sales-service-1024x768.jpg\" alt=\"\" class=\"wp-image-473\" srcset=\"https:\/\/www.ultimaster.com\/wp-content\/uploads\/2022\/07\/INDUSTRY-people-service-after-sales-service-1024x768.jpg 1024w, https:\/\/www.ultimaster.com\/wp-content\/uploads\/2022\/07\/INDUSTRY-people-service-after-sales-service-300x225.jpg 300w, https:\/\/www.ultimaster.com\/wp-content\/uploads\/2022\/07\/INDUSTRY-people-service-after-sales-service-768x576.jpg 768w, https:\/\/www.ultimaster.com\/wp-content\/uploads\/2022\/07\/INDUSTRY-people-service-after-sales-service-1536x1152.jpg 1536w, https:\/\/www.ultimaster.com\/wp-content\/uploads\/2022\/07\/INDUSTRY-people-service-after-sales-service-2048x1536.jpg 2048w, https:\/\/www.ultimaster.com\/wp-content\/uploads\/2022\/07\/INDUSTRY-people-service-after-sales-service-2000x1500.jpg 2000w\" sizes=\"auto, (max-width: 1024px) 100vw, 1024px\" \/><\/figure>\n","protected":false},"excerpt":{"rendered":"<p>ULTIMASTER accompagne votre projet tout au long de son d\u00e9roulement. Dans le cadre de la maintenance de vos \u00e9quipements, nos ing\u00e9nieurs et techniciens sont \u00e0 votre service pour : Vous proposer des contrats de maintenance stipulant notamment que nos ing\u00e9nieurs et techniciens seront d\u00e9l\u00e9gu\u00e9s sur votre site 1 voire plusieurs fois par an Service apr\u00e8s &hellip; <\/p>\n<p class=\"link-more\"><a href=\"https:\/\/www.ultimaster.com\/index.php\/fr\/services-supports-2\/maintenance-et-reparation\/\" class=\"more-link\">Read more<span class=\"screen-reader-text\"> &#8220;Maintenance et r\u00e9paration&#8221;<\/span><\/a><\/p>\n","protected":false},"author":2,"featured_media":0,"parent":456,"menu_order":0,"comment_status":"closed","ping_status":"closed","template":"","meta":{"footnotes":""},"class_list":["post-475","page","type-page","status-publish","hentry"],"_links":{"self":[{"href":"https:\/\/www.ultimaster.com\/index.php\/wp-json\/wp\/v2\/pages\/475","targetHints":{"allow":["GET"]}}],"collection":[{"href":"https:\/\/www.ultimaster.com\/index.php\/wp-json\/wp\/v2\/pages"}],"about":[{"href":"https:\/\/www.ultimaster.com\/index.php\/wp-json\/wp\/v2\/types\/page"}],"author":[{"embeddable":true,"href":"https:\/\/www.ultimaster.com\/index.php\/wp-json\/wp\/v2\/users\/2"}],"replies":[{"embeddable":true,"href":"https:\/\/www.ultimaster.com\/index.php\/wp-json\/wp\/v2\/comments?post=475"}],"version-history":[{"count":1,"href":"https:\/\/www.ultimaster.com\/index.php\/wp-json\/wp\/v2\/pages\/475\/revisions"}],"predecessor-version":[{"id":476,"href":"https:\/\/www.ultimaster.com\/index.php\/wp-json\/wp\/v2\/pages\/475\/revisions\/476"}],"up":[{"embeddable":true,"href":"https:\/\/www.ultimaster.com\/index.php\/wp-json\/wp\/v2\/pages\/456"}],"wp:attachment":[{"href":"https:\/\/www.ultimaster.com\/index.php\/wp-json\/wp\/v2\/media?parent=475"}],"curies":[{"name":"wp","href":"https:\/\/api.w.org\/{rel}","templated":true}]}}