{"id":484,"date":"2022-07-07T09:39:36","date_gmt":"2022-07-07T08:39:36","guid":{"rendered":"http:\/\/www.ultimaster.com\/?page_id=484"},"modified":"2022-07-07T10:39:57","modified_gmt":"2022-07-07T09:39:57","slug":"demos-produits","status":"publish","type":"page","link":"https:\/\/www.ultimaster.com\/index.php\/fr\/services-supports-2\/demos-produits\/","title":{"rendered":"D\u00e9mos produits"},"content":{"rendered":"\n<p>Nos ing\u00e9nieurs et techniciens se d\u00e9placent dans le monde entier. Nous sommes pr\u00e9sents sur plusieurs salons chaque ann\u00e9e. Consultez nous si vous souhaitez assister \u00e0 une d\u00e9monstration de nos machines d\u00b4usinage.<\/p>\n\n\n\n<figure class=\"wp-block-image size-large\"><img loading=\"lazy\" decoding=\"async\" width=\"1024\" height=\"931\" src=\"http:\/\/www.ultimaster.com\/wp-content\/uploads\/2022\/07\/INDUSTRY-trainings-1024x931.jpg\" alt=\"\" class=\"wp-image-480\" srcset=\"https:\/\/www.ultimaster.com\/wp-content\/uploads\/2022\/07\/INDUSTRY-trainings-1024x931.jpg 1024w, https:\/\/www.ultimaster.com\/wp-content\/uploads\/2022\/07\/INDUSTRY-trainings-300x273.jpg 300w, https:\/\/www.ultimaster.com\/wp-content\/uploads\/2022\/07\/INDUSTRY-trainings-768x698.jpg 768w, https:\/\/www.ultimaster.com\/wp-content\/uploads\/2022\/07\/INDUSTRY-trainings-1536x1396.jpg 1536w, https:\/\/www.ultimaster.com\/wp-content\/uploads\/2022\/07\/INDUSTRY-trainings-2048x1862.jpg 2048w, https:\/\/www.ultimaster.com\/wp-content\/uploads\/2022\/07\/INDUSTRY-trainings-2000x1818.jpg 2000w\" sizes=\"auto, (max-width: 1024px) 100vw, 1024px\" \/><\/figure>\n","protected":false},"excerpt":{"rendered":"<p>Nos ing\u00e9nieurs et techniciens se d\u00e9placent dans le monde entier. Nous sommes pr\u00e9sents sur plusieurs salons chaque ann\u00e9e. Consultez nous si vous souhaitez assister \u00e0 une d\u00e9monstration de nos machines d\u00b4usinage.<\/p>\n","protected":false},"author":2,"featured_media":0,"parent":456,"menu_order":0,"comment_status":"closed","ping_status":"closed","template":"","meta":{"footnotes":""},"class_list":["post-484","page","type-page","status-publish","hentry"],"_links":{"self":[{"href":"https:\/\/www.ultimaster.com\/index.php\/wp-json\/wp\/v2\/pages\/484","targetHints":{"allow":["GET"]}}],"collection":[{"href":"https:\/\/www.ultimaster.com\/index.php\/wp-json\/wp\/v2\/pages"}],"about":[{"href":"https:\/\/www.ultimaster.com\/index.php\/wp-json\/wp\/v2\/types\/page"}],"author":[{"embeddable":true,"href":"https:\/\/www.ultimaster.com\/index.php\/wp-json\/wp\/v2\/users\/2"}],"replies":[{"embeddable":true,"href":"https:\/\/www.ultimaster.com\/index.php\/wp-json\/wp\/v2\/comments?post=484"}],"version-history":[{"count":1,"href":"https:\/\/www.ultimaster.com\/index.php\/wp-json\/wp\/v2\/pages\/484\/revisions"}],"predecessor-version":[{"id":485,"href":"https:\/\/www.ultimaster.com\/index.php\/wp-json\/wp\/v2\/pages\/484\/revisions\/485"}],"up":[{"embeddable":true,"href":"https:\/\/www.ultimaster.com\/index.php\/wp-json\/wp\/v2\/pages\/456"}],"wp:attachment":[{"href":"https:\/\/www.ultimaster.com\/index.php\/wp-json\/wp\/v2\/media?parent=484"}],"curies":[{"name":"wp","href":"https:\/\/api.w.org\/{rel}","templated":true}]}}