{"id":489,"date":"2022-07-07T10:15:27","date_gmt":"2022-07-07T09:15:27","guid":{"rendered":"http:\/\/www.ultimaster.com\/?page_id=489"},"modified":"2022-07-07T10:48:36","modified_gmt":"2022-07-07T09:48:36","slug":"technische-unterstutzung","status":"publish","type":"page","link":"https:\/\/www.ultimaster.com\/index.php\/de\/kundendienst-support\/technische-unterstutzung\/","title":{"rendered":"Technische Unterst\u00fctzung"},"content":{"rendered":"\n<p>Durch seinen kompetenten technischen Dienst kann\u00a0ULTIMASTER schnell und professionell auf Ihre Anforderungen eingehen. Egal, ob Sie telefonisch eine technische Unterst\u00fctzung brauchen oder direkt vor Ort, wir sind immer f\u00fcr Sie da, um auf Fragen zur Anwendung unserer Systeme, zur Wartung, zu Anpassungsm\u00f6glichkeiten von Zubeh\u00f6r usw. zu antworten&#8230;.<\/p>\n\n\n\n<figure class=\"wp-block-image size-large\"><img loading=\"lazy\" decoding=\"async\" width=\"1024\" height=\"653\" src=\"http:\/\/www.ultimaster.com\/wp-content\/uploads\/2022\/07\/INDUSTRY-people-1024x653.jpg\" alt=\"\" class=\"wp-image-487\" srcset=\"https:\/\/www.ultimaster.com\/wp-content\/uploads\/2022\/07\/INDUSTRY-people-1024x653.jpg 1024w, https:\/\/www.ultimaster.com\/wp-content\/uploads\/2022\/07\/INDUSTRY-people-300x191.jpg 300w, https:\/\/www.ultimaster.com\/wp-content\/uploads\/2022\/07\/INDUSTRY-people-768x489.jpg 768w, https:\/\/www.ultimaster.com\/wp-content\/uploads\/2022\/07\/INDUSTRY-people-1536x979.jpg 1536w, https:\/\/www.ultimaster.com\/wp-content\/uploads\/2022\/07\/INDUSTRY-people-2048x1305.jpg 2048w, https:\/\/www.ultimaster.com\/wp-content\/uploads\/2022\/07\/INDUSTRY-people-2000x1274.jpg 2000w\" sizes=\"auto, (max-width: 1024px) 100vw, 1024px\" \/><\/figure>\n","protected":false},"excerpt":{"rendered":"<p>Durch seinen kompetenten technischen Dienst kann\u00a0ULTIMASTER schnell und professionell auf Ihre Anforderungen eingehen. Egal, ob Sie telefonisch eine technische Unterst\u00fctzung brauchen oder direkt vor Ort, wir sind immer f\u00fcr Sie da, um auf Fragen zur Anwendung unserer Systeme, zur Wartung, zu Anpassungsm\u00f6glichkeiten von Zubeh\u00f6r usw. zu antworten&#8230;.<\/p>\n","protected":false},"author":2,"featured_media":0,"parent":454,"menu_order":0,"comment_status":"closed","ping_status":"closed","template":"","meta":{"footnotes":""},"class_list":["post-489","page","type-page","status-publish","hentry"],"_links":{"self":[{"href":"https:\/\/www.ultimaster.com\/index.php\/wp-json\/wp\/v2\/pages\/489","targetHints":{"allow":["GET"]}}],"collection":[{"href":"https:\/\/www.ultimaster.com\/index.php\/wp-json\/wp\/v2\/pages"}],"about":[{"href":"https:\/\/www.ultimaster.com\/index.php\/wp-json\/wp\/v2\/types\/page"}],"author":[{"embeddable":true,"href":"https:\/\/www.ultimaster.com\/index.php\/wp-json\/wp\/v2\/users\/2"}],"replies":[{"embeddable":true,"href":"https:\/\/www.ultimaster.com\/index.php\/wp-json\/wp\/v2\/comments?post=489"}],"version-history":[{"count":1,"href":"https:\/\/www.ultimaster.com\/index.php\/wp-json\/wp\/v2\/pages\/489\/revisions"}],"predecessor-version":[{"id":490,"href":"https:\/\/www.ultimaster.com\/index.php\/wp-json\/wp\/v2\/pages\/489\/revisions\/490"}],"up":[{"embeddable":true,"href":"https:\/\/www.ultimaster.com\/index.php\/wp-json\/wp\/v2\/pages\/454"}],"wp:attachment":[{"href":"https:\/\/www.ultimaster.com\/index.php\/wp-json\/wp\/v2\/media?parent=489"}],"curies":[{"name":"wp","href":"https:\/\/api.w.org\/{rel}","templated":true}]}}