{"id":491,"date":"2022-07-07T10:16:10","date_gmt":"2022-07-07T09:16:10","guid":{"rendered":"http:\/\/www.ultimaster.com\/?page_id=491"},"modified":"2022-07-07T10:39:40","modified_gmt":"2022-07-07T09:39:40","slug":"assistance-technique","status":"publish","type":"page","link":"https:\/\/www.ultimaster.com\/index.php\/fr\/services-supports-2\/assistance-technique\/","title":{"rendered":"Assistance Technique"},"content":{"rendered":"\n<p>Gr\u00e2ce \u00e0 son service technique,\u00a0ULTIMASTER\u200b r\u00e9pond \u00e0 vos attentes en termes de r\u00e9activit\u00e9 et de professionnalisme. Que ce soit pour une assistance technique par t\u00e9l\u00e9phone ou une assistance sur site, nous sommes \u00e0 votre disposition pour r\u00e9pondre \u00e0 toutes vos questions concernant l\u00b4utilisation de nos \u00e9quipements, leur maintenance, la possibilit\u00e9 d\u00b4adaptation d\u00b4accessoires divers\u2026<\/p>\n\n\n\n<figure class=\"wp-block-image size-large\"><img loading=\"lazy\" decoding=\"async\" width=\"1024\" height=\"653\" src=\"http:\/\/www.ultimaster.com\/wp-content\/uploads\/2022\/07\/INDUSTRY-people-1024x653.jpg\" alt=\"\" class=\"wp-image-487\" srcset=\"https:\/\/www.ultimaster.com\/wp-content\/uploads\/2022\/07\/INDUSTRY-people-1024x653.jpg 1024w, https:\/\/www.ultimaster.com\/wp-content\/uploads\/2022\/07\/INDUSTRY-people-300x191.jpg 300w, https:\/\/www.ultimaster.com\/wp-content\/uploads\/2022\/07\/INDUSTRY-people-768x489.jpg 768w, https:\/\/www.ultimaster.com\/wp-content\/uploads\/2022\/07\/INDUSTRY-people-1536x979.jpg 1536w, https:\/\/www.ultimaster.com\/wp-content\/uploads\/2022\/07\/INDUSTRY-people-2048x1305.jpg 2048w, https:\/\/www.ultimaster.com\/wp-content\/uploads\/2022\/07\/INDUSTRY-people-2000x1274.jpg 2000w\" sizes=\"auto, (max-width: 1024px) 100vw, 1024px\" \/><\/figure>\n","protected":false},"excerpt":{"rendered":"<p>Gr\u00e2ce \u00e0 son service technique,\u00a0ULTIMASTER\u200b r\u00e9pond \u00e0 vos attentes en termes de r\u00e9activit\u00e9 et de professionnalisme. Que ce soit pour une assistance technique par t\u00e9l\u00e9phone ou une assistance sur site, nous sommes \u00e0 votre disposition pour r\u00e9pondre \u00e0 toutes vos questions concernant l\u00b4utilisation de nos \u00e9quipements, leur maintenance, la possibilit\u00e9 d\u00b4adaptation d\u00b4accessoires divers\u2026<\/p>\n","protected":false},"author":2,"featured_media":0,"parent":456,"menu_order":0,"comment_status":"closed","ping_status":"closed","template":"","meta":{"footnotes":""},"class_list":["post-491","page","type-page","status-publish","hentry"],"_links":{"self":[{"href":"https:\/\/www.ultimaster.com\/index.php\/wp-json\/wp\/v2\/pages\/491","targetHints":{"allow":["GET"]}}],"collection":[{"href":"https:\/\/www.ultimaster.com\/index.php\/wp-json\/wp\/v2\/pages"}],"about":[{"href":"https:\/\/www.ultimaster.com\/index.php\/wp-json\/wp\/v2\/types\/page"}],"author":[{"embeddable":true,"href":"https:\/\/www.ultimaster.com\/index.php\/wp-json\/wp\/v2\/users\/2"}],"replies":[{"embeddable":true,"href":"https:\/\/www.ultimaster.com\/index.php\/wp-json\/wp\/v2\/comments?post=491"}],"version-history":[{"count":1,"href":"https:\/\/www.ultimaster.com\/index.php\/wp-json\/wp\/v2\/pages\/491\/revisions"}],"predecessor-version":[{"id":492,"href":"https:\/\/www.ultimaster.com\/index.php\/wp-json\/wp\/v2\/pages\/491\/revisions\/492"}],"up":[{"embeddable":true,"href":"https:\/\/www.ultimaster.com\/index.php\/wp-json\/wp\/v2\/pages\/456"}],"wp:attachment":[{"href":"https:\/\/www.ultimaster.com\/index.php\/wp-json\/wp\/v2\/media?parent=491"}],"curies":[{"name":"wp","href":"https:\/\/api.w.org\/{rel}","templated":true}]}}